{"id":3338,"date":"2020-06-17T17:15:44","date_gmt":"2020-06-17T15:15:44","guid":{"rendered":"https:\/\/wtz.de\/euk-tagung\/?page_id=3338"},"modified":"2025-01-09T11:04:27","modified_gmt":"2025-01-09T10:04:27","slug":"informationen","status":"publish","type":"page","link":"https:\/\/www.wtz.de\/euk-tagung\/informationen\/","title":{"rendered":"Informationen"},"content":{"rendered":"<div class=\"wpb-content-wrapper\"><p>[vc_row][vc_column][vc_column_text]<span style=\"vertical-align: inherit\">[\/vc_column_text][\/vc_column][\/vc_row][vc_row][vc_column][vc_empty_space height=&#8220;40px&#8220;][\/vc_column][\/vc_row][vc_row full_width=&#8220;stretch_row_content_no_spaces&#8220; equal_height=&#8220;yes&#8220; content_placement=&#8220;middle&#8220; el_class=&#8220;wtz-responsive-indent wtz_row_indent_top&#8211;responsive&#8220; css=&#8220;.vc_custom_1572249612127{background-color: #f1f1f1 !important;}&#8220; el_id=&#8220;fokusthemen&#8220;][vc_column width=&#8220;1\/2&#8243; el_class=&#8220;wtzhalb_text_links&#8220; css=&#8220;.vc_custom_1572251080984{padding-bottom: 40px !important;}&#8220;][vc_column_text el_class=&#8220;wtz_title wtz_head&#8220;]<\/span><\/p>\n<h1 style=\"text-align: left\"><strong>Allgemeine Informationen<\/strong><\/h1>\n<p>[\/vc_column_text][vc_column_text css=&#8220;&#8220; el_class=&#8220;wtz-content&#8220;]Wirksamer Klimaschutz ist eine der gr\u00f6\u00dften globalen Herausforderungen und die nachhaltige Reduktion der umweltsch\u00e4dlichen Treibhausgase, allen voran CO2, eines der Hauptziele. Der Einsatz von klimaneutralen, synthetischen Kraftstoffen, wie Wasserstoff, Methanol und Ammoniak, ist f\u00fcr vielf\u00e4ltige Anwendungen das L\u00f6sungskonzept, um die ambitionierten Reduktionsziele zu erreichen. Dabei kommt der pr\u00e4zisen, zeitgenauen und robusten Einspritzung eine wesentliche Bedeutung zu.<\/p>\n<p>&nbsp;<\/p>\n<p>Um die k\u00fcnftigen Herausforderungen und entsprechenden L\u00f6sungsideen zu diskutieren, laden wir Sie herzlich zur 13. Tagung Einspritzung und Kraftstoffe ein.[\/vc_column_text][\/vc_column][vc_column width=&#8220;1\/2&#8243; el_class=&#8220;wtzhalb_bild&#8220; css=&#8220;.vc_custom_1593127374056{background-image: url(https:\/\/www.wtz.de\/wp-content\/uploads\/sites\/4\/2020\/06\/Programmheft_TEK_Grafik.jpg?id=3497) !important;}&#8220;][\/vc_column][\/vc_row][vc_row][vc_column][vc_empty_space height=&#8220;20px&#8220;][\/vc_column][\/vc_row][vc_row full_width=&#8220;stretch_row&#8220; el_class=&#8220;wtz_row_indent_top&#8220;][vc_column][vc_column_text el_class=&#8220;wtz_title wtz_head&#8220;]<\/p>\n<h2 style=\"text-align: left\"><strong>Allgemeine Informationen zur Tagung<\/strong><\/h2>\n<p>[\/vc_column_text][vc_column_text el_class=&#8220;wtz-content&#8220;]<strong>Pr\u00e4sentation von Themen mit Bezug auf:<\/strong>[\/vc_column_text][vc_column_text css=&#8220;&#8220; el_class=&#8220;wtz_list_blue&#8220;]<\/p>\n<ul>\n<li>Entwicklung sowie Erprobung von Einspritzkomponenten f\u00fcr erneuerbare und konventionelle Kraftstoffe<\/li>\n<li>Neuartige Einspritz- und Z\u00fcndkonzepte<\/li>\n<li>Design-Aspekte und Herausforderungen f\u00fcr die Krafstoffsysteme der Zukunft<\/li>\n<li>Motorische Verbrennung von alternativen Kraftstoffen, z. B. Wasserstiff, Ammoniak, Methanol, LNG, LPG, Biogas etc.<\/li>\n<li>Zuverl\u00e4ssigkeit und Betreibererfahrungen<\/li>\n<li>Simulationsgest\u00fctzte Methoden f\u00fcr zuk\u00fcnftige Einspritztechnologien und Brennverfahren<\/li>\n<\/ul>\n<p>[\/vc_column_text][\/vc_column][\/vc_row][vc_row][vc_column][vc_empty_space height=&#8220;20px&#8220;][\/vc_column][\/vc_row][vc_row full_width=&#8220;stretch_row_content_no_spaces&#8220; equal_height=&#8220;yes&#8220; content_placement=&#8220;middle&#8220; el_class=&#8220;wtz-responsive-indent wtz_row_indent_top&#8211;responsive&#8220; css=&#8220;.vc_custom_1572249612127{background-color: #f1f1f1 !important;}&#8220;][vc_column width=&#8220;1\/2&#8243; el_class=&#8220;wtzhalb_text_links&#8220; css=&#8220;.vc_custom_1572251080984{padding-bottom: 40px !important;}&#8220;][vc_column_text el_class=&#8220;wtz_title wtz_head&#8220;]<\/p>\n<h2 style=\"text-align: left\"><strong>Teilnehmer<\/strong><\/h2>\n<p>[\/vc_column_text][vc_column_text el_class=&#8220;wtz-content&#8220;]Dem Teilnehmerbereich stehen w\u00e4hrend der Tagung Kongressunterlagen (Teilnehmerverzeichnis, Ausstellerliste, Abstracts) zur Verf\u00fcgung.<\/p>\n<p>Ihre Zugangsdaten f\u00fcr den Link zu den Pr\u00e4sentationen erhalten Sie nach der Veranstaltung per E-Mail.[\/vc_column_text][\/vc_column][vc_column width=&#8220;1\/2&#8243; el_class=&#8220;wtzhalb_bild&#8220; css=&#8220;.vc_custom_1660233804063{background-image: url(https:\/\/www.wtz.de\/euk-tagung\/wp-content\/uploads\/sites\/4\/2019\/01\/Tagungsprogramm-Header.jpg?id=1409) !important;}&#8220;][\/vc_column][\/vc_row][vc_row][vc_column][vc_empty_space height=&#8220;60px&#8220;][\/vc_column][\/vc_row]<\/p>\n<\/div>","protected":false},"excerpt":{"rendered":"[vc_row][vc_column][vc_column_text][\/vc_column_text][\/vc_column][\/vc_row][vc_row][vc_column][vc_empty_space height=&#8220;40px&#8220;][\/vc_column][\/vc_row][vc_row full_width=&#8220;stretch_row_content_no_spaces&#8220; equal_height=&#8220;yes&#8220; content_placement=&#8220;middle&#8220; el_class=&#8220;wtz-responsive-indent wtz_row_indent_top&#8211;responsive&#8220; css=&#8220;.vc_custom_1572249612127{background-color: #f1f1f1 !important;}&#8220; el_id=&#8220;fokusthemen&#8220;][vc_column width=&#8220;1\/2&#8243; el_class=&#8220;wtzhalb_text_links&#8220; css=&#8220;.vc_custom_1572251080984{padding-bottom: 40px !important;}&#8220;][vc_column_text el_class=&#8220;wtz_title wtz_head&#8220;] Allgemeine Informationen [\/vc_column_text][vc_column_text css=&#8220;&#8220; el_class=&#8220;wtz-content&#8220;]Wirksamer Klimaschutz ist eine der gr\u00f6\u00dften globalen Herausforderungen und die nachhaltige Reduktion der umweltsch\u00e4dlichen Treibhausgase, allen voran CO2, eines der Hauptziele. Der Einsatz von klimaneutralen, synthetischen Kraftstoffen, wie Wasserstoff, Methanol und Ammoniak, ist&#8230; <p class=\"view-article-wrap\"><a class=\"view-article\" href=\"https:\/\/www.wtz.de\/euk-tagung\/informationen\/\"><span>Artikel ansehen<\/span><\/a><\/p>","protected":false},"author":10,"featured_media":0,"parent":0,"menu_order":0,"comment_status":"closed","ping_status":"closed","template":"","meta":{"_acf_changed":false,"footnotes":""},"class_list":["post-3338","page","type-page","status-publish","hentry"],"yoast_head":"<!-- This site is optimized with the Yoast SEO plugin v27.3 - https:\/\/yoast.com\/product\/yoast-seo-wordpress\/ -->\n<title>Informationen - WTZ EuK Tagung<\/title>\n<meta name=\"robots\" content=\"index, follow, max-snippet:-1, max-image-preview:large, max-video-preview:-1\" \/>\n<link rel=\"canonical\" href=\"https:\/\/www.wtz.de\/euk-tagung\/informationen\/\" \/>\n<meta property=\"og:locale\" content=\"de_DE\" \/>\n<meta property=\"og:type\" content=\"article\" \/>\n<meta property=\"og:title\" content=\"Informationen - WTZ EuK Tagung\" \/>\n<meta property=\"og:description\" content=\"[vc_row][vc_column][vc_column_text][\/vc_column_text][\/vc_column][\/vc_row][vc_row][vc_column][vc_empty_space height=&#8220;40px&#8220;][\/vc_column][\/vc_row][vc_row full_width=&#8220;stretch_row_content_no_spaces&#8220; equal_height=&#8220;yes&#8220; content_placement=&#8220;middle&#8220; el_class=&#8220;wtz-responsive-indent wtz_row_indent_top&#8211;responsive&#8220; css=&#8220;.vc_custom_1572249612127{background-color: #f1f1f1 !important;}&#8220; el_id=&#8220;fokusthemen&#8220;][vc_column width=&#8220;1\/2&#8243; el_class=&#8220;wtzhalb_text_links&#8220; css=&#8220;.vc_custom_1572251080984{padding-bottom: 40px !important;}&#8220;][vc_column_text el_class=&#8220;wtz_title wtz_head&#8220;] Allgemeine Informationen [\/vc_column_text][vc_column_text css=&#8220;&#8220; el_class=&#8220;wtz-content&#8220;]Wirksamer Klimaschutz ist eine der gr\u00f6\u00dften globalen Herausforderungen und die nachhaltige Reduktion der umweltsch\u00e4dlichen Treibhausgase, allen voran CO2, eines der Hauptziele. Der Einsatz von klimaneutralen, synthetischen Kraftstoffen, wie Wasserstoff, Methanol und Ammoniak, ist... Artikel ansehen\" \/>\n<meta property=\"og:url\" content=\"https:\/\/www.wtz.de\/euk-tagung\/informationen\/\" \/>\n<meta property=\"og:site_name\" content=\"WTZ EuK Tagung\" \/>\n<meta property=\"article:modified_time\" content=\"2025-01-09T10:04:27+00:00\" \/>\n<meta property=\"og:image\" content=\"https:\/\/www.wtz.de\/euk-tagung\/wp-content\/uploads\/sites\/4\/2018\/10\/cropped-WTZ-Logo-512px.png\" \/>\n\t<meta property=\"og:image:width\" content=\"512\" \/>\n\t<meta property=\"og:image:height\" content=\"512\" \/>\n\t<meta property=\"og:image:type\" content=\"image\/png\" \/>\n<meta name=\"twitter:card\" content=\"summary_large_image\" \/>\n<meta name=\"twitter:label1\" content=\"Gesch\u00e4tzte Lesezeit\" \/>\n\t<meta name=\"twitter:data1\" content=\"2\u00a0Minuten\" \/>\n<script type=\"application\/ld+json\" class=\"yoast-schema-graph\">{\"@context\":\"https:\\\/\\\/schema.org\",\"@graph\":[{\"@type\":\"WebPage\",\"@id\":\"https:\\\/\\\/www.wtz.de\\\/euk-tagung\\\/informationen\\\/\",\"url\":\"https:\\\/\\\/www.wtz.de\\\/euk-tagung\\\/informationen\\\/\",\"name\":\"Informationen - WTZ EuK Tagung\",\"isPartOf\":{\"@id\":\"https:\\\/\\\/www.wtz.de\\\/euk-tagung\\\/#website\"},\"datePublished\":\"2020-06-17T15:15:44+00:00\",\"dateModified\":\"2025-01-09T10:04:27+00:00\",\"breadcrumb\":{\"@id\":\"https:\\\/\\\/www.wtz.de\\\/euk-tagung\\\/informationen\\\/#breadcrumb\"},\"inLanguage\":\"de\",\"potentialAction\":[{\"@type\":\"ReadAction\",\"target\":[\"https:\\\/\\\/www.wtz.de\\\/euk-tagung\\\/informationen\\\/\"]}]},{\"@type\":\"BreadcrumbList\",\"@id\":\"https:\\\/\\\/www.wtz.de\\\/euk-tagung\\\/informationen\\\/#breadcrumb\",\"itemListElement\":[{\"@type\":\"ListItem\",\"position\":1,\"name\":\"Startseite\",\"item\":\"https:\\\/\\\/www.wtz.de\\\/euk-tagung\\\/home-nach-konferenz\\\/\"},{\"@type\":\"ListItem\",\"position\":2,\"name\":\"Informationen\"}]},{\"@type\":\"WebSite\",\"@id\":\"https:\\\/\\\/www.wtz.de\\\/euk-tagung\\\/#website\",\"url\":\"https:\\\/\\\/www.wtz.de\\\/euk-tagung\\\/\",\"name\":\"WTZ Einspritzung und Kraftstoffe Tagung\",\"description\":\"Innovative Science and Research\",\"publisher\":{\"@id\":\"https:\\\/\\\/www.wtz.de\\\/euk-tagung\\\/#organization\"},\"potentialAction\":[{\"@type\":\"SearchAction\",\"target\":{\"@type\":\"EntryPoint\",\"urlTemplate\":\"https:\\\/\\\/www.wtz.de\\\/euk-tagung\\\/?s={search_term_string}\"},\"query-input\":{\"@type\":\"PropertyValueSpecification\",\"valueRequired\":true,\"valueName\":\"search_term_string\"}}],\"inLanguage\":\"de\"},{\"@type\":\"Organization\",\"@id\":\"https:\\\/\\\/www.wtz.de\\\/euk-tagung\\\/#organization\",\"name\":\"Wissenschaftlich-Technische Zentrum Ro\u00dflau\",\"url\":\"https:\\\/\\\/www.wtz.de\\\/euk-tagung\\\/\",\"logo\":{\"@type\":\"ImageObject\",\"inLanguage\":\"de\",\"@id\":\"https:\\\/\\\/www.wtz.de\\\/euk-tagung\\\/#\\\/schema\\\/logo\\\/image\\\/\",\"url\":\"https:\\\/\\\/www.wtz.de\\\/euk-tagung\\\/wp-content\\\/uploads\\\/sites\\\/4\\\/2018\\\/10\\\/cropped-WTZ-Logo-512px.png\",\"contentUrl\":\"https:\\\/\\\/www.wtz.de\\\/euk-tagung\\\/wp-content\\\/uploads\\\/sites\\\/4\\\/2018\\\/10\\\/cropped-WTZ-Logo-512px.png\",\"width\":512,\"height\":512,\"caption\":\"Wissenschaftlich-Technische Zentrum Ro\u00dflau\"},\"image\":{\"@id\":\"https:\\\/\\\/www.wtz.de\\\/euk-tagung\\\/#\\\/schema\\\/logo\\\/image\\\/\"}}]}<\/script>\n<!-- \/ Yoast SEO plugin. -->","yoast_head_json":{"title":"Informationen - WTZ EuK Tagung","robots":{"index":"index","follow":"follow","max-snippet":"max-snippet:-1","max-image-preview":"max-image-preview:large","max-video-preview":"max-video-preview:-1"},"canonical":"https:\/\/www.wtz.de\/euk-tagung\/informationen\/","og_locale":"de_DE","og_type":"article","og_title":"Informationen - WTZ EuK Tagung","og_description":"[vc_row][vc_column][vc_column_text][\/vc_column_text][\/vc_column][\/vc_row][vc_row][vc_column][vc_empty_space height=&#8220;40px&#8220;][\/vc_column][\/vc_row][vc_row full_width=&#8220;stretch_row_content_no_spaces&#8220; equal_height=&#8220;yes&#8220; content_placement=&#8220;middle&#8220; el_class=&#8220;wtz-responsive-indent wtz_row_indent_top&#8211;responsive&#8220; css=&#8220;.vc_custom_1572249612127{background-color: #f1f1f1 !important;}&#8220; el_id=&#8220;fokusthemen&#8220;][vc_column width=&#8220;1\/2&#8243; el_class=&#8220;wtzhalb_text_links&#8220; css=&#8220;.vc_custom_1572251080984{padding-bottom: 40px !important;}&#8220;][vc_column_text el_class=&#8220;wtz_title wtz_head&#8220;] Allgemeine Informationen [\/vc_column_text][vc_column_text css=&#8220;&#8220; el_class=&#8220;wtz-content&#8220;]Wirksamer Klimaschutz ist eine der gr\u00f6\u00dften globalen Herausforderungen und die nachhaltige Reduktion der umweltsch\u00e4dlichen Treibhausgase, allen voran CO2, eines der Hauptziele. Der Einsatz von klimaneutralen, synthetischen Kraftstoffen, wie Wasserstoff, Methanol und Ammoniak, ist... Artikel ansehen","og_url":"https:\/\/www.wtz.de\/euk-tagung\/informationen\/","og_site_name":"WTZ EuK Tagung","article_modified_time":"2025-01-09T10:04:27+00:00","og_image":[{"width":512,"height":512,"url":"https:\/\/www.wtz.de\/euk-tagung\/wp-content\/uploads\/sites\/4\/2018\/10\/cropped-WTZ-Logo-512px.png","type":"image\/png"}],"twitter_card":"summary_large_image","twitter_misc":{"Gesch\u00e4tzte Lesezeit":"2\u00a0Minuten"},"schema":{"@context":"https:\/\/schema.org","@graph":[{"@type":"WebPage","@id":"https:\/\/www.wtz.de\/euk-tagung\/informationen\/","url":"https:\/\/www.wtz.de\/euk-tagung\/informationen\/","name":"Informationen - WTZ EuK Tagung","isPartOf":{"@id":"https:\/\/www.wtz.de\/euk-tagung\/#website"},"datePublished":"2020-06-17T15:15:44+00:00","dateModified":"2025-01-09T10:04:27+00:00","breadcrumb":{"@id":"https:\/\/www.wtz.de\/euk-tagung\/informationen\/#breadcrumb"},"inLanguage":"de","potentialAction":[{"@type":"ReadAction","target":["https:\/\/www.wtz.de\/euk-tagung\/informationen\/"]}]},{"@type":"BreadcrumbList","@id":"https:\/\/www.wtz.de\/euk-tagung\/informationen\/#breadcrumb","itemListElement":[{"@type":"ListItem","position":1,"name":"Startseite","item":"https:\/\/www.wtz.de\/euk-tagung\/home-nach-konferenz\/"},{"@type":"ListItem","position":2,"name":"Informationen"}]},{"@type":"WebSite","@id":"https:\/\/www.wtz.de\/euk-tagung\/#website","url":"https:\/\/www.wtz.de\/euk-tagung\/","name":"WTZ Einspritzung und Kraftstoffe Tagung","description":"Innovative Science and Research","publisher":{"@id":"https:\/\/www.wtz.de\/euk-tagung\/#organization"},"potentialAction":[{"@type":"SearchAction","target":{"@type":"EntryPoint","urlTemplate":"https:\/\/www.wtz.de\/euk-tagung\/?s={search_term_string}"},"query-input":{"@type":"PropertyValueSpecification","valueRequired":true,"valueName":"search_term_string"}}],"inLanguage":"de"},{"@type":"Organization","@id":"https:\/\/www.wtz.de\/euk-tagung\/#organization","name":"Wissenschaftlich-Technische Zentrum Ro\u00dflau","url":"https:\/\/www.wtz.de\/euk-tagung\/","logo":{"@type":"ImageObject","inLanguage":"de","@id":"https:\/\/www.wtz.de\/euk-tagung\/#\/schema\/logo\/image\/","url":"https:\/\/www.wtz.de\/euk-tagung\/wp-content\/uploads\/sites\/4\/2018\/10\/cropped-WTZ-Logo-512px.png","contentUrl":"https:\/\/www.wtz.de\/euk-tagung\/wp-content\/uploads\/sites\/4\/2018\/10\/cropped-WTZ-Logo-512px.png","width":512,"height":512,"caption":"Wissenschaftlich-Technische Zentrum Ro\u00dflau"},"image":{"@id":"https:\/\/www.wtz.de\/euk-tagung\/#\/schema\/logo\/image\/"}}]}},"acf":[],"featured_image_src":"","featured_image_src_square":false,"rbea_author_info":{"display_name":"wtzredaktion","author_link":"https:\/\/www.wtz.de\/euk-tagung\/author\/bode\/"},"rbea_excerpt_info":"[vc_row][vc_column][vc_column_text][\/vc_column_text][\/vc_column][\/vc_row][vc_row][vc_column][vc_empty_space height=&#8220;40px&#8220;][\/vc_column][\/vc_row][vc_row full_width=&#8220;stretch_row_content_no_spaces&#8220; equal_height=&#8220;yes&#8220; content_placement=&#8220;middle&#8220; el_class=&#8220;wtz-responsive-indent wtz_row_indent_top&#8211;responsive&#8220; css=&#8220;.vc_custom_1572249612127{background-color: #f1f1f1 !important;}&#8220; el_id=&#8220;fokusthemen&#8220;][vc_column width=&#8220;1\/2&#8243; el_class=&#8220;wtzhalb_text_links&#8220; css=&#8220;.vc_custom_1572251080984{padding-bottom: 40px !important;}&#8220;][vc_column_text el_class=&#8220;wtz_title wtz_head&#8220;] Allgemeine Informationen [\/vc_column_text][vc_column_text css=&#8220;&#8220; el_class=&#8220;wtz-content&#8220;]Wirksamer Klimaschutz ist eine der gr\u00f6\u00dften globalen Herausforderungen und die nachhaltige Reduktion der umweltsch\u00e4dlichen Treibhausgase, allen voran CO2, eines der Hauptziele. Der Einsatz von klimaneutralen, synthetischen Kraftstoffen, wie Wasserstoff, Methanol und Ammoniak, ist... <p class=\"view-article-wrap\"><a class=\"view-article\" href=\"https:\/\/www.wtz.de\/euk-tagung\/informationen\/\"><span>Artikel ansehen<\/span><\/a><\/p>","_links":{"self":[{"href":"https:\/\/www.wtz.de\/euk-tagung\/wp-json\/wp\/v2\/pages\/3338","targetHints":{"allow":["GET"]}}],"collection":[{"href":"https:\/\/www.wtz.de\/euk-tagung\/wp-json\/wp\/v2\/pages"}],"about":[{"href":"https:\/\/www.wtz.de\/euk-tagung\/wp-json\/wp\/v2\/types\/page"}],"author":[{"embeddable":true,"href":"https:\/\/www.wtz.de\/euk-tagung\/wp-json\/wp\/v2\/users\/10"}],"replies":[{"embeddable":true,"href":"https:\/\/www.wtz.de\/euk-tagung\/wp-json\/wp\/v2\/comments?post=3338"}],"version-history":[{"count":22,"href":"https:\/\/www.wtz.de\/euk-tagung\/wp-json\/wp\/v2\/pages\/3338\/revisions"}],"predecessor-version":[{"id":4566,"href":"https:\/\/www.wtz.de\/euk-tagung\/wp-json\/wp\/v2\/pages\/3338\/revisions\/4566"}],"wp:attachment":[{"href":"https:\/\/www.wtz.de\/euk-tagung\/wp-json\/wp\/v2\/media?parent=3338"}],"curies":[{"name":"wp","href":"https:\/\/api.w.org\/{rel}","templated":true}]}}