{"id":398,"date":"2018-10-02T16:20:41","date_gmt":"2018-10-02T14:20:41","guid":{"rendered":"http:\/\/dieselengine.de\/wtzneu\/gasmotorenkonferenz\/?page_id=398"},"modified":"2019-02-21T13:13:34","modified_gmt":"2019-02-21T12:13:34","slug":"agb","status":"publish","type":"page","link":"https:\/\/www.wtz.de\/euk-tagung\/agb\/","title":{"rendered":"AGB"},"content":{"rendered":"<div class=\"wpb-content-wrapper\"><p>[vc_row full_width=&#8220;stretch_row&#8220; el_class=&#8220;wtz-responsive-indent wtz_row_indent_top&#8211;responsive&#8220;][vc_column][vc_column_text el_class=&#8220;wtz_title wtz_head&#8220;]<\/p>\n<h1><strong>Allgemeine Gesch\u00e4ftsbedingungen<\/strong><\/h1>\n<p>[\/vc_column_text][vc_column_text el_class=&#8220;wtz-content&#8220;]<strong> \u00a7 1\u2013 Geltungsbereich<\/strong><\/p>\n<p>Die folgenden Allgemeinen Gesch\u00e4ftsbedingungen regeln das Vertragsverh\u00e4ltnis zwischen WTZ Ro\u00dflau gGmbH und den Unternehmern, die \u00fcber unseren Shop Artikel zur Dessauer Gasmotorenkonferenz kaufen.<\/p>\n<p><strong>\u00a7 2 \u2013 Vertragsschluss<\/strong><\/p>\n<p><strong>(1) <\/strong>Die Angebote im Internet stellen eine unverbindliche Aufforderung an Sie dar, Artikel zur Dessauer Gasmotorenkonferenz zu kaufen.<\/p>\n<p><strong>(2)<\/strong> Sie k\u00f6nnen ein oder mehrere Produkte in den Warenkorb legen. Im Laufe des Bestellprozesses geben Sie Ihre Daten und W\u00fcnsche bzgl. Zahlungsart, Liefermodalit\u00e4ten etc. ein. Erst mit dem Anklicken des Bestellbuttons geben Sie ein verbindliches Angebot auf Abschluss eines Kaufvertrags ab. Sie k\u00f6nnen eine verbindliche<\/p>\n<p><strong>(3) <\/strong>Die Annahme des Angebotes erfolgt unsererseits per E-Mail durch ein Best\u00e4tigungs-schreiben. Mit Zugang dieser E-Mail kommt der Kaufvertrag zustande.<\/p>\n<p><strong>\u00a7 3 \u2013 Downloadf\u00e4hige Produkte<\/strong><\/p>\n<p>Sollte es sich bei dem Kaufgegenstand um ein downloadbares Produkt handelt, so k\u00f6nnen Sie das Produkt nach der Freischaltung nur innerhalb von 90 Tagen herunterladen. Die Downloadprodukte sind kopiergesch\u00fctzt, der au\u00dfer in den gesetzlich vorgesehenen F\u00e4llen nicht umgangen werden darf.<\/p>\n<p><strong id=\"widerruf\">\u00a7 4 \u2013 Widerrufsbelehrung, Widerrufsformular<\/strong><\/p>\n<p><strong>(1)<\/strong><\/p>\n<table>\n<tbody>\n<tr>\n<td><strong>Widerrufsrecht<\/strong><\/p>\n<p>Sie haben das Recht, binnen zehn Tagen ohne Angabe von Gr\u00fcnden diesen Vertrag zu widerrufen. Die Widerrufsfrist betr\u00e4gt zehn Tage ab dem Tag, an dem Sie oder ein von Ihnen benannter Dritter, der nicht der Bef\u00f6rderer ist, die Waren in Besitz genommen haben bzw. hat.<\/p>\n<p>Um Ihr Widerrufsrecht auszu\u00fcben, m\u00fcssen Sie uns (WTZ Ro\u00dflau gGmbH, Telefax: 034901883 120, E-Mail: <a href=\"javascript:secureDecryptAndNavigate('LlpFy9pgvXFV\/bix3qUIEDhJ2FeXlcAO9H6Ql\/nTsX+PtvDuIpmJ3oWDN\/iNPJRKNVkg8gungzke9xkUSjDnYh5c+5qNOEpg5ym1', 'be880e7243564ba0ddf4f464af1846ea894ffaf35279fcfe9ae9896fc7f6b5ee')\">&#105;&#110;&#102;o&#64;&#100;ies&#101;l&#101;&#110;g&#105;&#110;e&#46;de<\/a>) mittels einer eindeutigen Erkl\u00e4rung (z.B. ein mit der Post versandter Brief, Telefax oder E-Mail) \u00fcber Ihren Entschluss, diesen Vertrag zu widerrufen, informieren. Sie k\u00f6nnen daf\u00fcr das beigef\u00fcgte Muster-Widerrufsformular verwenden, das jedoch nicht vorgeschrieben ist. Zur Wahrung der Widerrufsfrist reicht es aus, dass Sie die Mitteilung \u00fcber die Aus\u00fcbung des Widerrufsrechts vor Ablauf der Widerrufsfrist absenden.<\/p>\n<p><strong>Folgen des Widerrufs<\/strong><br \/>\nWenn Sie diesen Vertrag widerrufen, haben wir Ihnen alle Zahlungen, die wir von Ihnen erhalten haben, unverz\u00fcglich und sp\u00e4testens binnen vierzehn Tagen ab dem Tag zur\u00fcckzuzahlen, an dem die Mitteilung \u00fcber Ihren Widerruf dieses Vertrags bei uns eingegangen ist. F\u00fcr diese R\u00fcckzahlung verwenden wir dasselbe Zahlungsmittel, das Sie bei der urspr\u00fcnglichen Transaktion eingesetzt haben, es sei denn, mit Ihnen wurde ausdr\u00fccklich etwas anderes vereinbart; in keinem Fall werden Ihnen wegen dieser R\u00fcckzahlung Entgelte berechnet.<\/p>\n<p>Sie m\u00fcssen f\u00fcr einen etwaigen Wertverlust der Waren nur aufkommen, wenn dieser Wertverlust auf einen zur Pr\u00fcfung der Beschaffenheit, Eigenschaften und Funktionsweise der Waren nicht notwendigen Umgang mit Ihnen zur\u00fcckzuf\u00fchren ist.<\/p>\n<p><strong>Ausschluss des Widerrufsrechts<\/strong><\/p>\n<p>Das Widerrufsrecht besteht nicht bei Vertr\u00e4gen zur Lieferung von Waren, die nicht vorgefertigt sind und f\u00fcr deren Herstellung eine individuelle Auswahl oder Bestimmung durch den Verbraucher ma\u00dfgeblich ist oder die eindeutig auf die pers\u00f6nlichen Bed\u00fcrfnisse des Verbrauchers zugeschnitten sind.<\/td>\n<\/tr>\n<\/tbody>\n<\/table>\n<p><strong>(2)<\/strong> Wenn Sie den Vetrag widerrufen wollen, dann f\u00fcllen Sie nachfolgendes Formular (<a href=\"http:\/\/dieselengine.de\/widerrufsformular\/\">Link<\/a>) aus und senden Sie es uns mittels Fax, Email oder postalisch zur\u00fcck.<\/p>\n<p><strong>\u00a7 5 \u2013 Lieferung<\/strong><\/p>\n<p><strong>(1) <\/strong>Wir liefern innerhalb von 2-3 Werktagen nach Eingang der Bestellung. Kontaktieren Sie uns gerne, falls Ihre Bestellung nicht bei Ihnen eingegangen ist. <a href=\"http:\/\/dieselengine.de\/kontakt\/\">Kontakt<\/a><\/p>\n<p><strong>(2) <\/strong>Den Download-Link zum Herunterladen eines bestellten E-Books (Fachvortr\u00e4ge) erhalten Sie kurze Zeit sp\u00e4ter in einer separaten E-Mail, sobald der Download zur Verf\u00fcgung steht.<\/p>\n<p><strong>(3)<\/strong> Eventuelle Ausnahmen entnehmen Sie bitte der Produktseite. Expresslieferungen sind auf Anfrage und gegen Berechnung m\u00f6glich.<\/p>\n<p><strong>(4)<\/strong> Bei Lieferverz\u00f6gerungen werden wir Sie umgehend informieren.<\/p>\n<p><strong>(5)<\/strong> Im Falle einer Nichtverf\u00fcgbarkeit von Tickets, Ausstellerfl\u00e4chen, Abendveranstaltung un d B\u00e4nder Fachvortrag behalten wir uns vor, Ihre Bestellung nicht zu best\u00e4tigen. In diesem Fall werden wir Sie unverz\u00fcglich dar\u00fcber informieren und bereits erhaltene Gegenleistungen unverz\u00fcglich zur\u00fcckerstatten.<\/p>\n<p><strong>\u00a7 6 \u2013 Zahlungsarten<\/strong><\/p>\n<p><strong> (1) <\/strong>Alle Preise enthalten bereits die Mehrwertsteuer, soweit nicht ausdr\u00fccklich etwas anderes vermerkt ist.<\/p>\n<p><strong> (2) <\/strong>Wir bieten Ihnen in unserem Shop folgende Zahlungsarten an:<\/p>\n<p><strong>Vorkasse:<\/strong><\/p>\n<p>Bei Onlinebestellungen erhalten Sie die Vorkassenrechnung sp\u00e4testens am n\u00e4chsten Werktag per E-Mail oder wir schicken Ihnen die Rechnung per Post. Sobald wir einen Zahlungseingang verbuchen konnten, senden wir Ihnen die Berechtigung an der Teilnahme Dessauer Gasmotorenkonferenz oder von Ausstellungsfl\u00e4chen zu.<\/p>\n<p>Empf\u00e4nger: WTZ Ro\u00dflau gGmbH<br \/>\nKontonummer: 1001188711<br \/>\nBLZ: 12030000 (Deutsche Kreditbank AG)<br \/>\nIBAN: DE23 12030000 1001188711<br \/>\nSWIFT-BIC: BYLADEM1001<\/p>\n<p><strong>Auf Rechnung:<\/strong><\/p>\n<p>Die Rechnung wird Ihnen unmittelbar zugesandt. Nach Rechnungsbegleichung, senden wir Ihnen die Bestellung zu. Erst mit der Zahlung erfolgt die Berechtigung der Teilnahme an der Dessauer Gasmotorenkonferenz.<\/p>\n<p><strong>Kreditkarte:<\/strong><\/p>\n<p>Die Abbuchung auf Ihrer Kreditkarte erfolgt nachdem der Artikel verschickt wurde.<\/p>\n<p><strong>Giropay:<\/strong><\/p>\n<p>Die Belastung Ihres Giropay Kontos erfolgt unverz\u00fcglich nach Bestelleingang.<\/p>\n<p><strong>(3) <\/strong>Aufgrund einer H\u00e4ufung von Betrugsf\u00e4llen in naher Vergangenheit mussten wir leider in einigen F\u00e4llen geringf\u00fcgige Einschr\u00e4nkungen vornehmen:<\/p>\n<p>Bestellungen, die ins Ausland versandt werden, k\u00f6nnen nur per Vorkasse, Kreditkarte oder Giropay bezahlt werden. Bei Lieferungen in die USA kann leider nicht mit Giropay bezahlt werden.<\/p>\n<p><strong>(4) <\/strong>Der Kaufpreis ist sofort und ohne Abz\u00fcge mit der Bestellung f\u00e4llig, auch wenn es sich um eine Teillieferung handelt.<\/p>\n<p><strong>(5)<\/strong> Eine Aufrechnung Ihrerseits ist nur zul\u00e4ssig, wenn Ihre Forderung unbestritten oder rechtskr\u00e4ftig festgestellt ist.<\/p>\n<p><strong>\u00a7 7 \u2013 Eigentumsvorbehalt<\/strong><\/p>\n<p>Der Kaufgegenstand bleibt bis zur vollst\u00e4ndigen Bezahlung unser Eigentum. Diese Regelung gilt nicht f\u00fcr Downloadprodukte.<\/p>\n<p><strong>\u00a7 8 \u2013 Haftung<\/strong><\/p>\n<p><strong>(1) <\/strong>Es gelten die gesetzlichen Gew\u00e4hrleitungsrechte nach Ma\u00dfgabe der nachfolgenden Bestimmung.<\/p>\n<p><strong>(2) <\/strong>Wir haften f\u00fcr verschuldete Sch\u00e4den bei der Verletzung der vertraglichen Hauptpflichten und beim Fehlen einer zugesicherten Eigenschaft der Ware. Wir schlie\u00dfen die Haftung f\u00fcr leicht fahrl\u00e4ssige Pflichtverletzungen aus, sofern diese keine vertragswesentlichen Pflichten, Sch\u00e4den aus der Verletzung des Lebens, des K\u00f6rpers oder der Gesundheit, Garantien oder Anspr\u00fcche nach dem Produkthaftungsgesetz betreffen. Gleiches gilt f\u00fcr Pflichtverletzungen unserer Erf\u00fcllungsgehilfen und unserer gesetzlichen Vertreter. Zu den vertragswesentlichen Pflichten geh\u00f6rt bei k\u00f6rperlichen Sachen (also nicht bei Downloadprodukten) insbesondere die Pflicht, Ihnen die Sache zu \u00fcbergeben und Ihnen das Eigentum daran zu verschaffen.<\/p>\n<p><strong>\u00a79 \u2013 Online Streitbeilegungsplattform<\/strong><\/p>\n<p>Die Europ\u00e4ische Kommission stellt unter <a href=\"http:\/\/ec.europa.eu\/consumers\/odr\/\">http:\/\/ec.europa.eu\/consumers\/odr\/<\/a> eine Plattform zur au\u00dfergerichtlichen Online-Streitbeilegung (sog. OS-Plattform) bereit.<\/p>\n<p><strong>\u00a7 10 &#8211; Datenschutz und Sicherheit<\/strong><\/p>\n<p><strong>(1) <\/strong>Wir wissen Ihr Vertrauen zu sch\u00e4tzen und wenden \u00e4u\u00dferste Sorgfalt an, um Ihre pers\u00f6nlichen Daten vor unbefugten Zugriffen zu sch\u00fctzen. Gleiches gilt f\u00fcr die Aktualisierung Ihrer gespeicherten Datens\u00e4tze sowie der Unterhaltung und Pflege Ihres Kundenkontos bei uns.<\/p>\n<p><strong>(2) <\/strong>Ihre Bestellung, die pers\u00f6nlichen Daten und Ihre Angaben zur Zahlungsabwicklung sind durch technische Sicherheitssysteme und zus\u00e4tzliche Berechtigungsverfahren gesch\u00fctzt. Die f\u00fcr die Gesch\u00e4ftsabwicklung notwendigen Daten werden gespeichert und im Rahmen der Bestellabwicklung an verbundene Unternehmen weitergegeben.<\/p>\n<p><strong>(3) <\/strong>Auch pflegen wir zum Zwecke der Kredit- bzw. Bonit\u00e4ts\u00fcberpr\u00fcfung unter Ber\u00fccksichtigung Ihrer schutzw\u00fcrdigen Interessen entsprechend den gesetzlichen Datenschutzbestimmungen einen Bonit\u00e4tsaustausch nur mit daf\u00fcr zugelassenen Dienstleistungsunternehmen.<\/p>\n<p><strong>(4) <\/strong>Bitte beachten Sie auch die <a href=\"http:\/\/dieselengine.de\/datenschutz\/\">Datenschutzbestimmungen <\/a>der Website.<\/p>\n<p>[\/vc_column_text][vc_empty_space][\/vc_column][\/vc_row][vc_row][vc_column][vc_column_text el_class=&#8220;wtz-content&#8220;][gzd_complaints][\/vc_column_text][\/vc_column][\/vc_row]<\/p>\n<\/div>","protected":false},"excerpt":{"rendered":"[vc_row full_width=&#8220;stretch_row&#8220; el_class=&#8220;wtz-responsive-indent wtz_row_indent_top&#8211;responsive&#8220;][vc_column][vc_column_text el_class=&#8220;wtz_title wtz_head&#8220;] Allgemeine Gesch\u00e4ftsbedingungen [\/vc_column_text][vc_column_text el_class=&#8220;wtz-content&#8220;] \u00a7 1\u2013 Geltungsbereich Die folgenden Allgemeinen Gesch\u00e4ftsbedingungen regeln das Vertragsverh\u00e4ltnis zwischen WTZ Ro\u00dflau gGmbH und den Unternehmern, die \u00fcber unseren Shop Artikel zur Dessauer Gasmotorenkonferenz kaufen. \u00a7 2 \u2013 Vertragsschluss (1) Die Angebote im Internet stellen eine unverbindliche Aufforderung an Sie dar, Artikel zur Dessauer&#8230; <p class=\"view-article-wrap\"><a class=\"view-article\" href=\"https:\/\/www.wtz.de\/euk-tagung\/agb\/\"><span>Artikel ansehen<\/span><\/a><\/p>","protected":false},"author":10,"featured_media":0,"parent":0,"menu_order":0,"comment_status":"closed","ping_status":"closed","template":"","meta":{"_acf_changed":false,"footnotes":""},"class_list":["post-398","page","type-page","status-publish","hentry"],"yoast_head":"<!-- This site is optimized with the Yoast SEO plugin v27.3 - https:\/\/yoast.com\/product\/yoast-seo-wordpress\/ -->\n<title>AGB - WTZ EuK Tagung<\/title>\n<meta name=\"robots\" content=\"index, follow, max-snippet:-1, max-image-preview:large, max-video-preview:-1\" \/>\n<link rel=\"canonical\" href=\"https:\/\/www.wtz.de\/euk-tagung\/agb\/\" \/>\n<meta property=\"og:locale\" content=\"de_DE\" \/>\n<meta property=\"og:type\" content=\"article\" \/>\n<meta property=\"og:title\" content=\"AGB - WTZ EuK Tagung\" \/>\n<meta property=\"og:description\" content=\"[vc_row full_width=&#8220;stretch_row&#8220; el_class=&#8220;wtz-responsive-indent wtz_row_indent_top&#8211;responsive&#8220;][vc_column][vc_column_text el_class=&#8220;wtz_title wtz_head&#8220;] Allgemeine Gesch\u00e4ftsbedingungen [\/vc_column_text][vc_column_text el_class=&#8220;wtz-content&#8220;] \u00a7 1\u2013 Geltungsbereich Die folgenden Allgemeinen Gesch\u00e4ftsbedingungen regeln das Vertragsverh\u00e4ltnis zwischen WTZ Ro\u00dflau gGmbH und den Unternehmern, die \u00fcber unseren Shop Artikel zur Dessauer Gasmotorenkonferenz kaufen. \u00a7 2 \u2013 Vertragsschluss (1) Die Angebote im Internet stellen eine unverbindliche Aufforderung an Sie dar, Artikel zur Dessauer... Artikel ansehen\" \/>\n<meta property=\"og:url\" content=\"https:\/\/www.wtz.de\/euk-tagung\/agb\/\" \/>\n<meta property=\"og:site_name\" content=\"WTZ EuK Tagung\" \/>\n<meta property=\"article:modified_time\" content=\"2019-02-21T12:13:34+00:00\" \/>\n<meta property=\"og:image\" content=\"https:\/\/www.wtz.de\/euk-tagung\/wp-content\/uploads\/sites\/4\/2018\/10\/cropped-WTZ-Logo-512px.png\" \/>\n\t<meta property=\"og:image:width\" content=\"512\" \/>\n\t<meta property=\"og:image:height\" content=\"512\" \/>\n\t<meta property=\"og:image:type\" content=\"image\/png\" \/>\n<meta name=\"twitter:card\" content=\"summary_large_image\" \/>\n<meta name=\"twitter:label1\" content=\"Gesch\u00e4tzte Lesezeit\" \/>\n\t<meta name=\"twitter:data1\" content=\"6\u00a0Minuten\" \/>\n<script type=\"application\/ld+json\" class=\"yoast-schema-graph\">{\"@context\":\"https:\\\/\\\/schema.org\",\"@graph\":[{\"@type\":\"WebPage\",\"@id\":\"https:\\\/\\\/www.wtz.de\\\/euk-tagung\\\/agb\\\/\",\"url\":\"https:\\\/\\\/www.wtz.de\\\/euk-tagung\\\/agb\\\/\",\"name\":\"AGB - WTZ EuK Tagung\",\"isPartOf\":{\"@id\":\"https:\\\/\\\/www.wtz.de\\\/euk-tagung\\\/#website\"},\"datePublished\":\"2018-10-02T14:20:41+00:00\",\"dateModified\":\"2019-02-21T12:13:34+00:00\",\"breadcrumb\":{\"@id\":\"https:\\\/\\\/www.wtz.de\\\/euk-tagung\\\/agb\\\/#breadcrumb\"},\"inLanguage\":\"de\",\"potentialAction\":[{\"@type\":\"ReadAction\",\"target\":[\"https:\\\/\\\/www.wtz.de\\\/euk-tagung\\\/agb\\\/\"]}]},{\"@type\":\"BreadcrumbList\",\"@id\":\"https:\\\/\\\/www.wtz.de\\\/euk-tagung\\\/agb\\\/#breadcrumb\",\"itemListElement\":[{\"@type\":\"ListItem\",\"position\":1,\"name\":\"Startseite\",\"item\":\"https:\\\/\\\/www.wtz.de\\\/euk-tagung\\\/home-nach-konferenz\\\/\"},{\"@type\":\"ListItem\",\"position\":2,\"name\":\"AGB\"}]},{\"@type\":\"WebSite\",\"@id\":\"https:\\\/\\\/www.wtz.de\\\/euk-tagung\\\/#website\",\"url\":\"https:\\\/\\\/www.wtz.de\\\/euk-tagung\\\/\",\"name\":\"WTZ Einspritzung und Kraftstoffe Tagung\",\"description\":\"Innovative Science and Research\",\"publisher\":{\"@id\":\"https:\\\/\\\/www.wtz.de\\\/euk-tagung\\\/#organization\"},\"potentialAction\":[{\"@type\":\"SearchAction\",\"target\":{\"@type\":\"EntryPoint\",\"urlTemplate\":\"https:\\\/\\\/www.wtz.de\\\/euk-tagung\\\/?s={search_term_string}\"},\"query-input\":{\"@type\":\"PropertyValueSpecification\",\"valueRequired\":true,\"valueName\":\"search_term_string\"}}],\"inLanguage\":\"de\"},{\"@type\":\"Organization\",\"@id\":\"https:\\\/\\\/www.wtz.de\\\/euk-tagung\\\/#organization\",\"name\":\"Wissenschaftlich-Technische Zentrum Ro\u00dflau\",\"url\":\"https:\\\/\\\/www.wtz.de\\\/euk-tagung\\\/\",\"logo\":{\"@type\":\"ImageObject\",\"inLanguage\":\"de\",\"@id\":\"https:\\\/\\\/www.wtz.de\\\/euk-tagung\\\/#\\\/schema\\\/logo\\\/image\\\/\",\"url\":\"https:\\\/\\\/www.wtz.de\\\/euk-tagung\\\/wp-content\\\/uploads\\\/sites\\\/4\\\/2018\\\/10\\\/cropped-WTZ-Logo-512px.png\",\"contentUrl\":\"https:\\\/\\\/www.wtz.de\\\/euk-tagung\\\/wp-content\\\/uploads\\\/sites\\\/4\\\/2018\\\/10\\\/cropped-WTZ-Logo-512px.png\",\"width\":512,\"height\":512,\"caption\":\"Wissenschaftlich-Technische Zentrum Ro\u00dflau\"},\"image\":{\"@id\":\"https:\\\/\\\/www.wtz.de\\\/euk-tagung\\\/#\\\/schema\\\/logo\\\/image\\\/\"}}]}<\/script>\n<!-- \/ Yoast SEO plugin. -->","yoast_head_json":{"title":"AGB - WTZ EuK Tagung","robots":{"index":"index","follow":"follow","max-snippet":"max-snippet:-1","max-image-preview":"max-image-preview:large","max-video-preview":"max-video-preview:-1"},"canonical":"https:\/\/www.wtz.de\/euk-tagung\/agb\/","og_locale":"de_DE","og_type":"article","og_title":"AGB - WTZ EuK Tagung","og_description":"[vc_row full_width=&#8220;stretch_row&#8220; el_class=&#8220;wtz-responsive-indent wtz_row_indent_top&#8211;responsive&#8220;][vc_column][vc_column_text el_class=&#8220;wtz_title wtz_head&#8220;] Allgemeine Gesch\u00e4ftsbedingungen [\/vc_column_text][vc_column_text el_class=&#8220;wtz-content&#8220;] \u00a7 1\u2013 Geltungsbereich Die folgenden Allgemeinen Gesch\u00e4ftsbedingungen regeln das Vertragsverh\u00e4ltnis zwischen WTZ Ro\u00dflau gGmbH und den Unternehmern, die \u00fcber unseren Shop Artikel zur Dessauer Gasmotorenkonferenz kaufen. \u00a7 2 \u2013 Vertragsschluss (1) Die Angebote im Internet stellen eine unverbindliche Aufforderung an Sie dar, Artikel zur Dessauer... Artikel ansehen","og_url":"https:\/\/www.wtz.de\/euk-tagung\/agb\/","og_site_name":"WTZ EuK Tagung","article_modified_time":"2019-02-21T12:13:34+00:00","og_image":[{"width":512,"height":512,"url":"https:\/\/www.wtz.de\/euk-tagung\/wp-content\/uploads\/sites\/4\/2018\/10\/cropped-WTZ-Logo-512px.png","type":"image\/png"}],"twitter_card":"summary_large_image","twitter_misc":{"Gesch\u00e4tzte Lesezeit":"6\u00a0Minuten"},"schema":{"@context":"https:\/\/schema.org","@graph":[{"@type":"WebPage","@id":"https:\/\/www.wtz.de\/euk-tagung\/agb\/","url":"https:\/\/www.wtz.de\/euk-tagung\/agb\/","name":"AGB - WTZ EuK Tagung","isPartOf":{"@id":"https:\/\/www.wtz.de\/euk-tagung\/#website"},"datePublished":"2018-10-02T14:20:41+00:00","dateModified":"2019-02-21T12:13:34+00:00","breadcrumb":{"@id":"https:\/\/www.wtz.de\/euk-tagung\/agb\/#breadcrumb"},"inLanguage":"de","potentialAction":[{"@type":"ReadAction","target":["https:\/\/www.wtz.de\/euk-tagung\/agb\/"]}]},{"@type":"BreadcrumbList","@id":"https:\/\/www.wtz.de\/euk-tagung\/agb\/#breadcrumb","itemListElement":[{"@type":"ListItem","position":1,"name":"Startseite","item":"https:\/\/www.wtz.de\/euk-tagung\/home-nach-konferenz\/"},{"@type":"ListItem","position":2,"name":"AGB"}]},{"@type":"WebSite","@id":"https:\/\/www.wtz.de\/euk-tagung\/#website","url":"https:\/\/www.wtz.de\/euk-tagung\/","name":"WTZ Einspritzung und Kraftstoffe Tagung","description":"Innovative Science and Research","publisher":{"@id":"https:\/\/www.wtz.de\/euk-tagung\/#organization"},"potentialAction":[{"@type":"SearchAction","target":{"@type":"EntryPoint","urlTemplate":"https:\/\/www.wtz.de\/euk-tagung\/?s={search_term_string}"},"query-input":{"@type":"PropertyValueSpecification","valueRequired":true,"valueName":"search_term_string"}}],"inLanguage":"de"},{"@type":"Organization","@id":"https:\/\/www.wtz.de\/euk-tagung\/#organization","name":"Wissenschaftlich-Technische Zentrum Ro\u00dflau","url":"https:\/\/www.wtz.de\/euk-tagung\/","logo":{"@type":"ImageObject","inLanguage":"de","@id":"https:\/\/www.wtz.de\/euk-tagung\/#\/schema\/logo\/image\/","url":"https:\/\/www.wtz.de\/euk-tagung\/wp-content\/uploads\/sites\/4\/2018\/10\/cropped-WTZ-Logo-512px.png","contentUrl":"https:\/\/www.wtz.de\/euk-tagung\/wp-content\/uploads\/sites\/4\/2018\/10\/cropped-WTZ-Logo-512px.png","width":512,"height":512,"caption":"Wissenschaftlich-Technische Zentrum Ro\u00dflau"},"image":{"@id":"https:\/\/www.wtz.de\/euk-tagung\/#\/schema\/logo\/image\/"}}]}},"acf":[],"featured_image_src":"","featured_image_src_square":false,"rbea_author_info":{"display_name":"wtzredaktion","author_link":"https:\/\/www.wtz.de\/euk-tagung\/author\/bode\/"},"rbea_excerpt_info":"[vc_row full_width=&#8220;stretch_row&#8220; el_class=&#8220;wtz-responsive-indent wtz_row_indent_top&#8211;responsive&#8220;][vc_column][vc_column_text el_class=&#8220;wtz_title wtz_head&#8220;] Allgemeine Gesch\u00e4ftsbedingungen [\/vc_column_text][vc_column_text el_class=&#8220;wtz-content&#8220;] \u00a7 1\u2013 Geltungsbereich Die folgenden Allgemeinen Gesch\u00e4ftsbedingungen regeln das Vertragsverh\u00e4ltnis zwischen WTZ Ro\u00dflau gGmbH und den Unternehmern, die \u00fcber unseren Shop Artikel zur Dessauer Gasmotorenkonferenz kaufen. \u00a7 2 \u2013 Vertragsschluss (1) Die Angebote im Internet stellen eine unverbindliche Aufforderung an Sie dar, Artikel zur Dessauer... <p class=\"view-article-wrap\"><a class=\"view-article\" href=\"https:\/\/www.wtz.de\/euk-tagung\/agb\/\"><span>Artikel ansehen<\/span><\/a><\/p>","_links":{"self":[{"href":"https:\/\/www.wtz.de\/euk-tagung\/wp-json\/wp\/v2\/pages\/398","targetHints":{"allow":["GET"]}}],"collection":[{"href":"https:\/\/www.wtz.de\/euk-tagung\/wp-json\/wp\/v2\/pages"}],"about":[{"href":"https:\/\/www.wtz.de\/euk-tagung\/wp-json\/wp\/v2\/types\/page"}],"author":[{"embeddable":true,"href":"https:\/\/www.wtz.de\/euk-tagung\/wp-json\/wp\/v2\/users\/10"}],"replies":[{"embeddable":true,"href":"https:\/\/www.wtz.de\/euk-tagung\/wp-json\/wp\/v2\/comments?post=398"}],"version-history":[{"count":5,"href":"https:\/\/www.wtz.de\/euk-tagung\/wp-json\/wp\/v2\/pages\/398\/revisions"}],"predecessor-version":[{"id":2241,"href":"https:\/\/www.wtz.de\/euk-tagung\/wp-json\/wp\/v2\/pages\/398\/revisions\/2241"}],"wp:attachment":[{"href":"https:\/\/www.wtz.de\/euk-tagung\/wp-json\/wp\/v2\/media?parent=398"}],"curies":[{"name":"wp","href":"https:\/\/api.w.org\/{rel}","templated":true}]}}