{"id":5204,"date":"2025-07-25T09:15:20","date_gmt":"2025-07-25T07:15:20","guid":{"rendered":"https:\/\/www.wtz.de\/euk-tagung\/?page_id=5204"},"modified":"2025-07-25T11:04:42","modified_gmt":"2025-07-25T09:04:42","slug":"rueckblick","status":"publish","type":"page","link":"https:\/\/www.wtz.de\/euk-tagung\/rueckblick\/","title":{"rendered":"R\u00fcckblick"},"content":{"rendered":"<div class=\"wpb-content-wrapper\"><p>[vc_row full_width=&#8220;stretch_row&#8220; el_class=&#8220;wtz-responsive-indent wtz_row_indent_top&#8211;responsive&#8220;][vc_column][vc_column_text css=&#8220;&#8220; el_class=&#8220;wtz-content&#8220;]<strong>Es war ein voller ERFOLG \u2013 Wir sagen DANKE !<\/strong><\/p>\n<p><span data-contrast=\"auto\">Die 13. Tagung Einspritzung und Kraftstoffe war aus unserer Sicht ein voller Erfolg. <\/span><span data-ccp-props=\"{&quot;201341983&quot;:0,&quot;335559738&quot;:240,&quot;335559739&quot;:240,&quot;335559740&quot;:276}\">\u00a0<\/span><\/p>\n<p><span data-contrast=\"auto\">Der Tag war gepr\u00e4gt von intensiven Gespr\u00e4chen, einem regen Meinungsaustausch und vielen interessanten Vortr\u00e4gen.<\/span><span data-ccp-props=\"{&quot;201341983&quot;:0,&quot;335559738&quot;:240,&quot;335559739&quot;:240,&quot;335559740&quot;:276}\">\u00a0<\/span><\/p>\n<p><span data-contrast=\"auto\">Sp\u00e4ter am Abend bot das <strong>Technikmuseum Hugo Junkers<\/strong> eine beeindruckende Kulisse f\u00fcr ein festliches Dinner und weitere anregende Gespr\u00e4che. <\/span><span data-ccp-props=\"{&quot;201341983&quot;:0,&quot;335559738&quot;:240,&quot;335559739&quot;:240,&quot;335559740&quot;:276}\">\u00a0<\/span><\/p>\n<p><span data-contrast=\"auto\">Die historischen Flugzeuge und die ausgezeichnete Verpflegung trugen zur besonderen Atmosph\u00e4re bei.<\/span><span data-ccp-props=\"{&quot;201341983&quot;:0,&quot;335559738&quot;:240,&quot;335559739&quot;:240,&quot;335559740&quot;:276}\">\u00a0<\/span><\/p>\n<p><span data-contrast=\"auto\">Besonders gefreut hat uns die Anwesenheit des Oberb\u00fcrgermeisters der Stadt Dessau, <strong>Dr. Robert Reck<\/strong>.<\/span><span data-ccp-props=\"{&quot;201341983&quot;:0,&quot;335559738&quot;:240,&quot;335559739&quot;:240,&quot;335559740&quot;:276}\">\u00a0<\/span><\/p>\n<p><span data-contrast=\"auto\">Das Team des WTZ bedankt sich nochmal herzlich bei allen Teilnehmern, Ausstellern und Besuchern f\u00fcr die inspirierenden Gespr\u00e4che und den wertvollen Austausch, die diese Konferenz auch in diesem Jahr zu einem unvergesslichen Erlebnis gemacht haben.<\/span><span data-ccp-props=\"{&quot;201341983&quot;:0,&quot;335559738&quot;:240,&quot;335559739&quot;:240,&quot;335559740&quot;:276}\">\u00a0<\/span><\/p>\n<p>Wir freuen uns schon Sie in 2 Jahren wieder bei uns begr\u00fc\u00dfen zu d\u00fcrfen.<\/p>\n<p>Hier der R\u00fcckblick der 13. Tagung Einspritzung und Kraftstoffe in Bildern:[\/vc_column_text][\/vc_column][\/vc_row][vc_row content_placement=&#8220;middle&#8220;][vc_column][vc_empty_space][vc_column_text el_class=&#8220;wtz_title wtz_head&#8220;]<\/p>\n<h3 style=\"text-align: left;\"><strong>IMPRESSIONEN<\/strong><\/h3>\n<p>[\/vc_column_text][vc_empty_space][vc_gallery type=&#8220;image_grid&#8220; images=&#8220;5243,5217,5223,5221,5219,5215,5225,5227,5229,5231,5233,5235,5239,5241,5245,5247,5249,5251,5253,5255,5257,5259,5261,5263,5265,5267,5269,5271,5273,5275,5277,5279,5281,5283,5285,5287,5289,5291,5293,5295,5297,5299,5301,5303,5305,5307,5309,5311,5313,5315,5317,5319,5321,5323,5325,5327,5329,5331,5333,5335,5337,5339,5341,5343,5345,5347,5349,5351,5353,5355,5357,5359,5361,5363,5365,5367,5369,5371,5373,5375,5377,5379,5381,5383,5385,5387,5389,5391,5393,5395,5397,5399,5401,5403,5405,5407,5409,5411,5413,5415&#8243; img_size=&#8220;450&#215;290&#8243; css=&#8220;&#8220;][vc_empty_space][\/vc_column][\/vc_row]<\/p>\n<\/div>","protected":false},"excerpt":{"rendered":"[vc_row full_width=&#8220;stretch_row&#8220; el_class=&#8220;wtz-responsive-indent wtz_row_indent_top&#8211;responsive&#8220;][vc_column][vc_column_text css=&#8220;&#8220; el_class=&#8220;wtz-content&#8220;]Es war ein voller ERFOLG \u2013 Wir sagen DANKE ! Die 13. Tagung Einspritzung und Kraftstoffe war aus unserer Sicht ein voller Erfolg. \u00a0 Der Tag war gepr\u00e4gt von intensiven Gespr\u00e4chen, einem regen Meinungsaustausch und vielen interessanten Vortr\u00e4gen.\u00a0 Sp\u00e4ter am Abend bot das Technikmuseum Hugo Junkers eine beeindruckende Kulisse f\u00fcr&#8230; <p class=\"view-article-wrap\"><a class=\"view-article\" href=\"https:\/\/www.wtz.de\/euk-tagung\/rueckblick\/\"><span>Artikel ansehen<\/span><\/a><\/p>","protected":false},"author":198,"featured_media":0,"parent":0,"menu_order":0,"comment_status":"closed","ping_status":"closed","template":"","meta":{"_acf_changed":false,"footnotes":""},"class_list":["post-5204","page","type-page","status-publish","hentry"],"yoast_head":"<!-- This site is optimized with the Yoast SEO plugin v27.3 - https:\/\/yoast.com\/product\/yoast-seo-wordpress\/ -->\n<title>R\u00fcckblick - WTZ EuK Tagung<\/title>\n<meta name=\"robots\" content=\"index, follow, max-snippet:-1, max-image-preview:large, max-video-preview:-1\" \/>\n<link rel=\"canonical\" href=\"https:\/\/www.wtz.de\/euk-tagung\/rueckblick\/\" \/>\n<meta property=\"og:locale\" content=\"de_DE\" \/>\n<meta property=\"og:type\" content=\"article\" \/>\n<meta property=\"og:title\" content=\"R\u00fcckblick - WTZ EuK Tagung\" \/>\n<meta property=\"og:description\" content=\"[vc_row full_width=&#8220;stretch_row&#8220; el_class=&#8220;wtz-responsive-indent wtz_row_indent_top&#8211;responsive&#8220;][vc_column][vc_column_text css=&#8220;&#8220; el_class=&#8220;wtz-content&#8220;]Es war ein voller ERFOLG \u2013 Wir sagen DANKE ! Die 13. Tagung Einspritzung und Kraftstoffe war aus unserer Sicht ein voller Erfolg. \u00a0 Der Tag war gepr\u00e4gt von intensiven Gespr\u00e4chen, einem regen Meinungsaustausch und vielen interessanten Vortr\u00e4gen.\u00a0 Sp\u00e4ter am Abend bot das Technikmuseum Hugo Junkers eine beeindruckende Kulisse f\u00fcr... Artikel ansehen\" \/>\n<meta property=\"og:url\" content=\"https:\/\/www.wtz.de\/euk-tagung\/rueckblick\/\" \/>\n<meta property=\"og:site_name\" content=\"WTZ EuK Tagung\" \/>\n<meta property=\"article:modified_time\" content=\"2025-07-25T09:04:42+00:00\" \/>\n<meta property=\"og:image\" content=\"https:\/\/www.wtz.de\/euk-tagung\/wp-content\/uploads\/sites\/4\/2018\/10\/cropped-WTZ-Logo-512px.png\" \/>\n\t<meta property=\"og:image:width\" content=\"512\" \/>\n\t<meta property=\"og:image:height\" content=\"512\" \/>\n\t<meta property=\"og:image:type\" content=\"image\/png\" \/>\n<meta name=\"twitter:card\" content=\"summary_large_image\" \/>\n<meta name=\"twitter:label1\" content=\"Gesch\u00e4tzte Lesezeit\" \/>\n\t<meta name=\"twitter:data1\" content=\"17\u00a0Minuten\" \/>\n<script type=\"application\/ld+json\" class=\"yoast-schema-graph\">{\"@context\":\"https:\\\/\\\/schema.org\",\"@graph\":[{\"@type\":\"WebPage\",\"@id\":\"https:\\\/\\\/www.wtz.de\\\/euk-tagung\\\/rueckblick\\\/\",\"url\":\"https:\\\/\\\/www.wtz.de\\\/euk-tagung\\\/rueckblick\\\/\",\"name\":\"R\u00fcckblick - WTZ EuK Tagung\",\"isPartOf\":{\"@id\":\"https:\\\/\\\/www.wtz.de\\\/euk-tagung\\\/#website\"},\"datePublished\":\"2025-07-25T07:15:20+00:00\",\"dateModified\":\"2025-07-25T09:04:42+00:00\",\"breadcrumb\":{\"@id\":\"https:\\\/\\\/www.wtz.de\\\/euk-tagung\\\/rueckblick\\\/#breadcrumb\"},\"inLanguage\":\"de\",\"potentialAction\":[{\"@type\":\"ReadAction\",\"target\":[\"https:\\\/\\\/www.wtz.de\\\/euk-tagung\\\/rueckblick\\\/\"]}]},{\"@type\":\"BreadcrumbList\",\"@id\":\"https:\\\/\\\/www.wtz.de\\\/euk-tagung\\\/rueckblick\\\/#breadcrumb\",\"itemListElement\":[{\"@type\":\"ListItem\",\"position\":1,\"name\":\"Startseite\",\"item\":\"https:\\\/\\\/www.wtz.de\\\/euk-tagung\\\/home-nach-konferenz\\\/\"},{\"@type\":\"ListItem\",\"position\":2,\"name\":\"R\u00fcckblick\"}]},{\"@type\":\"WebSite\",\"@id\":\"https:\\\/\\\/www.wtz.de\\\/euk-tagung\\\/#website\",\"url\":\"https:\\\/\\\/www.wtz.de\\\/euk-tagung\\\/\",\"name\":\"WTZ Einspritzung und Kraftstoffe Tagung\",\"description\":\"Innovative Science and Research\",\"publisher\":{\"@id\":\"https:\\\/\\\/www.wtz.de\\\/euk-tagung\\\/#organization\"},\"potentialAction\":[{\"@type\":\"SearchAction\",\"target\":{\"@type\":\"EntryPoint\",\"urlTemplate\":\"https:\\\/\\\/www.wtz.de\\\/euk-tagung\\\/?s={search_term_string}\"},\"query-input\":{\"@type\":\"PropertyValueSpecification\",\"valueRequired\":true,\"valueName\":\"search_term_string\"}}],\"inLanguage\":\"de\"},{\"@type\":\"Organization\",\"@id\":\"https:\\\/\\\/www.wtz.de\\\/euk-tagung\\\/#organization\",\"name\":\"Wissenschaftlich-Technische Zentrum Ro\u00dflau\",\"url\":\"https:\\\/\\\/www.wtz.de\\\/euk-tagung\\\/\",\"logo\":{\"@type\":\"ImageObject\",\"inLanguage\":\"de\",\"@id\":\"https:\\\/\\\/www.wtz.de\\\/euk-tagung\\\/#\\\/schema\\\/logo\\\/image\\\/\",\"url\":\"https:\\\/\\\/www.wtz.de\\\/euk-tagung\\\/wp-content\\\/uploads\\\/sites\\\/4\\\/2018\\\/10\\\/cropped-WTZ-Logo-512px.png\",\"contentUrl\":\"https:\\\/\\\/www.wtz.de\\\/euk-tagung\\\/wp-content\\\/uploads\\\/sites\\\/4\\\/2018\\\/10\\\/cropped-WTZ-Logo-512px.png\",\"width\":512,\"height\":512,\"caption\":\"Wissenschaftlich-Technische Zentrum Ro\u00dflau\"},\"image\":{\"@id\":\"https:\\\/\\\/www.wtz.de\\\/euk-tagung\\\/#\\\/schema\\\/logo\\\/image\\\/\"}}]}<\/script>\n<!-- \/ Yoast SEO plugin. -->","yoast_head_json":{"title":"R\u00fcckblick - WTZ EuK Tagung","robots":{"index":"index","follow":"follow","max-snippet":"max-snippet:-1","max-image-preview":"max-image-preview:large","max-video-preview":"max-video-preview:-1"},"canonical":"https:\/\/www.wtz.de\/euk-tagung\/rueckblick\/","og_locale":"de_DE","og_type":"article","og_title":"R\u00fcckblick - WTZ EuK Tagung","og_description":"[vc_row full_width=&#8220;stretch_row&#8220; el_class=&#8220;wtz-responsive-indent wtz_row_indent_top&#8211;responsive&#8220;][vc_column][vc_column_text css=&#8220;&#8220; el_class=&#8220;wtz-content&#8220;]Es war ein voller ERFOLG \u2013 Wir sagen DANKE ! Die 13. Tagung Einspritzung und Kraftstoffe war aus unserer Sicht ein voller Erfolg. \u00a0 Der Tag war gepr\u00e4gt von intensiven Gespr\u00e4chen, einem regen Meinungsaustausch und vielen interessanten Vortr\u00e4gen.\u00a0 Sp\u00e4ter am Abend bot das Technikmuseum Hugo Junkers eine beeindruckende Kulisse f\u00fcr... Artikel ansehen","og_url":"https:\/\/www.wtz.de\/euk-tagung\/rueckblick\/","og_site_name":"WTZ EuK Tagung","article_modified_time":"2025-07-25T09:04:42+00:00","og_image":[{"width":512,"height":512,"url":"https:\/\/www.wtz.de\/euk-tagung\/wp-content\/uploads\/sites\/4\/2018\/10\/cropped-WTZ-Logo-512px.png","type":"image\/png"}],"twitter_card":"summary_large_image","twitter_misc":{"Gesch\u00e4tzte Lesezeit":"17\u00a0Minuten"},"schema":{"@context":"https:\/\/schema.org","@graph":[{"@type":"WebPage","@id":"https:\/\/www.wtz.de\/euk-tagung\/rueckblick\/","url":"https:\/\/www.wtz.de\/euk-tagung\/rueckblick\/","name":"R\u00fcckblick - WTZ EuK Tagung","isPartOf":{"@id":"https:\/\/www.wtz.de\/euk-tagung\/#website"},"datePublished":"2025-07-25T07:15:20+00:00","dateModified":"2025-07-25T09:04:42+00:00","breadcrumb":{"@id":"https:\/\/www.wtz.de\/euk-tagung\/rueckblick\/#breadcrumb"},"inLanguage":"de","potentialAction":[{"@type":"ReadAction","target":["https:\/\/www.wtz.de\/euk-tagung\/rueckblick\/"]}]},{"@type":"BreadcrumbList","@id":"https:\/\/www.wtz.de\/euk-tagung\/rueckblick\/#breadcrumb","itemListElement":[{"@type":"ListItem","position":1,"name":"Startseite","item":"https:\/\/www.wtz.de\/euk-tagung\/home-nach-konferenz\/"},{"@type":"ListItem","position":2,"name":"R\u00fcckblick"}]},{"@type":"WebSite","@id":"https:\/\/www.wtz.de\/euk-tagung\/#website","url":"https:\/\/www.wtz.de\/euk-tagung\/","name":"WTZ Einspritzung und Kraftstoffe Tagung","description":"Innovative Science and Research","publisher":{"@id":"https:\/\/www.wtz.de\/euk-tagung\/#organization"},"potentialAction":[{"@type":"SearchAction","target":{"@type":"EntryPoint","urlTemplate":"https:\/\/www.wtz.de\/euk-tagung\/?s={search_term_string}"},"query-input":{"@type":"PropertyValueSpecification","valueRequired":true,"valueName":"search_term_string"}}],"inLanguage":"de"},{"@type":"Organization","@id":"https:\/\/www.wtz.de\/euk-tagung\/#organization","name":"Wissenschaftlich-Technische Zentrum Ro\u00dflau","url":"https:\/\/www.wtz.de\/euk-tagung\/","logo":{"@type":"ImageObject","inLanguage":"de","@id":"https:\/\/www.wtz.de\/euk-tagung\/#\/schema\/logo\/image\/","url":"https:\/\/www.wtz.de\/euk-tagung\/wp-content\/uploads\/sites\/4\/2018\/10\/cropped-WTZ-Logo-512px.png","contentUrl":"https:\/\/www.wtz.de\/euk-tagung\/wp-content\/uploads\/sites\/4\/2018\/10\/cropped-WTZ-Logo-512px.png","width":512,"height":512,"caption":"Wissenschaftlich-Technische Zentrum Ro\u00dflau"},"image":{"@id":"https:\/\/www.wtz.de\/euk-tagung\/#\/schema\/logo\/image\/"}}]}},"acf":[],"featured_image_src":"","featured_image_src_square":false,"rbea_author_info":{"display_name":"wtzredaktion","author_link":"https:\/\/www.wtz.de\/euk-tagung\/author\/wtzredaktion\/"},"rbea_excerpt_info":"[vc_row full_width=&#8220;stretch_row&#8220; el_class=&#8220;wtz-responsive-indent wtz_row_indent_top&#8211;responsive&#8220;][vc_column][vc_column_text css=&#8220;&#8220; el_class=&#8220;wtz-content&#8220;]Es war ein voller ERFOLG \u2013 Wir sagen DANKE ! Die 13. Tagung Einspritzung und Kraftstoffe war aus unserer Sicht ein voller Erfolg. \u00a0 Der Tag war gepr\u00e4gt von intensiven Gespr\u00e4chen, einem regen Meinungsaustausch und vielen interessanten Vortr\u00e4gen.\u00a0 Sp\u00e4ter am Abend bot das Technikmuseum Hugo Junkers eine beeindruckende Kulisse f\u00fcr... <p class=\"view-article-wrap\"><a class=\"view-article\" href=\"https:\/\/www.wtz.de\/euk-tagung\/rueckblick\/\"><span>Artikel ansehen<\/span><\/a><\/p>","_links":{"self":[{"href":"https:\/\/www.wtz.de\/euk-tagung\/wp-json\/wp\/v2\/pages\/5204","targetHints":{"allow":["GET"]}}],"collection":[{"href":"https:\/\/www.wtz.de\/euk-tagung\/wp-json\/wp\/v2\/pages"}],"about":[{"href":"https:\/\/www.wtz.de\/euk-tagung\/wp-json\/wp\/v2\/types\/page"}],"author":[{"embeddable":true,"href":"https:\/\/www.wtz.de\/euk-tagung\/wp-json\/wp\/v2\/users\/198"}],"replies":[{"embeddable":true,"href":"https:\/\/www.wtz.de\/euk-tagung\/wp-json\/wp\/v2\/comments?post=5204"}],"version-history":[{"count":7,"href":"https:\/\/www.wtz.de\/euk-tagung\/wp-json\/wp\/v2\/pages\/5204\/revisions"}],"predecessor-version":[{"id":5442,"href":"https:\/\/www.wtz.de\/euk-tagung\/wp-json\/wp\/v2\/pages\/5204\/revisions\/5442"}],"wp:attachment":[{"href":"https:\/\/www.wtz.de\/euk-tagung\/wp-json\/wp\/v2\/media?parent=5204"}],"curies":[{"name":"wp","href":"https:\/\/api.w.org\/{rel}","templated":true}]}}