{"id":3754,"date":"2023-07-06T11:26:39","date_gmt":"2023-07-06T09:26:39","guid":{"rendered":"https:\/\/www.wtz.de\/gasmotorenkonferenz\/?page_id=3754"},"modified":"2025-07-22T08:16:34","modified_gmt":"2025-07-22T06:16:34","slug":"referenten","status":"publish","type":"page","link":"https:\/\/www.wtz.de\/gasmotorenkonferenz\/referenten\/","title":{"rendered":"Referenten"},"content":{"rendered":"<div class=\"wpb-content-wrapper\"><p>[vc_row el_class=&#8220;wtz-banner-gradiented&#8220; css=&#8220;.vc_custom_1753118106363{background: #155B25 url(https:\/\/www.wtz.de\/gasmotorenkonferenz\/wp-content\/uploads\/sites\/5\/Foto-CfP-14.-DGMK-scaled.jpg?id=4559) !important;background-position: center !important;background-repeat: no-repeat !important;background-size: cover !important;}&#8220;][vc_column][vc_column_text css=&#8220;&#8220; el_class=&#8220;wtz-banner-text wtz_teaser&#8220;]Referenten[\/vc_column_text][\/vc_column][\/vc_row][vc_row full_width=&#8220;stretch_row&#8220; el_class=&#8220;wtz-responsive-indent wtz_row_indent_top&#8211;responsive&#8220;][vc_column][vc_column_text css=&#8220;&#8220; el_class=&#8220;wtz-content&#8220;]Referenten erhalten Detailinformationen zur Anmeldung sowie den Anmelde-Code per E-Mail zugesandt.[\/vc_column_text][vc_column_text el_class=&#8220;wtz-content&#8220;][\/vc_column_text][\/vc_column][\/vc_row][vc_row full_width=&#8220;stretch_row&#8220; disable_element=&#8220;yes&#8220; el_class=&#8220;wtz-responsive-indent wtz_row_indent_top&#8211;responsive&#8220;][vc_column][vc_column_text el_class=&#8220;wtz_title wtz_head&#8220;]<\/p>\n<h2 style=\"text-align: left;\">INFOS ZUR <strong>EINREICHUNG DES VORTRAGES<br \/>\n<\/strong><\/h2>\n<p>[\/vc_column_text][vc_column_text el_class=&#8220;wtz-content hidden&#8220;]Um Ihre Vortr\u00e4ge einzureichen, registrieren Sie sich \u00fcber unser <span class=\"bold\" style=\"color: #007252;\"><a style=\"color: #007252;\" href=\"https:\/\/www.wtz.de\/gasmotorenkonferenz\/preise-u-anmelden-login\/\">Registrierungsformular<\/a><\/span>. Anschlie\u00dfend k\u00f6nnen Sie \u00fcber ein Formular in Ihrem Referentenbereich Ihren Vortrag einreichen.[\/vc_column_text][\/vc_column][\/vc_row][vc_row disable_element=&#8220;yes&#8220; el_class=&#8220;wtz-responsive-indent wtz_row_indent_top&#8211;responsive&#8220;][vc_column][vc_raw_html]JTNDZGl2JTIwY2xhc3MlM0QlMjJ3dHotYnRuJTIyJTNFJTNDYSUyMGhyZWYlM0QlMjJodHRwcyUzQSUyRiUyRnd3dy53dHouZGUlMkZnYXNtb3RvcmVua29uZmVyZW56JTJGd3AtY29udGVudCUyRnVwbG9hZHMlMkZzaXRlcyUyRjUlMkYyMDE4JTJGMTAlMkZDVi1SZWZlcmVudGVuLUdNSy0yMDI0LmRvY3glMjIlM0VLdXJ6bGViZW5zbGF1ZiUzQyUyRmElM0UlM0MlMkZkaXYlM0U=[\/vc_raw_html][vc_raw_html]JTNDZGl2JTIwY2xhc3MlM0QlMjJ3dHotYnRuJTIyJTNFJTNDYSUyMGhyZWYlM0QlMjJodHRwcyUzQSUyRiUyRnd3dy53dHouZGUlMkZnYXNtb3RvcmVua29uZmVyZW56JTJGd3AtY29udGVudCUyRnVwbG9hZHMlMkZzaXRlcyUyRjUlMkYyMDIzJTJGMTElMkZJbmZvcm1hdGlvbmVuLWZ1ZXItVm9ydHJhZ2VuZGUtMTNfbmV1Li1ER01LLnBkZiUyMnRhcmdldCUzRCUyMGNsYXNzJTNEJTIyd3R6LWJ0biUyMiUzRUluZm9ybWF0aW9uc2JsYXR0JTNDJTJGYSUzRSUzQyUyRmRpdiUzRQ==[\/vc_raw_html][vc_raw_html]JTNDZGl2JTIwY2xhc3MlM0QlMjJ3dHotYnRuJTIyJTNFJTNDYSUyMGhyZWYlM0QlMjJodHRwcyUzQSUyRiUyRnd3dy53dHouZGUlMkZnYXNtb3RvcmVua29uZmVyZW56JTJGd3AtY29udGVudCUyRnVwbG9hZHMlMkZzaXRlcyUyRjUlMkYyMDIzJTJGMTElMkZGb3JtYXR2b3JsYWdlLVZvcnRyYWdzbWFudXNrcmlwdC1HYXNtb3RvcmVuLUtvbmZlcmVuei5kb2N4JTIyJTNFRm9ybWF0dm9ybGFnZSUyMFZvcnRyYWdzbWFudXNrcmlwdCUzQyUyRmElM0UlM0MlMkZkaXYlM0U=[\/vc_raw_html][\/vc_column][\/vc_row][vc_row][vc_column][vc_empty_space][\/vc_column][\/vc_row]<\/p>\n<\/div>","protected":false},"excerpt":{"rendered":"[vc_row el_class=&#8220;wtz-banner-gradiented&#8220; css=&#8220;.vc_custom_1753118106363{background: #155B25 url(https:\/\/www.wtz.de\/gasmotorenkonferenz\/wp-content\/uploads\/sites\/5\/Foto-CfP-14.-DGMK-scaled.jpg?id=4559) !important;background-position: center !important;background-repeat: no-repeat !important;background-size: cover !important;}&#8220;][vc_column][vc_column_text css=&#8220;&#8220; el_class=&#8220;wtz-banner-text wtz_teaser&#8220;]Referenten[\/vc_column_text][\/vc_column][\/vc_row][vc_row full_width=&#8220;stretch_row&#8220; el_class=&#8220;wtz-responsive-indent wtz_row_indent_top&#8211;responsive&#8220;][vc_column][vc_column_text css=&#8220;&#8220; el_class=&#8220;wtz-content&#8220;]Referenten erhalten Detailinformationen zur Anmeldung sowie den Anmelde-Code per E-Mail zugesandt.[\/vc_column_text][vc_column_text el_class=&#8220;wtz-content&#8220;][\/vc_column_text][\/vc_column][\/vc_row][vc_row full_width=&#8220;stretch_row&#8220; disable_element=&#8220;yes&#8220; el_class=&#8220;wtz-responsive-indent wtz_row_indent_top&#8211;responsive&#8220;][vc_column][vc_column_text el_class=&#8220;wtz_title wtz_head&#8220;] INFOS ZUR EINREICHUNG DES VORTRAGES [\/vc_column_text][vc_column_text el_class=&#8220;wtz-content hidden&#8220;]Um Ihre Vortr\u00e4ge einzureichen, registrieren Sie sich \u00fcber unser Registrierungsformular. Anschlie\u00dfend&#8230; <a class=\"view-article\" href=\"https:\/\/www.wtz.de\/gasmotorenkonferenz\/referenten\/\">Artikel ansehen<\/a>","protected":false},"author":198,"featured_media":0,"parent":0,"menu_order":0,"comment_status":"closed","ping_status":"closed","template":"","meta":{"_acf_changed":false,"footnotes":""},"class_list":["post-3754","page","type-page","status-publish","hentry"],"yoast_head":"<!-- This site is optimized with the Yoast SEO plugin v27.3 - https:\/\/yoast.com\/product\/yoast-seo-wordpress\/ -->\n<title>Referenten - WTZ Gasmotorenkonferenz<\/title>\n<meta name=\"robots\" content=\"index, follow, max-snippet:-1, max-image-preview:large, max-video-preview:-1\" \/>\n<link rel=\"canonical\" href=\"https:\/\/www.wtz.de\/gasmotorenkonferenz\/referenten\/\" \/>\n<meta property=\"og:locale\" content=\"de_DE\" \/>\n<meta property=\"og:type\" content=\"article\" \/>\n<meta property=\"og:title\" content=\"Referenten - WTZ Gasmotorenkonferenz\" \/>\n<meta property=\"og:description\" content=\"[vc_row el_class=&#8220;wtz-banner-gradiented&#8220; css=&#8220;.vc_custom_1753118106363{background: #155B25 url(https:\/\/www.wtz.de\/gasmotorenkonferenz\/wp-content\/uploads\/sites\/5\/Foto-CfP-14.-DGMK-scaled.jpg?id=4559) !important;background-position: center !important;background-repeat: no-repeat !important;background-size: cover !important;}&#8220;][vc_column][vc_column_text css=&#8220;&#8220; el_class=&#8220;wtz-banner-text wtz_teaser&#8220;]Referenten[\/vc_column_text][\/vc_column][\/vc_row][vc_row full_width=&#8220;stretch_row&#8220; el_class=&#8220;wtz-responsive-indent wtz_row_indent_top&#8211;responsive&#8220;][vc_column][vc_column_text css=&#8220;&#8220; el_class=&#8220;wtz-content&#8220;]Referenten erhalten Detailinformationen zur Anmeldung sowie den Anmelde-Code per E-Mail zugesandt.[\/vc_column_text][vc_column_text el_class=&#8220;wtz-content&#8220;][\/vc_column_text][\/vc_column][\/vc_row][vc_row full_width=&#8220;stretch_row&#8220; disable_element=&#8220;yes&#8220; el_class=&#8220;wtz-responsive-indent wtz_row_indent_top&#8211;responsive&#8220;][vc_column][vc_column_text el_class=&#8220;wtz_title wtz_head&#8220;] INFOS ZUR EINREICHUNG DES VORTRAGES [\/vc_column_text][vc_column_text el_class=&#8220;wtz-content hidden&#8220;]Um Ihre Vortr\u00e4ge einzureichen, registrieren Sie sich \u00fcber unser Registrierungsformular. Anschlie\u00dfend... Artikel ansehen\" \/>\n<meta property=\"og:url\" content=\"https:\/\/www.wtz.de\/gasmotorenkonferenz\/referenten\/\" \/>\n<meta property=\"og:site_name\" content=\"WTZ Gasmotorenkonferenz\" \/>\n<meta property=\"article:modified_time\" content=\"2025-07-22T06:16:34+00:00\" \/>\n<meta name=\"twitter:card\" content=\"summary_large_image\" \/>\n<meta name=\"twitter:label1\" content=\"Gesch\u00e4tzte Lesezeit\" \/>\n\t<meta name=\"twitter:data1\" content=\"1\u00a0Minute\" \/>\n<script type=\"application\/ld+json\" class=\"yoast-schema-graph\">{\"@context\":\"https:\\\/\\\/schema.org\",\"@graph\":[{\"@type\":\"WebPage\",\"@id\":\"https:\\\/\\\/www.wtz.de\\\/gasmotorenkonferenz\\\/referenten\\\/\",\"url\":\"https:\\\/\\\/www.wtz.de\\\/gasmotorenkonferenz\\\/referenten\\\/\",\"name\":\"Referenten - WTZ Gasmotorenkonferenz\",\"isPartOf\":{\"@id\":\"https:\\\/\\\/www.wtz.de\\\/gasmotorenkonferenz\\\/en\\\/#website\"},\"datePublished\":\"2023-07-06T09:26:39+00:00\",\"dateModified\":\"2025-07-22T06:16:34+00:00\",\"breadcrumb\":{\"@id\":\"https:\\\/\\\/www.wtz.de\\\/gasmotorenkonferenz\\\/referenten\\\/#breadcrumb\"},\"inLanguage\":\"de\",\"potentialAction\":[{\"@type\":\"ReadAction\",\"target\":[\"https:\\\/\\\/www.wtz.de\\\/gasmotorenkonferenz\\\/referenten\\\/\"]}]},{\"@type\":\"BreadcrumbList\",\"@id\":\"https:\\\/\\\/www.wtz.de\\\/gasmotorenkonferenz\\\/referenten\\\/#breadcrumb\",\"itemListElement\":[{\"@type\":\"ListItem\",\"position\":1,\"name\":\"Startseite\",\"item\":\"https:\\\/\\\/www.wtz.de\\\/gasmotorenkonferenz\\\/\"},{\"@type\":\"ListItem\",\"position\":2,\"name\":\"Referenten\"}]},{\"@type\":\"WebSite\",\"@id\":\"https:\\\/\\\/www.wtz.de\\\/gasmotorenkonferenz\\\/en\\\/#website\",\"url\":\"https:\\\/\\\/www.wtz.de\\\/gasmotorenkonferenz\\\/en\\\/\",\"name\":\"WTZ Gasmotorenkonferenz\",\"description\":\"Innovative Science and Research\",\"potentialAction\":[{\"@type\":\"SearchAction\",\"target\":{\"@type\":\"EntryPoint\",\"urlTemplate\":\"https:\\\/\\\/www.wtz.de\\\/gasmotorenkonferenz\\\/en\\\/?s={search_term_string}\"},\"query-input\":{\"@type\":\"PropertyValueSpecification\",\"valueRequired\":true,\"valueName\":\"search_term_string\"}}],\"inLanguage\":\"de\"}]}<\/script>\n<!-- \/ Yoast SEO plugin. -->","yoast_head_json":{"title":"Referenten - WTZ Gasmotorenkonferenz","robots":{"index":"index","follow":"follow","max-snippet":"max-snippet:-1","max-image-preview":"max-image-preview:large","max-video-preview":"max-video-preview:-1"},"canonical":"https:\/\/www.wtz.de\/gasmotorenkonferenz\/referenten\/","og_locale":"de_DE","og_type":"article","og_title":"Referenten - WTZ Gasmotorenkonferenz","og_description":"[vc_row el_class=&#8220;wtz-banner-gradiented&#8220; css=&#8220;.vc_custom_1753118106363{background: #155B25 url(https:\/\/www.wtz.de\/gasmotorenkonferenz\/wp-content\/uploads\/sites\/5\/Foto-CfP-14.-DGMK-scaled.jpg?id=4559) !important;background-position: center !important;background-repeat: no-repeat !important;background-size: cover !important;}&#8220;][vc_column][vc_column_text css=&#8220;&#8220; el_class=&#8220;wtz-banner-text wtz_teaser&#8220;]Referenten[\/vc_column_text][\/vc_column][\/vc_row][vc_row full_width=&#8220;stretch_row&#8220; el_class=&#8220;wtz-responsive-indent wtz_row_indent_top&#8211;responsive&#8220;][vc_column][vc_column_text css=&#8220;&#8220; el_class=&#8220;wtz-content&#8220;]Referenten erhalten Detailinformationen zur Anmeldung sowie den Anmelde-Code per E-Mail zugesandt.[\/vc_column_text][vc_column_text el_class=&#8220;wtz-content&#8220;][\/vc_column_text][\/vc_column][\/vc_row][vc_row full_width=&#8220;stretch_row&#8220; disable_element=&#8220;yes&#8220; el_class=&#8220;wtz-responsive-indent wtz_row_indent_top&#8211;responsive&#8220;][vc_column][vc_column_text el_class=&#8220;wtz_title wtz_head&#8220;] INFOS ZUR EINREICHUNG DES VORTRAGES [\/vc_column_text][vc_column_text el_class=&#8220;wtz-content hidden&#8220;]Um Ihre Vortr\u00e4ge einzureichen, registrieren Sie sich \u00fcber unser Registrierungsformular. Anschlie\u00dfend... Artikel ansehen","og_url":"https:\/\/www.wtz.de\/gasmotorenkonferenz\/referenten\/","og_site_name":"WTZ Gasmotorenkonferenz","article_modified_time":"2025-07-22T06:16:34+00:00","twitter_card":"summary_large_image","twitter_misc":{"Gesch\u00e4tzte Lesezeit":"1\u00a0Minute"},"schema":{"@context":"https:\/\/schema.org","@graph":[{"@type":"WebPage","@id":"https:\/\/www.wtz.de\/gasmotorenkonferenz\/referenten\/","url":"https:\/\/www.wtz.de\/gasmotorenkonferenz\/referenten\/","name":"Referenten - WTZ Gasmotorenkonferenz","isPartOf":{"@id":"https:\/\/www.wtz.de\/gasmotorenkonferenz\/en\/#website"},"datePublished":"2023-07-06T09:26:39+00:00","dateModified":"2025-07-22T06:16:34+00:00","breadcrumb":{"@id":"https:\/\/www.wtz.de\/gasmotorenkonferenz\/referenten\/#breadcrumb"},"inLanguage":"de","potentialAction":[{"@type":"ReadAction","target":["https:\/\/www.wtz.de\/gasmotorenkonferenz\/referenten\/"]}]},{"@type":"BreadcrumbList","@id":"https:\/\/www.wtz.de\/gasmotorenkonferenz\/referenten\/#breadcrumb","itemListElement":[{"@type":"ListItem","position":1,"name":"Startseite","item":"https:\/\/www.wtz.de\/gasmotorenkonferenz\/"},{"@type":"ListItem","position":2,"name":"Referenten"}]},{"@type":"WebSite","@id":"https:\/\/www.wtz.de\/gasmotorenkonferenz\/en\/#website","url":"https:\/\/www.wtz.de\/gasmotorenkonferenz\/en\/","name":"WTZ Gasmotorenkonferenz","description":"Innovative Science and Research","potentialAction":[{"@type":"SearchAction","target":{"@type":"EntryPoint","urlTemplate":"https:\/\/www.wtz.de\/gasmotorenkonferenz\/en\/?s={search_term_string}"},"query-input":{"@type":"PropertyValueSpecification","valueRequired":true,"valueName":"search_term_string"}}],"inLanguage":"de"}]}},"acf":[],"featured_image_src":"","featured_image_src_square":false,"rbea_author_info":{"display_name":"wtzredaktion","author_link":"https:\/\/www.wtz.de\/gasmotorenkonferenz\/author\/wtzredaktion\/"},"rbea_excerpt_info":"[vc_row el_class=&#8220;wtz-banner-gradiented&#8220; css=&#8220;.vc_custom_1753118106363{background: #155B25 url(https:\/\/www.wtz.de\/gasmotorenkonferenz\/wp-content\/uploads\/sites\/5\/Foto-CfP-14.-DGMK-scaled.jpg?id=4559) !important;background-position: center !important;background-repeat: no-repeat !important;background-size: cover !important;}&#8220;][vc_column][vc_column_text css=&#8220;&#8220; el_class=&#8220;wtz-banner-text wtz_teaser&#8220;]Referenten[\/vc_column_text][\/vc_column][\/vc_row][vc_row full_width=&#8220;stretch_row&#8220; el_class=&#8220;wtz-responsive-indent wtz_row_indent_top&#8211;responsive&#8220;][vc_column][vc_column_text css=&#8220;&#8220; el_class=&#8220;wtz-content&#8220;]Referenten erhalten Detailinformationen zur Anmeldung sowie den Anmelde-Code per E-Mail zugesandt.[\/vc_column_text][vc_column_text el_class=&#8220;wtz-content&#8220;][\/vc_column_text][\/vc_column][\/vc_row][vc_row full_width=&#8220;stretch_row&#8220; disable_element=&#8220;yes&#8220; el_class=&#8220;wtz-responsive-indent wtz_row_indent_top&#8211;responsive&#8220;][vc_column][vc_column_text el_class=&#8220;wtz_title wtz_head&#8220;] INFOS ZUR EINREICHUNG DES VORTRAGES [\/vc_column_text][vc_column_text el_class=&#8220;wtz-content hidden&#8220;]Um Ihre Vortr\u00e4ge einzureichen, registrieren Sie sich \u00fcber unser Registrierungsformular. Anschlie\u00dfend... <a class=\"view-article\" href=\"https:\/\/www.wtz.de\/gasmotorenkonferenz\/referenten\/\">Artikel ansehen<\/a>","_links":{"self":[{"href":"https:\/\/www.wtz.de\/gasmotorenkonferenz\/wp-json\/wp\/v2\/pages\/3754","targetHints":{"allow":["GET"]}}],"collection":[{"href":"https:\/\/www.wtz.de\/gasmotorenkonferenz\/wp-json\/wp\/v2\/pages"}],"about":[{"href":"https:\/\/www.wtz.de\/gasmotorenkonferenz\/wp-json\/wp\/v2\/types\/page"}],"author":[{"embeddable":true,"href":"https:\/\/www.wtz.de\/gasmotorenkonferenz\/wp-json\/wp\/v2\/users\/198"}],"replies":[{"embeddable":true,"href":"https:\/\/www.wtz.de\/gasmotorenkonferenz\/wp-json\/wp\/v2\/comments?post=3754"}],"version-history":[{"count":42,"href":"https:\/\/www.wtz.de\/gasmotorenkonferenz\/wp-json\/wp\/v2\/pages\/3754\/revisions"}],"predecessor-version":[{"id":4820,"href":"https:\/\/www.wtz.de\/gasmotorenkonferenz\/wp-json\/wp\/v2\/pages\/3754\/revisions\/4820"}],"wp:attachment":[{"href":"https:\/\/www.wtz.de\/gasmotorenkonferenz\/wp-json\/wp\/v2\/media?parent=3754"}],"curies":[{"name":"wp","href":"https:\/\/api.w.org\/{rel}","templated":true}]}}