{"id":3763,"date":"2023-07-06T11:47:27","date_gmt":"2023-07-06T09:47:27","guid":{"rendered":"https:\/\/www.wtz.de\/gasmotorenkonferenz\/?page_id=3763"},"modified":"2026-01-26T10:45:42","modified_gmt":"2026-01-26T09:45:42","slug":"teilnehmer","status":"publish","type":"page","link":"https:\/\/www.wtz.de\/gasmotorenkonferenz\/teilnehmer\/","title":{"rendered":"Teilnehmer und Aussteller"},"content":{"rendered":"<div class=\"wpb-content-wrapper\"><p>[vc_row el_class=&#8220;wtz-banner-gradiented&#8220; css=&#8220;.vc_custom_1753118106363{background: #155B25 url(https:\/\/www.wtz.de\/gasmotorenkonferenz\/wp-content\/uploads\/sites\/5\/Foto-CfP-14.-DGMK-scaled.jpg?id=4559) !important;background-position: center !important;background-repeat: no-repeat !important;background-size: cover !important;}&#8220;][vc_column][vc_column_text css=&#8220;&#8220; el_class=&#8220;wtz-banner-text wtz_teaser&#8220;]Teilnehmer und Aussteller[\/vc_column_text][\/vc_column][\/vc_row][vc_row full_width=&#8220;stretch_row&#8220; el_class=&#8220;wtz-responsive-indent wtz_row_indent_top&#8211;responsive&#8220;][vc_column][vc_column_text css=&#8220;&#8220; el_class=&#8220;wtz-content&#8220;]Die Anmeldung f\u00fcr die Dessauer Gasmotoren-Konferenz ist ab sofort m\u00f6glich.<\/p>\n<p>Ebenso k\u00f6nnen Sie dann auch die Ausstellungsst\u00e4nde im Anmeldeshop buchen.<\/p>\n<p>Gehen Sie dazu in der oberen Men\u00fc-Leiste auf den Reiter &#8222;Shop&#8220;.[\/vc_column_text][vc_column_text el_class=&#8220;wtz-content&#8220;][\/vc_column_text][\/vc_column][\/vc_row][vc_row full_width=&#8220;stretch_row&#8220; disable_element=&#8220;yes&#8220; el_class=&#8220;wtz-responsive-indent wtz_row_indent_top&#8211;responsive&#8220;][vc_column][vc_column_text el_class=&#8220;wtz_title wtz_head&#8220;]<\/p>\n<h2 style=\"text-align: left;\">INFOS ZUR <strong>EINREICHUNG DES VORTRAGES<br \/>\n<\/strong><\/h2>\n<p>[\/vc_column_text][vc_column_text el_class=&#8220;wtz-content hidden&#8220;]Um Ihre Vortr\u00e4ge einzureichen, registrieren Sie sich \u00fcber unser <span class=\"bold\" style=\"color: #007252;\"><a style=\"color: #007252;\" href=\"https:\/\/www.wtz.de\/gasmotorenkonferenz\/preise-u-anmelden-login\/\">Registrierungsformular<\/a><\/span>. Anschlie\u00dfend k\u00f6nnen Sie \u00fcber ein Formular in Ihrem Referentenbereich Ihren Vortrag einreichen.[\/vc_column_text][\/vc_column][\/vc_row][vc_row full_width=&#8220;stretch_row&#8220; disable_element=&#8220;yes&#8220; el_class=&#8220;wtz-responsive-indent wtz_row_indent_top&#8211;responsive&#8220;][vc_column width=&#8220;1\/2&#8243;][vc_raw_html]JTNDZGl2JTIwY2xhc3MlM0QlMjJ3dHotYnRuJTIyJTNFJTNDYSUyMGhyZWYlM0QlMjJodHRwcyUzQSUyRiUyRnd3dy53dHouZGUlMkZnYXNtb3RvcmVua29uZmVyZW56JTJGd3AtY29udGVudCUyRnVwbG9hZHMlMkYyMDE4JTJGMTAlMkZHZXN0YWx0dW5nLXZvbi1Wb3J0ciVDMyVBNGdlbi5wZGYlMjIlM0VHZXN0YWx0dW5nJTIwR2FzdHZvcnRyJUMzJUE0Z2UlM0MlMkZhJTNFJTNDJTJGZGl2JTNF[\/vc_raw_html][\/vc_column][vc_column width=&#8220;1\/2&#8243;][vc_raw_html]JTNDZGl2JTIwY2xhc3MlM0QlMjJ3dHotYnRuJTIyJTNFJTNDYSUyMGhyZWYlM0QlMjJodHRwcyUzQSUyRiUyRnd3dy53dHouZGUlMkZnYXNtb3RvcmVua29uZmVyZW56JTJGd3AtY29udGVudCUyRnVwbG9hZHMlMkYyMDE4JTJGMTAlMkZHZXN0YWx0dW5nLUt1cnpmYXNzdW5nLnBkZiUyMiUzRUdlc3RhbHR1bmclMjBLdXJ6ZmFzc3VuZyUzQyUyRmElM0UlM0MlMkZkaXYlM0U=[\/vc_raw_html][\/vc_column][\/vc_row][vc_row][vc_column][vc_empty_space][\/vc_column][\/vc_row]<\/p>\n<\/div>","protected":false},"excerpt":{"rendered":"[vc_row el_class=&#8220;wtz-banner-gradiented&#8220; css=&#8220;.vc_custom_1753118106363{background: #155B25 url(https:\/\/www.wtz.de\/gasmotorenkonferenz\/wp-content\/uploads\/sites\/5\/Foto-CfP-14.-DGMK-scaled.jpg?id=4559) !important;background-position: center !important;background-repeat: no-repeat !important;background-size: cover !important;}&#8220;][vc_column][vc_column_text css=&#8220;&#8220; el_class=&#8220;wtz-banner-text wtz_teaser&#8220;]Teilnehmer und Aussteller[\/vc_column_text][\/vc_column][\/vc_row][vc_row full_width=&#8220;stretch_row&#8220; el_class=&#8220;wtz-responsive-indent wtz_row_indent_top&#8211;responsive&#8220;][vc_column][vc_column_text css=&#8220;&#8220; el_class=&#8220;wtz-content&#8220;]Die Anmeldung f\u00fcr die Dessauer Gasmotoren-Konferenz ist ab sofort m\u00f6glich. Ebenso k\u00f6nnen Sie dann auch die Ausstellungsst\u00e4nde im Anmeldeshop buchen. Gehen Sie dazu in der oberen Men\u00fc-Leiste auf den Reiter &#8222;Shop&#8220;.[\/vc_column_text][vc_column_text el_class=&#8220;wtz-content&#8220;][\/vc_column_text][\/vc_column][\/vc_row][vc_row full_width=&#8220;stretch_row&#8220; disable_element=&#8220;yes&#8220;&#8230; <a class=\"view-article\" href=\"https:\/\/www.wtz.de\/gasmotorenkonferenz\/teilnehmer\/\">Artikel ansehen<\/a>","protected":false},"author":198,"featured_media":0,"parent":0,"menu_order":0,"comment_status":"closed","ping_status":"closed","template":"","meta":{"_acf_changed":false,"footnotes":""},"class_list":["post-3763","page","type-page","status-publish","hentry"],"yoast_head":"<!-- This site is optimized with the Yoast SEO plugin v27.3 - https:\/\/yoast.com\/product\/yoast-seo-wordpress\/ -->\n<title>Teilnehmer und Aussteller - WTZ Gasmotorenkonferenz<\/title>\n<meta name=\"robots\" content=\"index, follow, max-snippet:-1, max-image-preview:large, max-video-preview:-1\" \/>\n<link rel=\"canonical\" href=\"https:\/\/www.wtz.de\/gasmotorenkonferenz\/teilnehmer\/\" \/>\n<meta property=\"og:locale\" content=\"de_DE\" \/>\n<meta property=\"og:type\" content=\"article\" \/>\n<meta property=\"og:title\" content=\"Teilnehmer und Aussteller - WTZ Gasmotorenkonferenz\" \/>\n<meta property=\"og:description\" content=\"[vc_row el_class=&#8220;wtz-banner-gradiented&#8220; css=&#8220;.vc_custom_1753118106363{background: #155B25 url(https:\/\/www.wtz.de\/gasmotorenkonferenz\/wp-content\/uploads\/sites\/5\/Foto-CfP-14.-DGMK-scaled.jpg?id=4559) !important;background-position: center !important;background-repeat: no-repeat !important;background-size: cover !important;}&#8220;][vc_column][vc_column_text css=&#8220;&#8220; el_class=&#8220;wtz-banner-text wtz_teaser&#8220;]Teilnehmer und Aussteller[\/vc_column_text][\/vc_column][\/vc_row][vc_row full_width=&#8220;stretch_row&#8220; el_class=&#8220;wtz-responsive-indent wtz_row_indent_top&#8211;responsive&#8220;][vc_column][vc_column_text css=&#8220;&#8220; el_class=&#8220;wtz-content&#8220;]Die Anmeldung f\u00fcr die Dessauer Gasmotoren-Konferenz ist ab sofort m\u00f6glich. Ebenso k\u00f6nnen Sie dann auch die Ausstellungsst\u00e4nde im Anmeldeshop buchen. Gehen Sie dazu in der oberen Men\u00fc-Leiste auf den Reiter &#8222;Shop&#8220;.[\/vc_column_text][vc_column_text el_class=&#8220;wtz-content&#8220;][\/vc_column_text][\/vc_column][\/vc_row][vc_row full_width=&#8220;stretch_row&#8220; disable_element=&#8220;yes&#8220;... Artikel ansehen\" \/>\n<meta property=\"og:url\" content=\"https:\/\/www.wtz.de\/gasmotorenkonferenz\/teilnehmer\/\" \/>\n<meta property=\"og:site_name\" content=\"WTZ Gasmotorenkonferenz\" \/>\n<meta property=\"article:modified_time\" content=\"2026-01-26T09:45:42+00:00\" \/>\n<meta name=\"twitter:card\" content=\"summary_large_image\" \/>\n<meta name=\"twitter:label1\" content=\"Gesch\u00e4tzte Lesezeit\" \/>\n\t<meta name=\"twitter:data1\" content=\"1\u00a0Minute\" \/>\n<script type=\"application\/ld+json\" class=\"yoast-schema-graph\">{\"@context\":\"https:\\\/\\\/schema.org\",\"@graph\":[{\"@type\":\"WebPage\",\"@id\":\"https:\\\/\\\/www.wtz.de\\\/gasmotorenkonferenz\\\/teilnehmer\\\/\",\"url\":\"https:\\\/\\\/www.wtz.de\\\/gasmotorenkonferenz\\\/teilnehmer\\\/\",\"name\":\"Teilnehmer und Aussteller - WTZ Gasmotorenkonferenz\",\"isPartOf\":{\"@id\":\"https:\\\/\\\/www.wtz.de\\\/gasmotorenkonferenz\\\/en\\\/#website\"},\"datePublished\":\"2023-07-06T09:47:27+00:00\",\"dateModified\":\"2026-01-26T09:45:42+00:00\",\"breadcrumb\":{\"@id\":\"https:\\\/\\\/www.wtz.de\\\/gasmotorenkonferenz\\\/teilnehmer\\\/#breadcrumb\"},\"inLanguage\":\"de\",\"potentialAction\":[{\"@type\":\"ReadAction\",\"target\":[\"https:\\\/\\\/www.wtz.de\\\/gasmotorenkonferenz\\\/teilnehmer\\\/\"]}]},{\"@type\":\"BreadcrumbList\",\"@id\":\"https:\\\/\\\/www.wtz.de\\\/gasmotorenkonferenz\\\/teilnehmer\\\/#breadcrumb\",\"itemListElement\":[{\"@type\":\"ListItem\",\"position\":1,\"name\":\"Startseite\",\"item\":\"https:\\\/\\\/www.wtz.de\\\/gasmotorenkonferenz\\\/\"},{\"@type\":\"ListItem\",\"position\":2,\"name\":\"Teilnehmer und Aussteller\"}]},{\"@type\":\"WebSite\",\"@id\":\"https:\\\/\\\/www.wtz.de\\\/gasmotorenkonferenz\\\/en\\\/#website\",\"url\":\"https:\\\/\\\/www.wtz.de\\\/gasmotorenkonferenz\\\/en\\\/\",\"name\":\"WTZ Gasmotorenkonferenz\",\"description\":\"Innovative Science and Research\",\"potentialAction\":[{\"@type\":\"SearchAction\",\"target\":{\"@type\":\"EntryPoint\",\"urlTemplate\":\"https:\\\/\\\/www.wtz.de\\\/gasmotorenkonferenz\\\/en\\\/?s={search_term_string}\"},\"query-input\":{\"@type\":\"PropertyValueSpecification\",\"valueRequired\":true,\"valueName\":\"search_term_string\"}}],\"inLanguage\":\"de\"}]}<\/script>\n<!-- \/ Yoast SEO plugin. -->","yoast_head_json":{"title":"Teilnehmer und Aussteller - WTZ Gasmotorenkonferenz","robots":{"index":"index","follow":"follow","max-snippet":"max-snippet:-1","max-image-preview":"max-image-preview:large","max-video-preview":"max-video-preview:-1"},"canonical":"https:\/\/www.wtz.de\/gasmotorenkonferenz\/teilnehmer\/","og_locale":"de_DE","og_type":"article","og_title":"Teilnehmer und Aussteller - WTZ Gasmotorenkonferenz","og_description":"[vc_row el_class=&#8220;wtz-banner-gradiented&#8220; css=&#8220;.vc_custom_1753118106363{background: #155B25 url(https:\/\/www.wtz.de\/gasmotorenkonferenz\/wp-content\/uploads\/sites\/5\/Foto-CfP-14.-DGMK-scaled.jpg?id=4559) !important;background-position: center !important;background-repeat: no-repeat !important;background-size: cover !important;}&#8220;][vc_column][vc_column_text css=&#8220;&#8220; el_class=&#8220;wtz-banner-text wtz_teaser&#8220;]Teilnehmer und Aussteller[\/vc_column_text][\/vc_column][\/vc_row][vc_row full_width=&#8220;stretch_row&#8220; el_class=&#8220;wtz-responsive-indent wtz_row_indent_top&#8211;responsive&#8220;][vc_column][vc_column_text css=&#8220;&#8220; el_class=&#8220;wtz-content&#8220;]Die Anmeldung f\u00fcr die Dessauer Gasmotoren-Konferenz ist ab sofort m\u00f6glich. Ebenso k\u00f6nnen Sie dann auch die Ausstellungsst\u00e4nde im Anmeldeshop buchen. Gehen Sie dazu in der oberen Men\u00fc-Leiste auf den Reiter &#8222;Shop&#8220;.[\/vc_column_text][vc_column_text el_class=&#8220;wtz-content&#8220;][\/vc_column_text][\/vc_column][\/vc_row][vc_row full_width=&#8220;stretch_row&#8220; disable_element=&#8220;yes&#8220;... Artikel ansehen","og_url":"https:\/\/www.wtz.de\/gasmotorenkonferenz\/teilnehmer\/","og_site_name":"WTZ Gasmotorenkonferenz","article_modified_time":"2026-01-26T09:45:42+00:00","twitter_card":"summary_large_image","twitter_misc":{"Gesch\u00e4tzte Lesezeit":"1\u00a0Minute"},"schema":{"@context":"https:\/\/schema.org","@graph":[{"@type":"WebPage","@id":"https:\/\/www.wtz.de\/gasmotorenkonferenz\/teilnehmer\/","url":"https:\/\/www.wtz.de\/gasmotorenkonferenz\/teilnehmer\/","name":"Teilnehmer und Aussteller - WTZ Gasmotorenkonferenz","isPartOf":{"@id":"https:\/\/www.wtz.de\/gasmotorenkonferenz\/en\/#website"},"datePublished":"2023-07-06T09:47:27+00:00","dateModified":"2026-01-26T09:45:42+00:00","breadcrumb":{"@id":"https:\/\/www.wtz.de\/gasmotorenkonferenz\/teilnehmer\/#breadcrumb"},"inLanguage":"de","potentialAction":[{"@type":"ReadAction","target":["https:\/\/www.wtz.de\/gasmotorenkonferenz\/teilnehmer\/"]}]},{"@type":"BreadcrumbList","@id":"https:\/\/www.wtz.de\/gasmotorenkonferenz\/teilnehmer\/#breadcrumb","itemListElement":[{"@type":"ListItem","position":1,"name":"Startseite","item":"https:\/\/www.wtz.de\/gasmotorenkonferenz\/"},{"@type":"ListItem","position":2,"name":"Teilnehmer und Aussteller"}]},{"@type":"WebSite","@id":"https:\/\/www.wtz.de\/gasmotorenkonferenz\/en\/#website","url":"https:\/\/www.wtz.de\/gasmotorenkonferenz\/en\/","name":"WTZ Gasmotorenkonferenz","description":"Innovative Science and Research","potentialAction":[{"@type":"SearchAction","target":{"@type":"EntryPoint","urlTemplate":"https:\/\/www.wtz.de\/gasmotorenkonferenz\/en\/?s={search_term_string}"},"query-input":{"@type":"PropertyValueSpecification","valueRequired":true,"valueName":"search_term_string"}}],"inLanguage":"de"}]}},"acf":[],"featured_image_src":"","featured_image_src_square":false,"rbea_author_info":{"display_name":"wtzredaktion","author_link":"https:\/\/www.wtz.de\/gasmotorenkonferenz\/author\/wtzredaktion\/"},"rbea_excerpt_info":"[vc_row el_class=&#8220;wtz-banner-gradiented&#8220; css=&#8220;.vc_custom_1753118106363{background: #155B25 url(https:\/\/www.wtz.de\/gasmotorenkonferenz\/wp-content\/uploads\/sites\/5\/Foto-CfP-14.-DGMK-scaled.jpg?id=4559) !important;background-position: center !important;background-repeat: no-repeat !important;background-size: cover !important;}&#8220;][vc_column][vc_column_text css=&#8220;&#8220; el_class=&#8220;wtz-banner-text wtz_teaser&#8220;]Teilnehmer und Aussteller[\/vc_column_text][\/vc_column][\/vc_row][vc_row full_width=&#8220;stretch_row&#8220; el_class=&#8220;wtz-responsive-indent wtz_row_indent_top&#8211;responsive&#8220;][vc_column][vc_column_text css=&#8220;&#8220; el_class=&#8220;wtz-content&#8220;]Die Anmeldung f\u00fcr die Dessauer Gasmotoren-Konferenz ist ab sofort m\u00f6glich. Ebenso k\u00f6nnen Sie dann auch die Ausstellungsst\u00e4nde im Anmeldeshop buchen. Gehen Sie dazu in der oberen Men\u00fc-Leiste auf den Reiter &#8222;Shop&#8220;.[\/vc_column_text][vc_column_text el_class=&#8220;wtz-content&#8220;][\/vc_column_text][\/vc_column][\/vc_row][vc_row full_width=&#8220;stretch_row&#8220; disable_element=&#8220;yes&#8220;... <a class=\"view-article\" href=\"https:\/\/www.wtz.de\/gasmotorenkonferenz\/teilnehmer\/\">Artikel ansehen<\/a>","_links":{"self":[{"href":"https:\/\/www.wtz.de\/gasmotorenkonferenz\/wp-json\/wp\/v2\/pages\/3763","targetHints":{"allow":["GET"]}}],"collection":[{"href":"https:\/\/www.wtz.de\/gasmotorenkonferenz\/wp-json\/wp\/v2\/pages"}],"about":[{"href":"https:\/\/www.wtz.de\/gasmotorenkonferenz\/wp-json\/wp\/v2\/types\/page"}],"author":[{"embeddable":true,"href":"https:\/\/www.wtz.de\/gasmotorenkonferenz\/wp-json\/wp\/v2\/users\/198"}],"replies":[{"embeddable":true,"href":"https:\/\/www.wtz.de\/gasmotorenkonferenz\/wp-json\/wp\/v2\/comments?post=3763"}],"version-history":[{"count":11,"href":"https:\/\/www.wtz.de\/gasmotorenkonferenz\/wp-json\/wp\/v2\/pages\/3763\/revisions"}],"predecessor-version":[{"id":4902,"href":"https:\/\/www.wtz.de\/gasmotorenkonferenz\/wp-json\/wp\/v2\/pages\/3763\/revisions\/4902"}],"wp:attachment":[{"href":"https:\/\/www.wtz.de\/gasmotorenkonferenz\/wp-json\/wp\/v2\/media?parent=3763"}],"curies":[{"name":"wp","href":"https:\/\/api.w.org\/{rel}","templated":true}]}}