{"id":401,"date":"2018-10-02T16:21:36","date_gmt":"2018-10-02T14:21:36","guid":{"rendered":"http:\/\/dieselengine.de\/wtzneu\/gasmotorenkonferenz\/?page_id=401"},"modified":"2019-02-22T09:21:07","modified_gmt":"2019-02-22T08:21:07","slug":"widerrufsbelehrung","status":"publish","type":"page","link":"https:\/\/www.wtz.de\/gasmotorenkonferenz\/widerrufsbelehrung\/","title":{"rendered":"Widerrufsbelehrung"},"content":{"rendered":"<div class=\"wpb-content-wrapper\"><p>[vc_row full_width=&#8220;stretch_row&#8220; el_class=&#8220;wtz-responsive-indent wtz_row_indent_top&#8211;responsive&#8220;][vc_column][vc_column_text el_class=&#8220;wtz_title wtz_head&#8220;]<\/p>\n<h1 style=\"text-align: left;\"><strong>Widerrufsbelehrung<\/strong><\/h1>\n<p>[\/vc_column_text][vc_column_text el_class=&#8220;wtz-content&#8220;]<\/p>\n<h4><strong id=\"widerruf\">Widerrufsbelehrung, Widerrufsformular<\/strong><\/h4>\n<p><strong>(1) Widerrufsrecht<\/strong><\/p>\n<p>Sie haben das Recht, binnen zehn Tagen ohne Angabe von Gr\u00fcnden diesen Vertrag zu widerrufen. Die Widerrufsfrist betr\u00e4gt zehn Tage ab dem Tag, an dem Sie oder ein von Ihnen benannter Dritter, der nicht der Bef\u00f6rderer ist, die Waren in Besitz genommen haben bzw. hat.<\/p>\n<p>Um Ihr Widerrufsrecht auszu\u00fcben, m\u00fcssen Sie uns (WTZ Ro\u00dflau gGmbH, Telefax: 034901883 120, E-Mail: <a href=\"javascript:secureDecryptAndNavigate('By\/iIcZT4rvBZ0YF52PLVGfVsVixcFwHMCUKRTb7rwpa2tFfZQQyx4Qe51Ds0h0mPTqzR96dvcQu22BVv+uxI3vc', '74be859c6f4b44d6bcf33f5e08965d298bddf05df18476256248702bf1afe28d')\">&#105;&#110;&#102;o&#64;&#119;&#116;&#122;.&#100;&#101;<\/a>) mittels einer eindeutigen Erkl\u00e4rung (z.B. ein mit der Post versandter Brief, Telefax oder E-Mail) \u00fcber Ihren Entschluss, diesen Vertrag zu widerrufen, informieren. Sie k\u00f6nnen daf\u00fcr das beigef\u00fcgte Muster-Widerrufsformular verwenden, das jedoch nicht vorgeschrieben ist. Zur Wahrung der Widerrufsfrist reicht es aus, dass Sie die Mitteilung \u00fcber die Aus\u00fcbung des Widerrufsrechts vor Ablauf der Widerrufsfrist absenden.<\/p>\n<p><strong>Folgen des Widerrufs<\/strong><br \/>\nWenn Sie diesen Vertrag widerrufen, haben wir Ihnen alle Zahlungen, die wir von Ihnen erhalten haben, unverz\u00fcglich und sp\u00e4testens binnen vierzehn Tagen ab dem Tag zur\u00fcckzuzahlen, an dem die Mitteilung \u00fcber Ihren Widerruf dieses Vertrags bei uns eingegangen ist. F\u00fcr diese R\u00fcckzahlung verwenden wir dasselbe Zahlungsmittel, das Sie bei der urspr\u00fcnglichen Transaktion eingesetzt haben, es sei denn, mit Ihnen wurde ausdr\u00fccklich etwas anderes vereinbart; in keinem Fall werden Ihnen wegen dieser R\u00fcckzahlung Entgelte berechnet.<\/p>\n<p>Sie m\u00fcssen f\u00fcr einen etwaigen Wertverlust der Waren nur aufkommen, wenn dieser Wertverlust auf einen zur Pr\u00fcfung der Beschaffenheit, Eigenschaften und Funktionsweise der Waren nicht notwendigen Umgang mit Ihnen zur\u00fcckzuf\u00fchren ist.<\/p>\n<p><strong>Ausschluss des Widerrufsrechts<\/strong><\/p>\n<p>Das Widerrufsrecht besteht nicht bei Vertr\u00e4gen zur Lieferung von Waren, die nicht vorgefertigt sind und f\u00fcr deren Herstellung eine individuelle Auswahl oder Bestimmung durch den Verbraucher ma\u00dfgeblich ist oder die eindeutig auf die pers\u00f6nlichen Bed\u00fcrfnisse des Verbrauchers zugeschnitten sind.<\/p>\n<p><strong>(2)<\/strong> Wenn Sie den Vetrag widerrufen wollen, dann f\u00fcllen Sie nachfolgendes <span class=\"bold\" style=\"color: #007252;\"><a style=\"color: #007252;\" href=\"https:\/\/www.wtz.de\/gasmotorenkonferenz\/wp-content\/uploads\/2018\/10\/Text-Widerrufsrecht-Shop.pdf\" target=\"_blank\" rel=\"noopener\">Formular <\/a><\/span>aus und senden Sie es uns mittels Fax, Email oder postalisch zur\u00fcck.[\/vc_column_text][vc_empty_space][\/vc_column][\/vc_row]<\/p>\n<\/div>","protected":false},"excerpt":{"rendered":"[vc_row full_width=&#8220;stretch_row&#8220; el_class=&#8220;wtz-responsive-indent wtz_row_indent_top&#8211;responsive&#8220;][vc_column][vc_column_text el_class=&#8220;wtz_title wtz_head&#8220;] Widerrufsbelehrung [\/vc_column_text][vc_column_text el_class=&#8220;wtz-content&#8220;] Widerrufsbelehrung, Widerrufsformular (1) Widerrufsrecht Sie haben das Recht, binnen zehn Tagen ohne Angabe von Gr\u00fcnden diesen Vertrag zu widerrufen. Die Widerrufsfrist betr\u00e4gt zehn Tage ab dem Tag, an dem Sie oder ein von Ihnen benannter Dritter, der nicht der Bef\u00f6rderer ist, die Waren in Besitz genommen&#8230; <a class=\"view-article\" href=\"https:\/\/www.wtz.de\/gasmotorenkonferenz\/widerrufsbelehrung\/\">Artikel ansehen<\/a>","protected":false},"author":10,"featured_media":0,"parent":0,"menu_order":0,"comment_status":"closed","ping_status":"closed","template":"","meta":{"_acf_changed":false,"footnotes":""},"class_list":["post-401","page","type-page","status-publish","hentry"],"yoast_head":"<!-- This site is optimized with the Yoast SEO plugin v27.3 - https:\/\/yoast.com\/product\/yoast-seo-wordpress\/ -->\n<title>Widerrufsbelehrung - WTZ Gasmotorenkonferenz<\/title>\n<meta name=\"robots\" content=\"index, follow, max-snippet:-1, max-image-preview:large, max-video-preview:-1\" \/>\n<link rel=\"canonical\" href=\"https:\/\/www.wtz.de\/gasmotorenkonferenz\/widerrufsbelehrung\/\" \/>\n<meta property=\"og:locale\" content=\"de_DE\" \/>\n<meta property=\"og:type\" content=\"article\" \/>\n<meta property=\"og:title\" content=\"Widerrufsbelehrung - WTZ Gasmotorenkonferenz\" \/>\n<meta property=\"og:description\" content=\"[vc_row full_width=&#8220;stretch_row&#8220; el_class=&#8220;wtz-responsive-indent wtz_row_indent_top&#8211;responsive&#8220;][vc_column][vc_column_text el_class=&#8220;wtz_title wtz_head&#8220;] Widerrufsbelehrung [\/vc_column_text][vc_column_text el_class=&#8220;wtz-content&#8220;] Widerrufsbelehrung, Widerrufsformular (1) Widerrufsrecht Sie haben das Recht, binnen zehn Tagen ohne Angabe von Gr\u00fcnden diesen Vertrag zu widerrufen. Die Widerrufsfrist betr\u00e4gt zehn Tage ab dem Tag, an dem Sie oder ein von Ihnen benannter Dritter, der nicht der Bef\u00f6rderer ist, die Waren in Besitz genommen... Artikel ansehen\" \/>\n<meta property=\"og:url\" content=\"https:\/\/www.wtz.de\/gasmotorenkonferenz\/widerrufsbelehrung\/\" \/>\n<meta property=\"og:site_name\" content=\"WTZ Gasmotorenkonferenz\" \/>\n<meta property=\"article:modified_time\" content=\"2019-02-22T08:21:07+00:00\" \/>\n<meta name=\"twitter:card\" content=\"summary_large_image\" \/>\n<meta name=\"twitter:label1\" content=\"Gesch\u00e4tzte Lesezeit\" \/>\n\t<meta name=\"twitter:data1\" content=\"2\u00a0Minuten\" \/>\n<script type=\"application\/ld+json\" class=\"yoast-schema-graph\">{\"@context\":\"https:\\\/\\\/schema.org\",\"@graph\":[{\"@type\":\"WebPage\",\"@id\":\"https:\\\/\\\/www.wtz.de\\\/gasmotorenkonferenz\\\/widerrufsbelehrung\\\/\",\"url\":\"https:\\\/\\\/www.wtz.de\\\/gasmotorenkonferenz\\\/widerrufsbelehrung\\\/\",\"name\":\"Widerrufsbelehrung - WTZ Gasmotorenkonferenz\",\"isPartOf\":{\"@id\":\"https:\\\/\\\/www.wtz.de\\\/gasmotorenkonferenz\\\/en\\\/#website\"},\"datePublished\":\"2018-10-02T14:21:36+00:00\",\"dateModified\":\"2019-02-22T08:21:07+00:00\",\"breadcrumb\":{\"@id\":\"https:\\\/\\\/www.wtz.de\\\/gasmotorenkonferenz\\\/widerrufsbelehrung\\\/#breadcrumb\"},\"inLanguage\":\"de\",\"potentialAction\":[{\"@type\":\"ReadAction\",\"target\":[\"https:\\\/\\\/www.wtz.de\\\/gasmotorenkonferenz\\\/widerrufsbelehrung\\\/\"]}]},{\"@type\":\"BreadcrumbList\",\"@id\":\"https:\\\/\\\/www.wtz.de\\\/gasmotorenkonferenz\\\/widerrufsbelehrung\\\/#breadcrumb\",\"itemListElement\":[{\"@type\":\"ListItem\",\"position\":1,\"name\":\"Startseite\",\"item\":\"https:\\\/\\\/www.wtz.de\\\/gasmotorenkonferenz\\\/\"},{\"@type\":\"ListItem\",\"position\":2,\"name\":\"Widerrufsbelehrung\"}]},{\"@type\":\"WebSite\",\"@id\":\"https:\\\/\\\/www.wtz.de\\\/gasmotorenkonferenz\\\/en\\\/#website\",\"url\":\"https:\\\/\\\/www.wtz.de\\\/gasmotorenkonferenz\\\/en\\\/\",\"name\":\"WTZ Gasmotorenkonferenz\",\"description\":\"Innovative Science and Research\",\"potentialAction\":[{\"@type\":\"SearchAction\",\"target\":{\"@type\":\"EntryPoint\",\"urlTemplate\":\"https:\\\/\\\/www.wtz.de\\\/gasmotorenkonferenz\\\/en\\\/?s={search_term_string}\"},\"query-input\":{\"@type\":\"PropertyValueSpecification\",\"valueRequired\":true,\"valueName\":\"search_term_string\"}}],\"inLanguage\":\"de\"}]}<\/script>\n<!-- \/ Yoast SEO plugin. -->","yoast_head_json":{"title":"Widerrufsbelehrung - WTZ Gasmotorenkonferenz","robots":{"index":"index","follow":"follow","max-snippet":"max-snippet:-1","max-image-preview":"max-image-preview:large","max-video-preview":"max-video-preview:-1"},"canonical":"https:\/\/www.wtz.de\/gasmotorenkonferenz\/widerrufsbelehrung\/","og_locale":"de_DE","og_type":"article","og_title":"Widerrufsbelehrung - WTZ Gasmotorenkonferenz","og_description":"[vc_row full_width=&#8220;stretch_row&#8220; el_class=&#8220;wtz-responsive-indent wtz_row_indent_top&#8211;responsive&#8220;][vc_column][vc_column_text el_class=&#8220;wtz_title wtz_head&#8220;] Widerrufsbelehrung [\/vc_column_text][vc_column_text el_class=&#8220;wtz-content&#8220;] Widerrufsbelehrung, Widerrufsformular (1) Widerrufsrecht Sie haben das Recht, binnen zehn Tagen ohne Angabe von Gr\u00fcnden diesen Vertrag zu widerrufen. Die Widerrufsfrist betr\u00e4gt zehn Tage ab dem Tag, an dem Sie oder ein von Ihnen benannter Dritter, der nicht der Bef\u00f6rderer ist, die Waren in Besitz genommen... Artikel ansehen","og_url":"https:\/\/www.wtz.de\/gasmotorenkonferenz\/widerrufsbelehrung\/","og_site_name":"WTZ Gasmotorenkonferenz","article_modified_time":"2019-02-22T08:21:07+00:00","twitter_card":"summary_large_image","twitter_misc":{"Gesch\u00e4tzte Lesezeit":"2\u00a0Minuten"},"schema":{"@context":"https:\/\/schema.org","@graph":[{"@type":"WebPage","@id":"https:\/\/www.wtz.de\/gasmotorenkonferenz\/widerrufsbelehrung\/","url":"https:\/\/www.wtz.de\/gasmotorenkonferenz\/widerrufsbelehrung\/","name":"Widerrufsbelehrung - WTZ Gasmotorenkonferenz","isPartOf":{"@id":"https:\/\/www.wtz.de\/gasmotorenkonferenz\/en\/#website"},"datePublished":"2018-10-02T14:21:36+00:00","dateModified":"2019-02-22T08:21:07+00:00","breadcrumb":{"@id":"https:\/\/www.wtz.de\/gasmotorenkonferenz\/widerrufsbelehrung\/#breadcrumb"},"inLanguage":"de","potentialAction":[{"@type":"ReadAction","target":["https:\/\/www.wtz.de\/gasmotorenkonferenz\/widerrufsbelehrung\/"]}]},{"@type":"BreadcrumbList","@id":"https:\/\/www.wtz.de\/gasmotorenkonferenz\/widerrufsbelehrung\/#breadcrumb","itemListElement":[{"@type":"ListItem","position":1,"name":"Startseite","item":"https:\/\/www.wtz.de\/gasmotorenkonferenz\/"},{"@type":"ListItem","position":2,"name":"Widerrufsbelehrung"}]},{"@type":"WebSite","@id":"https:\/\/www.wtz.de\/gasmotorenkonferenz\/en\/#website","url":"https:\/\/www.wtz.de\/gasmotorenkonferenz\/en\/","name":"WTZ Gasmotorenkonferenz","description":"Innovative Science and Research","potentialAction":[{"@type":"SearchAction","target":{"@type":"EntryPoint","urlTemplate":"https:\/\/www.wtz.de\/gasmotorenkonferenz\/en\/?s={search_term_string}"},"query-input":{"@type":"PropertyValueSpecification","valueRequired":true,"valueName":"search_term_string"}}],"inLanguage":"de"}]}},"acf":[],"featured_image_src":"","featured_image_src_square":false,"rbea_author_info":{"display_name":"wtzredaktion","author_link":"https:\/\/www.wtz.de\/gasmotorenkonferenz\/author\/bode\/"},"rbea_excerpt_info":"[vc_row full_width=&#8220;stretch_row&#8220; el_class=&#8220;wtz-responsive-indent wtz_row_indent_top&#8211;responsive&#8220;][vc_column][vc_column_text el_class=&#8220;wtz_title wtz_head&#8220;] Widerrufsbelehrung [\/vc_column_text][vc_column_text el_class=&#8220;wtz-content&#8220;] Widerrufsbelehrung, Widerrufsformular (1) Widerrufsrecht Sie haben das Recht, binnen zehn Tagen ohne Angabe von Gr\u00fcnden diesen Vertrag zu widerrufen. Die Widerrufsfrist betr\u00e4gt zehn Tage ab dem Tag, an dem Sie oder ein von Ihnen benannter Dritter, der nicht der Bef\u00f6rderer ist, die Waren in Besitz genommen... <a class=\"view-article\" href=\"https:\/\/www.wtz.de\/gasmotorenkonferenz\/widerrufsbelehrung\/\">Artikel ansehen<\/a>","_links":{"self":[{"href":"https:\/\/www.wtz.de\/gasmotorenkonferenz\/wp-json\/wp\/v2\/pages\/401","targetHints":{"allow":["GET"]}}],"collection":[{"href":"https:\/\/www.wtz.de\/gasmotorenkonferenz\/wp-json\/wp\/v2\/pages"}],"about":[{"href":"https:\/\/www.wtz.de\/gasmotorenkonferenz\/wp-json\/wp\/v2\/types\/page"}],"author":[{"embeddable":true,"href":"https:\/\/www.wtz.de\/gasmotorenkonferenz\/wp-json\/wp\/v2\/users\/10"}],"replies":[{"embeddable":true,"href":"https:\/\/www.wtz.de\/gasmotorenkonferenz\/wp-json\/wp\/v2\/comments?post=401"}],"version-history":[{"count":5,"href":"https:\/\/www.wtz.de\/gasmotorenkonferenz\/wp-json\/wp\/v2\/pages\/401\/revisions"}],"predecessor-version":[{"id":2276,"href":"https:\/\/www.wtz.de\/gasmotorenkonferenz\/wp-json\/wp\/v2\/pages\/401\/revisions\/2276"}],"wp:attachment":[{"href":"https:\/\/www.wtz.de\/gasmotorenkonferenz\/wp-json\/wp\/v2\/media?parent=401"}],"curies":[{"name":"wp","href":"https:\/\/api.w.org\/{rel}","templated":true}]}}