{"id":608,"date":"2018-10-10T13:42:56","date_gmt":"2018-10-10T11:42:56","guid":{"rendered":"http:\/\/dieselengine.de\/wtzneu\/gasmotorenkonferenz\/?page_id=608"},"modified":"2026-01-26T09:49:12","modified_gmt":"2026-01-26T08:49:12","slug":"hotel-unterkuenfte","status":"publish","type":"page","link":"https:\/\/www.wtz.de\/gasmotorenkonferenz\/hotel-unterkuenfte\/","title":{"rendered":"Hotels &amp; Unterk\u00fcnfte"},"content":{"rendered":"<div class=\"wpb-content-wrapper\"><p>[vc_row el_class=&#8220;wtz-banner-gradiented&#8220; css=&#8220;.vc_custom_1753118106363{background: #155B25 url(https:\/\/www.wtz.de\/gasmotorenkonferenz\/wp-content\/uploads\/sites\/5\/Foto-CfP-14.-DGMK-scaled.jpg?id=4559) !important;background-position: center !important;background-repeat: no-repeat !important;background-size: cover !important;}&#8220;][vc_column][vc_column_text css=&#8220;&#8220; el_class=&#8220;wtz-banner-text wtz_teaser&#8220;]Hotels &amp; Unterk\u00fcnfte[\/vc_column_text][\/vc_column][\/vc_row][vc_row full_width=&#8220;stretch_row&#8220; el_class=&#8220;wtz-responsive-indent wtz_row_indent_top&#8211;responsive&#8220;][vc_column el_class=&#8220;wtz-responsive-indent-bottom&#8220;][vc_column_text css=&#8220;&#8220; el_class=&#8220;wtz-content&#8220;]<\/p>\n<p style=\"text-align: left;\">Wir bitten Sie, Ihre Hotelbuchung selbst rechtzeitig vorzunehmen.<\/p>\n<p>Mit den angef\u00fchrten Hotels wurden Sonderkonditionen zu erm\u00e4\u00dfigten Preisen vereinbart.<\/p>\n<p><strong>Bitte reservieren Sie Ihr Hotelzimmer so schnell wie m\u00f6glich. <\/strong>[\/vc_column_text][vc_column_text css=&#8220;&#8220; el_class=&#8220;wtz-content&#8220;]<\/p>\n<ul>\n<li>ab sofort &#8211; DORMERO Hotel<\/li>\n<li>ab sofort &#8211; B&amp;B Hotel Dessau<\/li>\n<li>ab sofort &#8211; Radisson Blu F\u00fcrst Leopold Hotel Dessau<\/li>\n<\/ul>\n<p>[\/vc_column_text][\/vc_column][\/vc_row][vc_row gap=&#8220;35&#8243; equal_height=&#8220;yes&#8220;][vc_column width=&#8220;1\/2&#8243; css=&#8220;.vc_custom_1538035671660{background-color: #f1f1f1 !important;}&#8220; el_class=&#8220;wtz-hotel-card&#8220;][vc_column_text css=&#8220;&#8220; el_class=&#8220;wtz_title wtz_head&#8220;]<\/p>\n<h2>Radisson Blu F\u00fcrst Leopold<\/h2>\n<h2>Hotel<\/h2>\n<p>[\/vc_column_text][vc_column_text css=&#8220;&#8220; el_class=&#8220;wtz-content&#8220;]Friedensplatz 30, 06844 Dessau-Ro\u00dflau<\/p>\n<p>Tel.: +49 340 2515-0<\/p>\n<p>E-Mail: <a href=\"javascript:secureDecryptAndNavigate('V0k5tTTAKjuFpo2G6PVH3jbku7Vqx94mXt4qQOyvU4bIwvba9ee6iBQYffCatWEm9NzGiRjrQYjYa9DGlKehQHUQ9MsfxOkQO4yBtZdncovmNg==', '74be859c6f4b44d6bcf33f5e08965d298bddf05df18476256248702bf1afe28d')\">&#105;nfo&#46;&#100;&#101;&#115;&#48;&#50;&#64;&#103;c&#104;&#104;o&#116;e&#108;gr&#111;&#117;&#112;&#46;co&#109;<\/a><br \/>\nEZ \/ single 94,00 \u20ac DZ \/ double 117,00 \u20ac<\/p>\n<p><strong>Bitte reservieren Sie unter dem Stichwort \u201eWTZ260506\u201c bis sp\u00e4testens: 28.02.2026.<\/strong>[\/vc_column_text][vc_empty_space height=&#8220;120px&#8220;][vc_raw_html]JTNDYSUyMGhyZWYlM0QlMjJodHRwcyUzQSUyRiUyRnd3dy5yYWRpc3NvbmJsdS5jb20lMkZob3RlbC1kZXNzYXUlMkYlMjJ0YXJnZXQlM0QlMjJfYmxhbmslMjIlMjBjbGFzcyUzRCUyMnd0ei1idG4lMjIlM0UlM0NzcGFuJTNFU0lFSEUlMjBFSU5aRUxIRUlURU4lM0MlMkZzcGFuJTNFJTNDJTJGYSUzRQ==[\/vc_raw_html][\/vc_column][vc_column width=&#8220;1\/2&#8243;][vc_row_inner][vc_column_inner][vc_empty_space height=&#8220;35px&#8220;][\/vc_column_inner][\/vc_row_inner][vc_column_text css=&#8220;&#8220; el_class=&#8220;wtz_title wtz_head&#8220;]<\/p>\n<h2>DORMERO Hotel<\/h2>\n<p>[\/vc_column_text][vc_empty_space height=&#8220;50px&#8220;][vc_column_text css=&#8220;&#8220; el_class=&#8220;wtz-content&#8220;]Zerbster Str. 29, 06844 Dessau-Ro\u00dflau<\/p>\n<p>Tel.: +49 340 2514-0<\/p>\n<p>E-Mail: <a href=\"javascript:secureDecryptAndNavigate('dW2MkCsnh+N+Buxi7h0GVwKRyCYaZqk2U7ZtnHpqy\/SERAMyjBc+iqzo9ignb7EeKW2dj8sqUlXPKpNNrV4g4AbRP0DFLsxU', '74be859c6f4b44d6bcf33f5e08965d298bddf05df18476256248702bf1afe28d')\">&#100;e&#115;&#115;au&#64;do&#114;&#109;&#101;r&#111;.&#100;&#101;<\/a><\/p>\n<p>Konferenzg\u00e4ste k\u00f6nnen Ihre Zimmer mit einem Rabatt von 20 % auf die Tagesrate buchen.<\/p>\n<p>Nach Auswahl des Hotels und nach Eingabe der Reisedaten f\u00fcgen Sie zus\u00e4tzlich den PROMOCODE <strong>EVENTFLEX <\/strong>im vorgegebenen Feld dazu und die Sonderraten werden dann angezeigt.[\/vc_column_text][vc_raw_html css=&#8220;&#8220;]JTNDYSUyMGhyZWYlM0QlMjJodHRwcyUzQSUyRiUyRnd3dy5kb3JtZXJvLmRlJTJGJTIydGFyZ2V0JTNEJTIyX2JsYW5rJTIyJTIwY2xhc3MlM0QlMjJ3dHotYnRuJTIyJTNFJTNDc3BhbiUzRVNJRUhFJTIwRUlOWkVMSEVJVEVOJTNDJTJGc3BhbiUzRSUzQyUyRmElM0U=[\/vc_raw_html][\/vc_column][\/vc_row][vc_row gap=&#8220;35&#8243; equal_height=&#8220;yes&#8220;][vc_column css=&#8220;.vc_custom_1538035671660{background-color: #f1f1f1 !important;}&#8220; el_class=&#8220;wtz-hotel-card&#8220;][vc_column_text el_class=&#8220;wtz_title wtz_head&#8220;]<\/p>\n<h2>B&amp;B Hotel Dessau<\/h2>\n<p>[\/vc_column_text][vc_column_text css=&#8220;&#8220; el_class=&#8220;wtz-content&#8220;]Schlossplatz 4, 06844 Dessau-Ro\u00dflau<\/p>\n<p>Tel.: +49 340 2549 9290<\/p>\n<p>E-Mail: <a href=\"javascript:secureDecryptAndNavigate('B8xpRuiGIb\/B53UK+gfjuMn5ez74hglitSd9wpwE3WySEm01+dwZ3sOhlnZphIKJ9UZ7lGgZNPmaJZORhao9Iu7flFa9JA6zSg==', '74be859c6f4b44d6bcf33f5e08965d298bddf05df18476256248702bf1afe28d')\">&#100;essau&#64;&#104;o&#116;e&#108;b&#98;.&#99;o&#109;<\/a>[\/vc_column_text][vc_raw_html css=&#8220;&#8220;]JTNDYSUyMGhyZWYlM0QlMjJodHRwcyUzQSUyRiUyRnd3dy5iYmhvdGVscy5jb20lMkYlMjJ0YXJnZXQlM0QlMjJfYmxhbmslMjIlMjBjbGFzcyUzRCUyMnd0ei1idG4lMjIlM0UlM0NzcGFuJTNFU0lFSEUlMjBFSU5aRUxIRUlURU4lM0MlMkZzcGFuJTNFJTNDJTJGYSUzRQ==[\/vc_raw_html][\/vc_column][\/vc_row][vc_row el_class=&#8220;wtz-responsive-hide-mobile&#8220;][vc_column][vc_empty_space height=&#8220;40px&#8220; el_class=&#8220;wtz-responsive-hide-mobile wtz-responsive-empty-20&#8243;][\/vc_column][\/vc_row]<\/p>\n<\/div>","protected":false},"excerpt":{"rendered":"[vc_row el_class=&#8220;wtz-banner-gradiented&#8220; css=&#8220;.vc_custom_1753118106363{background: #155B25 url(https:\/\/www.wtz.de\/gasmotorenkonferenz\/wp-content\/uploads\/sites\/5\/Foto-CfP-14.-DGMK-scaled.jpg?id=4559) !important;background-position: center !important;background-repeat: no-repeat !important;background-size: cover !important;}&#8220;][vc_column][vc_column_text css=&#8220;&#8220; el_class=&#8220;wtz-banner-text wtz_teaser&#8220;]Hotels &amp; Unterk\u00fcnfte[\/vc_column_text][\/vc_column][\/vc_row][vc_row full_width=&#8220;stretch_row&#8220; el_class=&#8220;wtz-responsive-indent wtz_row_indent_top&#8211;responsive&#8220;][vc_column el_class=&#8220;wtz-responsive-indent-bottom&#8220;][vc_column_text css=&#8220;&#8220; el_class=&#8220;wtz-content&#8220;] Wir bitten Sie, Ihre Hotelbuchung selbst rechtzeitig vorzunehmen. Mit den angef\u00fchrten Hotels wurden Sonderkonditionen zu erm\u00e4\u00dfigten Preisen vereinbart. Bitte reservieren Sie Ihr Hotelzimmer so schnell wie m\u00f6glich. [\/vc_column_text][vc_column_text css=&#8220;&#8220; el_class=&#8220;wtz-content&#8220;] ab sofort&#8230; <a class=\"view-article\" href=\"https:\/\/www.wtz.de\/gasmotorenkonferenz\/hotel-unterkuenfte\/\">Artikel ansehen<\/a>","protected":false},"author":10,"featured_media":0,"parent":0,"menu_order":0,"comment_status":"closed","ping_status":"closed","template":"","meta":{"_acf_changed":false,"footnotes":""},"class_list":["post-608","page","type-page","status-publish","hentry"],"yoast_head":"<!-- This site is optimized with the Yoast SEO plugin v27.3 - https:\/\/yoast.com\/product\/yoast-seo-wordpress\/ -->\n<title>Hotels &amp; Unterk\u00fcnfte - WTZ Gasmotorenkonferenz<\/title>\n<meta name=\"robots\" content=\"index, follow, max-snippet:-1, max-image-preview:large, max-video-preview:-1\" \/>\n<link rel=\"canonical\" href=\"https:\/\/www.wtz.de\/gasmotorenkonferenz\/hotel-unterkuenfte\/\" \/>\n<meta property=\"og:locale\" content=\"de_DE\" \/>\n<meta property=\"og:type\" content=\"article\" \/>\n<meta property=\"og:title\" content=\"Hotels &amp; Unterk\u00fcnfte - WTZ Gasmotorenkonferenz\" \/>\n<meta property=\"og:description\" content=\"[vc_row el_class=&#8220;wtz-banner-gradiented&#8220; css=&#8220;.vc_custom_1753118106363{background: #155B25 url(https:\/\/www.wtz.de\/gasmotorenkonferenz\/wp-content\/uploads\/sites\/5\/Foto-CfP-14.-DGMK-scaled.jpg?id=4559) !important;background-position: center !important;background-repeat: no-repeat !important;background-size: cover !important;}&#8220;][vc_column][vc_column_text css=&#8220;&#8220; el_class=&#8220;wtz-banner-text wtz_teaser&#8220;]Hotels &amp; Unterk\u00fcnfte[\/vc_column_text][\/vc_column][\/vc_row][vc_row full_width=&#8220;stretch_row&#8220; el_class=&#8220;wtz-responsive-indent wtz_row_indent_top&#8211;responsive&#8220;][vc_column el_class=&#8220;wtz-responsive-indent-bottom&#8220;][vc_column_text css=&#8220;&#8220; el_class=&#8220;wtz-content&#8220;] Wir bitten Sie, Ihre Hotelbuchung selbst rechtzeitig vorzunehmen. Mit den angef\u00fchrten Hotels wurden Sonderkonditionen zu erm\u00e4\u00dfigten Preisen vereinbart. Bitte reservieren Sie Ihr Hotelzimmer so schnell wie m\u00f6glich. [\/vc_column_text][vc_column_text css=&#8220;&#8220; el_class=&#8220;wtz-content&#8220;] ab sofort... Artikel ansehen\" \/>\n<meta property=\"og:url\" content=\"https:\/\/www.wtz.de\/gasmotorenkonferenz\/hotel-unterkuenfte\/\" \/>\n<meta property=\"og:site_name\" content=\"WTZ Gasmotorenkonferenz\" \/>\n<meta property=\"article:modified_time\" content=\"2026-01-26T08:49:12+00:00\" \/>\n<meta name=\"twitter:card\" content=\"summary_large_image\" \/>\n<meta name=\"twitter:label1\" content=\"Gesch\u00e4tzte Lesezeit\" \/>\n\t<meta name=\"twitter:data1\" content=\"2\u00a0Minuten\" \/>\n<script type=\"application\/ld+json\" class=\"yoast-schema-graph\">{\"@context\":\"https:\\\/\\\/schema.org\",\"@graph\":[{\"@type\":\"WebPage\",\"@id\":\"https:\\\/\\\/www.wtz.de\\\/gasmotorenkonferenz\\\/hotel-unterkuenfte\\\/\",\"url\":\"https:\\\/\\\/www.wtz.de\\\/gasmotorenkonferenz\\\/hotel-unterkuenfte\\\/\",\"name\":\"Hotels &amp; Unterk\u00fcnfte - WTZ Gasmotorenkonferenz\",\"isPartOf\":{\"@id\":\"https:\\\/\\\/www.wtz.de\\\/gasmotorenkonferenz\\\/en\\\/#website\"},\"datePublished\":\"2018-10-10T11:42:56+00:00\",\"dateModified\":\"2026-01-26T08:49:12+00:00\",\"breadcrumb\":{\"@id\":\"https:\\\/\\\/www.wtz.de\\\/gasmotorenkonferenz\\\/hotel-unterkuenfte\\\/#breadcrumb\"},\"inLanguage\":\"de\",\"potentialAction\":[{\"@type\":\"ReadAction\",\"target\":[\"https:\\\/\\\/www.wtz.de\\\/gasmotorenkonferenz\\\/hotel-unterkuenfte\\\/\"]}]},{\"@type\":\"BreadcrumbList\",\"@id\":\"https:\\\/\\\/www.wtz.de\\\/gasmotorenkonferenz\\\/hotel-unterkuenfte\\\/#breadcrumb\",\"itemListElement\":[{\"@type\":\"ListItem\",\"position\":1,\"name\":\"Startseite\",\"item\":\"https:\\\/\\\/www.wtz.de\\\/gasmotorenkonferenz\\\/\"},{\"@type\":\"ListItem\",\"position\":2,\"name\":\"Hotels &amp; Unterk\u00fcnfte\"}]},{\"@type\":\"WebSite\",\"@id\":\"https:\\\/\\\/www.wtz.de\\\/gasmotorenkonferenz\\\/en\\\/#website\",\"url\":\"https:\\\/\\\/www.wtz.de\\\/gasmotorenkonferenz\\\/en\\\/\",\"name\":\"WTZ Gasmotorenkonferenz\",\"description\":\"Innovative Science and Research\",\"potentialAction\":[{\"@type\":\"SearchAction\",\"target\":{\"@type\":\"EntryPoint\",\"urlTemplate\":\"https:\\\/\\\/www.wtz.de\\\/gasmotorenkonferenz\\\/en\\\/?s={search_term_string}\"},\"query-input\":{\"@type\":\"PropertyValueSpecification\",\"valueRequired\":true,\"valueName\":\"search_term_string\"}}],\"inLanguage\":\"de\"}]}<\/script>\n<!-- \/ Yoast SEO plugin. -->","yoast_head_json":{"title":"Hotels &amp; Unterk\u00fcnfte - WTZ Gasmotorenkonferenz","robots":{"index":"index","follow":"follow","max-snippet":"max-snippet:-1","max-image-preview":"max-image-preview:large","max-video-preview":"max-video-preview:-1"},"canonical":"https:\/\/www.wtz.de\/gasmotorenkonferenz\/hotel-unterkuenfte\/","og_locale":"de_DE","og_type":"article","og_title":"Hotels &amp; Unterk\u00fcnfte - WTZ Gasmotorenkonferenz","og_description":"[vc_row el_class=&#8220;wtz-banner-gradiented&#8220; css=&#8220;.vc_custom_1753118106363{background: #155B25 url(https:\/\/www.wtz.de\/gasmotorenkonferenz\/wp-content\/uploads\/sites\/5\/Foto-CfP-14.-DGMK-scaled.jpg?id=4559) !important;background-position: center !important;background-repeat: no-repeat !important;background-size: cover !important;}&#8220;][vc_column][vc_column_text css=&#8220;&#8220; el_class=&#8220;wtz-banner-text wtz_teaser&#8220;]Hotels &amp; Unterk\u00fcnfte[\/vc_column_text][\/vc_column][\/vc_row][vc_row full_width=&#8220;stretch_row&#8220; el_class=&#8220;wtz-responsive-indent wtz_row_indent_top&#8211;responsive&#8220;][vc_column el_class=&#8220;wtz-responsive-indent-bottom&#8220;][vc_column_text css=&#8220;&#8220; el_class=&#8220;wtz-content&#8220;] Wir bitten Sie, Ihre Hotelbuchung selbst rechtzeitig vorzunehmen. Mit den angef\u00fchrten Hotels wurden Sonderkonditionen zu erm\u00e4\u00dfigten Preisen vereinbart. Bitte reservieren Sie Ihr Hotelzimmer so schnell wie m\u00f6glich. [\/vc_column_text][vc_column_text css=&#8220;&#8220; el_class=&#8220;wtz-content&#8220;] ab sofort... Artikel ansehen","og_url":"https:\/\/www.wtz.de\/gasmotorenkonferenz\/hotel-unterkuenfte\/","og_site_name":"WTZ Gasmotorenkonferenz","article_modified_time":"2026-01-26T08:49:12+00:00","twitter_card":"summary_large_image","twitter_misc":{"Gesch\u00e4tzte Lesezeit":"2\u00a0Minuten"},"schema":{"@context":"https:\/\/schema.org","@graph":[{"@type":"WebPage","@id":"https:\/\/www.wtz.de\/gasmotorenkonferenz\/hotel-unterkuenfte\/","url":"https:\/\/www.wtz.de\/gasmotorenkonferenz\/hotel-unterkuenfte\/","name":"Hotels &amp; Unterk\u00fcnfte - WTZ Gasmotorenkonferenz","isPartOf":{"@id":"https:\/\/www.wtz.de\/gasmotorenkonferenz\/en\/#website"},"datePublished":"2018-10-10T11:42:56+00:00","dateModified":"2026-01-26T08:49:12+00:00","breadcrumb":{"@id":"https:\/\/www.wtz.de\/gasmotorenkonferenz\/hotel-unterkuenfte\/#breadcrumb"},"inLanguage":"de","potentialAction":[{"@type":"ReadAction","target":["https:\/\/www.wtz.de\/gasmotorenkonferenz\/hotel-unterkuenfte\/"]}]},{"@type":"BreadcrumbList","@id":"https:\/\/www.wtz.de\/gasmotorenkonferenz\/hotel-unterkuenfte\/#breadcrumb","itemListElement":[{"@type":"ListItem","position":1,"name":"Startseite","item":"https:\/\/www.wtz.de\/gasmotorenkonferenz\/"},{"@type":"ListItem","position":2,"name":"Hotels &amp; Unterk\u00fcnfte"}]},{"@type":"WebSite","@id":"https:\/\/www.wtz.de\/gasmotorenkonferenz\/en\/#website","url":"https:\/\/www.wtz.de\/gasmotorenkonferenz\/en\/","name":"WTZ Gasmotorenkonferenz","description":"Innovative Science and Research","potentialAction":[{"@type":"SearchAction","target":{"@type":"EntryPoint","urlTemplate":"https:\/\/www.wtz.de\/gasmotorenkonferenz\/en\/?s={search_term_string}"},"query-input":{"@type":"PropertyValueSpecification","valueRequired":true,"valueName":"search_term_string"}}],"inLanguage":"de"}]}},"acf":[],"featured_image_src":"","featured_image_src_square":false,"rbea_author_info":{"display_name":"wtzredaktion","author_link":"https:\/\/www.wtz.de\/gasmotorenkonferenz\/author\/bode\/"},"rbea_excerpt_info":"[vc_row el_class=&#8220;wtz-banner-gradiented&#8220; css=&#8220;.vc_custom_1753118106363{background: #155B25 url(https:\/\/www.wtz.de\/gasmotorenkonferenz\/wp-content\/uploads\/sites\/5\/Foto-CfP-14.-DGMK-scaled.jpg?id=4559) !important;background-position: center !important;background-repeat: no-repeat !important;background-size: cover !important;}&#8220;][vc_column][vc_column_text css=&#8220;&#8220; el_class=&#8220;wtz-banner-text wtz_teaser&#8220;]Hotels &amp; Unterk\u00fcnfte[\/vc_column_text][\/vc_column][\/vc_row][vc_row full_width=&#8220;stretch_row&#8220; el_class=&#8220;wtz-responsive-indent wtz_row_indent_top&#8211;responsive&#8220;][vc_column el_class=&#8220;wtz-responsive-indent-bottom&#8220;][vc_column_text css=&#8220;&#8220; el_class=&#8220;wtz-content&#8220;] Wir bitten Sie, Ihre Hotelbuchung selbst rechtzeitig vorzunehmen. Mit den angef\u00fchrten Hotels wurden Sonderkonditionen zu erm\u00e4\u00dfigten Preisen vereinbart. Bitte reservieren Sie Ihr Hotelzimmer so schnell wie m\u00f6glich. [\/vc_column_text][vc_column_text css=&#8220;&#8220; el_class=&#8220;wtz-content&#8220;] ab sofort... <a class=\"view-article\" href=\"https:\/\/www.wtz.de\/gasmotorenkonferenz\/hotel-unterkuenfte\/\">Artikel ansehen<\/a>","_links":{"self":[{"href":"https:\/\/www.wtz.de\/gasmotorenkonferenz\/wp-json\/wp\/v2\/pages\/608","targetHints":{"allow":["GET"]}}],"collection":[{"href":"https:\/\/www.wtz.de\/gasmotorenkonferenz\/wp-json\/wp\/v2\/pages"}],"about":[{"href":"https:\/\/www.wtz.de\/gasmotorenkonferenz\/wp-json\/wp\/v2\/types\/page"}],"author":[{"embeddable":true,"href":"https:\/\/www.wtz.de\/gasmotorenkonferenz\/wp-json\/wp\/v2\/users\/10"}],"replies":[{"embeddable":true,"href":"https:\/\/www.wtz.de\/gasmotorenkonferenz\/wp-json\/wp\/v2\/comments?post=608"}],"version-history":[{"count":64,"href":"https:\/\/www.wtz.de\/gasmotorenkonferenz\/wp-json\/wp\/v2\/pages\/608\/revisions"}],"predecessor-version":[{"id":4896,"href":"https:\/\/www.wtz.de\/gasmotorenkonferenz\/wp-json\/wp\/v2\/pages\/608\/revisions\/4896"}],"wp:attachment":[{"href":"https:\/\/www.wtz.de\/gasmotorenkonferenz\/wp-json\/wp\/v2\/media?parent=608"}],"curies":[{"name":"wp","href":"https:\/\/api.w.org\/{rel}","templated":true}]}}