{"id":5122,"date":"2022-10-28T09:42:22","date_gmt":"2022-10-28T07:42:22","guid":{"rendered":"https:\/\/www.wtz.de\/shop\/?post_type=product&#038;p=5122"},"modified":"2025-01-17T11:12:26","modified_gmt":"2025-01-17T10:12:26","slug":"tagung-einspritzung-kraftstoffe-2025-ausstellungsflaeche","status":"publish","type":"product","link":"https:\/\/www.wtz.de\/shop\/produkt\/tagung-einspritzung-kraftstoffe-2025-ausstellungsflaeche\/","title":{"rendered":"Tagung Einspritzung &amp; Kraftstoffe 2025 Ausstellungsfl\u00e4che"},"content":{"rendered":"<div class=\"wpb-content-wrapper\"><p>[vc_row][vc_column][vc_column_text css=&#8221;&#8221;]<\/p>\n<div class=\"wpb_text_column wpb_content_element wtz-content\">\n<div class=\"wpb_wrapper\">\n<p>Pr\u00e4sentieren Sie Ihr Unternehmen auf der Fachausstellung!<br \/>\nNutzen Sie diesen Branchentreffpunkt zu einem fachkundigen Austausch.<br \/>\nF\u00fcr die 13. Tagung Einspritzung und Kraftstoffe buchen Sie Ihre Ausstellungsfl\u00e4che bitte bis sp\u00e4testens <strong>21. M\u00e4rz 2025<\/strong>. Auf dem Foto sehen Sie die Bereiche und entsprechende Standnummern. Teilen Sie uns bitte in der Informationsbox ( im Bestellvorgang) oder per Mail <a href=\"mailto:konferenz@wtz.de\">konferenz@wtz.de<\/a> Ihre ausgew\u00e4hlte Standnummer mit.<\/p>\n<\/div>\n<p><strong>F\u00fcr die Teilnahme an der Abendveranstaltung buchen Sie bitte die Option &#8220;&#8230;.. + Abendveranstaltung&#8221; dazu.<\/strong><\/p>\n<p>&nbsp;<\/p>\n<p><strong>Bitte beachten Sie: Als Aussteller sind Sie NICHT berechtigt an den Vortr\u00e4gen teilzunehmen. Daf\u00fcr muss ein zus\u00e4tzliches Teilnehmer-Ticket gebucht werden<\/strong><strong>.<\/strong><\/p>\n<p>&nbsp;<\/p>\n<div class=\"wpb_wrapper\">\n<p>F\u00fcr Abstimmungen im Vorfeld und die Buchung weiterer Quadratmeter wenden Sie sich bitte an:<br \/>\n<strong>Frau Saack<\/strong><br \/>\nWTZ Ro\u00dflau gGmbH<br \/>\nTel.: +49 34901 883 201<br \/>\nE-Mail: <a>saack@wtz.de<\/a><\/p>\n<\/div>\n<\/div>\n<p>Weitere Informationen finden Sie auf unserer Tagungs-Website:[\/vc_column_text][vc_column_text]<\/p>\n<div class=\"btn-wrapper\"><a class=\"wtz-button\" href=\"https:\/\/www.wtz.de\/euk-tagung\/\" target=\"_blank\" rel=\"noopener\">Tagung Einspritzung und Kraftstoffe<\/a><\/div>\n<p>[\/vc_column_text][\/vc_column][\/vc_row]<\/p>\n<\/div>","protected":false},"excerpt":{"rendered":"[vc_row][vc_column][vc_column_text css=&#8221;&#8221;] Pr\u00e4sentieren Sie Ihr Unternehmen auf der Fachausstellung! Nutzen Sie diesen Branchentreffpunkt zu einem fachkundigen Austausch. F\u00fcr die 13. Tagung Einspritzung und Kraftstoffe buchen Sie Ihre Ausstellungsfl\u00e4che bitte bis sp\u00e4testens 21. M\u00e4rz 2025. Auf dem Foto sehen Sie die Bereiche und entsprechende Standnummern. Teilen Sie uns bitte in der Informationsbox ( im Bestellvorgang) oder&#8230; <p class=\"view-article-wrap\"><a class=\"view-article\" href=\"https:\/\/www.wtz.de\/shop\/produkt\/tagung-einspritzung-kraftstoffe-2025-ausstellungsflaeche\/\"><span>View Article<\/span><\/a><\/p>","protected":false},"author":197,"featured_media":0,"template":"","meta":{"_acf_changed":false,"_themeisle_gutenberg_block_has_review":false},"product_brand":[],"product_cat":[18],"product_tag":[],"class_list":{"0":"post-5122","1":"product","2":"type-product","3":"status-publish","5":"product_cat-general","7":"first","8":"instock","9":"taxable","10":"shipping-taxable","11":"purchasable","12":"product-type-variable"},"yoast_head":"<!-- This site is optimized with the Yoast SEO plugin v27.3 - https:\/\/yoast.com\/product\/yoast-seo-wordpress\/ -->\n<title>Tagung Einspritzung &amp; Kraftstoffe 2025 Ausstellungsfl\u00e4che - WTZ Shop<\/title>\n<meta name=\"robots\" content=\"index, follow, max-snippet:-1, max-image-preview:large, max-video-preview:-1\" \/>\n<link rel=\"canonical\" href=\"https:\/\/www.wtz.de\/shop\/produkt\/tagung-einspritzung-kraftstoffe-2025-ausstellungsflaeche\/\" \/>\n<meta property=\"og:locale\" content=\"de_DE\" \/>\n<meta property=\"og:type\" content=\"article\" \/>\n<meta property=\"og:title\" content=\"Tagung Einspritzung &amp; Kraftstoffe 2025 Ausstellungsfl\u00e4che - WTZ Shop\" \/>\n<meta property=\"og:description\" content=\"[vc_row][vc_column][vc_column_text css=&#8221;&#8221;] Pr\u00e4sentieren Sie Ihr Unternehmen auf der Fachausstellung! Nutzen Sie diesen Branchentreffpunkt zu einem fachkundigen Austausch. F\u00fcr die 13. Tagung Einspritzung und Kraftstoffe buchen Sie Ihre Ausstellungsfl\u00e4che bitte bis sp\u00e4testens 21. M\u00e4rz 2025. Auf dem Foto sehen Sie die Bereiche und entsprechende Standnummern. Teilen Sie uns bitte in der Informationsbox ( im Bestellvorgang) oder... View Article\" \/>\n<meta property=\"og:url\" content=\"https:\/\/www.wtz.de\/shop\/produkt\/tagung-einspritzung-kraftstoffe-2025-ausstellungsflaeche\/\" \/>\n<meta property=\"og:site_name\" content=\"WTZ Shop\" \/>\n<meta property=\"article:modified_time\" content=\"2025-01-17T10:12:26+00:00\" \/>\n<meta property=\"og:image\" content=\"https:\/\/www.wtz.de\/shop\/wp-content\/uploads\/sites\/6\/2021\/07\/Ausstellplan.jpg\" \/>\n\t<meta property=\"og:image:width\" content=\"1280\" \/>\n\t<meta property=\"og:image:height\" content=\"720\" \/>\n\t<meta property=\"og:image:type\" content=\"image\/jpeg\" \/>\n<meta name=\"twitter:card\" content=\"summary_large_image\" \/>\n<meta name=\"twitter:label1\" content=\"Gesch\u00e4tzte Lesezeit\" \/>\n\t<meta name=\"twitter:data1\" content=\"1\u00a0Minute\" \/>\n<script type=\"application\/ld+json\" class=\"yoast-schema-graph\">{\"@context\":\"https:\\\/\\\/schema.org\",\"@graph\":[{\"@type\":\"WebPage\",\"@id\":\"https:\\\/\\\/www.wtz.de\\\/shop\\\/produkt\\\/tagung-einspritzung-kraftstoffe-2025-ausstellungsflaeche\\\/\",\"url\":\"https:\\\/\\\/www.wtz.de\\\/shop\\\/produkt\\\/tagung-einspritzung-kraftstoffe-2025-ausstellungsflaeche\\\/\",\"name\":\"Tagung Einspritzung &amp; Kraftstoffe 2025 Ausstellungsfl\u00e4che - WTZ Shop\",\"isPartOf\":{\"@id\":\"https:\\\/\\\/www.wtz.de\\\/shop\\\/#website\"},\"datePublished\":\"2022-10-28T07:42:22+00:00\",\"dateModified\":\"2025-01-17T10:12:26+00:00\",\"breadcrumb\":{\"@id\":\"https:\\\/\\\/www.wtz.de\\\/shop\\\/produkt\\\/tagung-einspritzung-kraftstoffe-2025-ausstellungsflaeche\\\/#breadcrumb\"},\"inLanguage\":\"de-DE-formal\",\"potentialAction\":[{\"@type\":\"ReadAction\",\"target\":[\"https:\\\/\\\/www.wtz.de\\\/shop\\\/produkt\\\/tagung-einspritzung-kraftstoffe-2025-ausstellungsflaeche\\\/\"]}]},{\"@type\":\"BreadcrumbList\",\"@id\":\"https:\\\/\\\/www.wtz.de\\\/shop\\\/produkt\\\/tagung-einspritzung-kraftstoffe-2025-ausstellungsflaeche\\\/#breadcrumb\",\"itemListElement\":[{\"@type\":\"ListItem\",\"position\":1,\"name\":\"Startseite\",\"item\":\"https:\\\/\\\/www.wtz.de\\\/shop\\\/\"},{\"@type\":\"ListItem\",\"position\":2,\"name\":\"Tagung Einspritzung &amp; Kraftstoffe 2025 Ausstellungsfl\u00e4che\"}]},{\"@type\":\"WebSite\",\"@id\":\"https:\\\/\\\/www.wtz.de\\\/shop\\\/#website\",\"url\":\"https:\\\/\\\/www.wtz.de\\\/shop\\\/\",\"name\":\"WTZ Shop\",\"description\":\"Innovative Science and Research\",\"publisher\":{\"@id\":\"https:\\\/\\\/www.wtz.de\\\/shop\\\/#organization\"},\"potentialAction\":[{\"@type\":\"SearchAction\",\"target\":{\"@type\":\"EntryPoint\",\"urlTemplate\":\"https:\\\/\\\/www.wtz.de\\\/shop\\\/?s={search_term_string}\"},\"query-input\":{\"@type\":\"PropertyValueSpecification\",\"valueRequired\":true,\"valueName\":\"search_term_string\"}}],\"inLanguage\":\"de-DE-formal\"},{\"@type\":\"Organization\",\"@id\":\"https:\\\/\\\/www.wtz.de\\\/shop\\\/#organization\",\"name\":\"Wissenschaftlich-Technische Zentrum Ro\u00dflau\",\"url\":\"https:\\\/\\\/www.wtz.de\\\/shop\\\/\",\"logo\":{\"@type\":\"ImageObject\",\"inLanguage\":\"de-DE-formal\",\"@id\":\"https:\\\/\\\/www.wtz.de\\\/shop\\\/#\\\/schema\\\/logo\\\/image\\\/\",\"url\":\"https:\\\/\\\/www.wtz.de\\\/shop\\\/wp-content\\\/uploads\\\/sites\\\/6\\\/2021\\\/07\\\/WTZ-Logo-512px.png\",\"contentUrl\":\"https:\\\/\\\/www.wtz.de\\\/shop\\\/wp-content\\\/uploads\\\/sites\\\/6\\\/2021\\\/07\\\/WTZ-Logo-512px.png\",\"width\":512,\"height\":512,\"caption\":\"Wissenschaftlich-Technische Zentrum Ro\u00dflau\"},\"image\":{\"@id\":\"https:\\\/\\\/www.wtz.de\\\/shop\\\/#\\\/schema\\\/logo\\\/image\\\/\"}}]}<\/script>\n<!-- \/ Yoast SEO plugin. -->","yoast_head_json":{"title":"Tagung Einspritzung &amp; Kraftstoffe 2025 Ausstellungsfl\u00e4che - WTZ Shop","robots":{"index":"index","follow":"follow","max-snippet":"max-snippet:-1","max-image-preview":"max-image-preview:large","max-video-preview":"max-video-preview:-1"},"canonical":"https:\/\/www.wtz.de\/shop\/produkt\/tagung-einspritzung-kraftstoffe-2025-ausstellungsflaeche\/","og_locale":"de_DE","og_type":"article","og_title":"Tagung Einspritzung &amp; Kraftstoffe 2025 Ausstellungsfl\u00e4che - WTZ Shop","og_description":"[vc_row][vc_column][vc_column_text css=&#8221;&#8221;] Pr\u00e4sentieren Sie Ihr Unternehmen auf der Fachausstellung! Nutzen Sie diesen Branchentreffpunkt zu einem fachkundigen Austausch. F\u00fcr die 13. Tagung Einspritzung und Kraftstoffe buchen Sie Ihre Ausstellungsfl\u00e4che bitte bis sp\u00e4testens 21. M\u00e4rz 2025. Auf dem Foto sehen Sie die Bereiche und entsprechende Standnummern. Teilen Sie uns bitte in der Informationsbox ( im Bestellvorgang) oder... View Article","og_url":"https:\/\/www.wtz.de\/shop\/produkt\/tagung-einspritzung-kraftstoffe-2025-ausstellungsflaeche\/","og_site_name":"WTZ Shop","article_modified_time":"2025-01-17T10:12:26+00:00","og_image":[{"width":1280,"height":720,"url":"https:\/\/www.wtz.de\/shop\/wp-content\/uploads\/sites\/6\/2021\/07\/Ausstellplan.jpg","type":"image\/jpeg"}],"twitter_card":"summary_large_image","twitter_misc":{"Gesch\u00e4tzte Lesezeit":"1\u00a0Minute"},"schema":{"@context":"https:\/\/schema.org","@graph":[{"@type":"WebPage","@id":"https:\/\/www.wtz.de\/shop\/produkt\/tagung-einspritzung-kraftstoffe-2025-ausstellungsflaeche\/","url":"https:\/\/www.wtz.de\/shop\/produkt\/tagung-einspritzung-kraftstoffe-2025-ausstellungsflaeche\/","name":"Tagung Einspritzung &amp; Kraftstoffe 2025 Ausstellungsfl\u00e4che - WTZ Shop","isPartOf":{"@id":"https:\/\/www.wtz.de\/shop\/#website"},"datePublished":"2022-10-28T07:42:22+00:00","dateModified":"2025-01-17T10:12:26+00:00","breadcrumb":{"@id":"https:\/\/www.wtz.de\/shop\/produkt\/tagung-einspritzung-kraftstoffe-2025-ausstellungsflaeche\/#breadcrumb"},"inLanguage":"de-DE-formal","potentialAction":[{"@type":"ReadAction","target":["https:\/\/www.wtz.de\/shop\/produkt\/tagung-einspritzung-kraftstoffe-2025-ausstellungsflaeche\/"]}]},{"@type":"BreadcrumbList","@id":"https:\/\/www.wtz.de\/shop\/produkt\/tagung-einspritzung-kraftstoffe-2025-ausstellungsflaeche\/#breadcrumb","itemListElement":[{"@type":"ListItem","position":1,"name":"Startseite","item":"https:\/\/www.wtz.de\/shop\/"},{"@type":"ListItem","position":2,"name":"Tagung Einspritzung &amp; Kraftstoffe 2025 Ausstellungsfl\u00e4che"}]},{"@type":"WebSite","@id":"https:\/\/www.wtz.de\/shop\/#website","url":"https:\/\/www.wtz.de\/shop\/","name":"WTZ Shop","description":"Innovative Science and Research","publisher":{"@id":"https:\/\/www.wtz.de\/shop\/#organization"},"potentialAction":[{"@type":"SearchAction","target":{"@type":"EntryPoint","urlTemplate":"https:\/\/www.wtz.de\/shop\/?s={search_term_string}"},"query-input":{"@type":"PropertyValueSpecification","valueRequired":true,"valueName":"search_term_string"}}],"inLanguage":"de-DE-formal"},{"@type":"Organization","@id":"https:\/\/www.wtz.de\/shop\/#organization","name":"Wissenschaftlich-Technische Zentrum Ro\u00dflau","url":"https:\/\/www.wtz.de\/shop\/","logo":{"@type":"ImageObject","inLanguage":"de-DE-formal","@id":"https:\/\/www.wtz.de\/shop\/#\/schema\/logo\/image\/","url":"https:\/\/www.wtz.de\/shop\/wp-content\/uploads\/sites\/6\/2021\/07\/WTZ-Logo-512px.png","contentUrl":"https:\/\/www.wtz.de\/shop\/wp-content\/uploads\/sites\/6\/2021\/07\/WTZ-Logo-512px.png","width":512,"height":512,"caption":"Wissenschaftlich-Technische Zentrum Ro\u00dflau"},"image":{"@id":"https:\/\/www.wtz.de\/shop\/#\/schema\/logo\/image\/"}}]}},"acf":[],"_links":{"self":[{"href":"https:\/\/www.wtz.de\/shop\/wp-json\/wp\/v2\/product\/5122","targetHints":{"allow":["GET"]}}],"collection":[{"href":"https:\/\/www.wtz.de\/shop\/wp-json\/wp\/v2\/product"}],"about":[{"href":"https:\/\/www.wtz.de\/shop\/wp-json\/wp\/v2\/types\/product"}],"author":[{"embeddable":true,"href":"https:\/\/www.wtz.de\/shop\/wp-json\/wp\/v2\/users\/197"}],"wp:attachment":[{"href":"https:\/\/www.wtz.de\/shop\/wp-json\/wp\/v2\/media?parent=5122"}],"wp:term":[{"taxonomy":"product_brand","embeddable":true,"href":"https:\/\/www.wtz.de\/shop\/wp-json\/wp\/v2\/product_brand?post=5122"},{"taxonomy":"product_cat","embeddable":true,"href":"https:\/\/www.wtz.de\/shop\/wp-json\/wp\/v2\/product_cat?post=5122"},{"taxonomy":"product_tag","embeddable":true,"href":"https:\/\/www.wtz.de\/shop\/wp-json\/wp\/v2\/product_tag?post=5122"}],"curies":[{"name":"wp","href":"https:\/\/api.w.org\/{rel}","templated":true}]}}