{"id":6501,"date":"2025-01-20T15:16:05","date_gmt":"2025-01-20T14:16:05","guid":{"rendered":"https:\/\/www.wtz.de\/shop\/?post_type=product&#038;p=6501"},"modified":"2025-02-05T12:18:04","modified_gmt":"2025-02-05T11:18:04","slug":"tagung-einspritzung-kraftstoffe-2025-zusaetzliches-personal-fuer-den-messestand-2","status":"publish","type":"product","link":"https:\/\/www.wtz.de\/shop\/produkt\/tagung-einspritzung-kraftstoffe-2025-zusaetzliches-personal-fuer-den-messestand-2\/","title":{"rendered":"Einspritzung und Kraftstoffe 2025 zus\u00e4tzliches Personal f\u00fcr den Messestand"},"content":{"rendered":"<div class=\"wpb-content-wrapper\"><p>[vc_row][vc_column][vc_column_text]<\/p>\n<div class=\"wpb_text_column wpb_content_element wtz-content\">\n<div class=\"wpb_wrapper\">\n<p>Dieses Ticket ist nur in Verbindung mit einem Ausstellerticket erh\u00e4ltlich.<\/p>\n<p><strong>WICHTIG! Mit diesem Ticket ist das zus\u00e4tzliche Messepersonal NICHT berechtigt an den Vortr\u00e4gen teil zu nehmen. Ist die Teilnahme gew\u00fcnscht, bitten wir darum, ein Teilnehmer-Ticket zu buchen. <\/strong><\/p>\n<\/div>\n<\/div>\n<p>[\/vc_column_text][vc_column_text]<\/p>\n<div class=\"btn-wrapper\"><a class=\"wtz-button\" href=\"https:\/\/www.wtz.de\/euk-tagung\/\" target=\"_blank\" rel=\"noopener\">Tagung Einspritzung und Kraftstoffe 2025<\/a><\/div>\n<p>[\/vc_column_text][\/vc_column][\/vc_row]<\/p>\n<\/div>","protected":false},"excerpt":{"rendered":"[vc_row][vc_column][vc_column_text] Dieses Ticket ist nur in Verbindung mit einem Ausstellerticket erh\u00e4ltlich. WICHTIG! Mit diesem Ticket ist das zus\u00e4tzliche Messepersonal NICHT berechtigt an den Vortr\u00e4gen teil zu nehmen. Ist die Teilnahme gew\u00fcnscht, bitten wir darum, ein Teilnehmer-Ticket zu buchen. [\/vc_column_text][vc_column_text] Tagung Einspritzung und Kraftstoffe 2025 [\/vc_column_text][\/vc_column][\/vc_row]","protected":false},"author":198,"featured_media":2858,"template":"","meta":{"_acf_changed":false,"_themeisle_gutenberg_block_has_review":false},"product_brand":[],"product_cat":[18],"product_tag":[],"class_list":{"0":"post-6501","1":"product","2":"type-product","3":"status-publish","4":"has-post-thumbnail","6":"product_cat-general","8":"first","9":"instock","10":"taxable","11":"shipping-taxable","12":"purchasable","13":"product-type-variable"},"yoast_head":"<!-- This site is optimized with the Yoast SEO plugin v27.3 - https:\/\/yoast.com\/product\/yoast-seo-wordpress\/ -->\n<title>Einspritzung und Kraftstoffe 2025 zus\u00e4tzliches Personal f\u00fcr den Messestand - WTZ Shop<\/title>\n<meta name=\"robots\" content=\"index, follow, max-snippet:-1, max-image-preview:large, max-video-preview:-1\" \/>\n<link rel=\"canonical\" href=\"https:\/\/www.wtz.de\/shop\/produkt\/tagung-einspritzung-kraftstoffe-2025-zusaetzliches-personal-fuer-den-messestand-2\/\" \/>\n<meta property=\"og:locale\" content=\"de_DE\" \/>\n<meta property=\"og:type\" content=\"article\" \/>\n<meta property=\"og:title\" content=\"Einspritzung und Kraftstoffe 2025 zus\u00e4tzliches Personal f\u00fcr den Messestand - WTZ Shop\" \/>\n<meta property=\"og:description\" content=\"[vc_row][vc_column][vc_column_text] Dieses Ticket ist nur in Verbindung mit einem Ausstellerticket erh\u00e4ltlich. WICHTIG! Mit diesem Ticket ist das zus\u00e4tzliche Messepersonal NICHT berechtigt an den Vortr\u00e4gen teil zu nehmen. Ist die Teilnahme gew\u00fcnscht, bitten wir darum, ein Teilnehmer-Ticket zu buchen. [\/vc_column_text][vc_column_text] Tagung Einspritzung und Kraftstoffe 2025 [\/vc_column_text][\/vc_column][\/vc_row]\" \/>\n<meta property=\"og:url\" content=\"https:\/\/www.wtz.de\/shop\/produkt\/tagung-einspritzung-kraftstoffe-2025-zusaetzliches-personal-fuer-den-messestand-2\/\" \/>\n<meta property=\"og:site_name\" content=\"WTZ Shop\" \/>\n<meta property=\"article:modified_time\" content=\"2025-02-05T11:18:04+00:00\" \/>\n<meta property=\"og:image\" content=\"https:\/\/www.wtz.de\/shop\/wp-content\/uploads\/sites\/6\/2019\/05\/Spannender-Vortrag-zu-H2.jpg\" \/>\n\t<meta property=\"og:image:width\" content=\"800\" \/>\n\t<meta property=\"og:image:height\" content=\"534\" \/>\n\t<meta property=\"og:image:type\" content=\"image\/jpeg\" \/>\n<meta name=\"twitter:card\" content=\"summary_large_image\" \/>\n<meta name=\"twitter:label1\" content=\"Gesch\u00e4tzte Lesezeit\" \/>\n\t<meta name=\"twitter:data1\" content=\"1\u00a0Minute\" \/>\n<script type=\"application\/ld+json\" class=\"yoast-schema-graph\">{\"@context\":\"https:\\\/\\\/schema.org\",\"@graph\":[{\"@type\":\"WebPage\",\"@id\":\"https:\\\/\\\/www.wtz.de\\\/shop\\\/produkt\\\/tagung-einspritzung-kraftstoffe-2025-zusaetzliches-personal-fuer-den-messestand-2\\\/\",\"url\":\"https:\\\/\\\/www.wtz.de\\\/shop\\\/produkt\\\/tagung-einspritzung-kraftstoffe-2025-zusaetzliches-personal-fuer-den-messestand-2\\\/\",\"name\":\"Einspritzung und Kraftstoffe 2025 zus\u00e4tzliches Personal f\u00fcr den Messestand - WTZ Shop\",\"isPartOf\":{\"@id\":\"https:\\\/\\\/www.wtz.de\\\/shop\\\/#website\"},\"primaryImageOfPage\":{\"@id\":\"https:\\\/\\\/www.wtz.de\\\/shop\\\/produkt\\\/tagung-einspritzung-kraftstoffe-2025-zusaetzliches-personal-fuer-den-messestand-2\\\/#primaryimage\"},\"image\":{\"@id\":\"https:\\\/\\\/www.wtz.de\\\/shop\\\/produkt\\\/tagung-einspritzung-kraftstoffe-2025-zusaetzliches-personal-fuer-den-messestand-2\\\/#primaryimage\"},\"thumbnailUrl\":\"https:\\\/\\\/www.wtz.de\\\/shop\\\/wp-content\\\/uploads\\\/sites\\\/6\\\/2019\\\/05\\\/Spannender-Vortrag-zu-H2.jpg\",\"datePublished\":\"2025-01-20T14:16:05+00:00\",\"dateModified\":\"2025-02-05T11:18:04+00:00\",\"breadcrumb\":{\"@id\":\"https:\\\/\\\/www.wtz.de\\\/shop\\\/produkt\\\/tagung-einspritzung-kraftstoffe-2025-zusaetzliches-personal-fuer-den-messestand-2\\\/#breadcrumb\"},\"inLanguage\":\"de-DE-formal\",\"potentialAction\":[{\"@type\":\"ReadAction\",\"target\":[\"https:\\\/\\\/www.wtz.de\\\/shop\\\/produkt\\\/tagung-einspritzung-kraftstoffe-2025-zusaetzliches-personal-fuer-den-messestand-2\\\/\"]}]},{\"@type\":\"ImageObject\",\"inLanguage\":\"de-DE-formal\",\"@id\":\"https:\\\/\\\/www.wtz.de\\\/shop\\\/produkt\\\/tagung-einspritzung-kraftstoffe-2025-zusaetzliches-personal-fuer-den-messestand-2\\\/#primaryimage\",\"url\":\"https:\\\/\\\/www.wtz.de\\\/shop\\\/wp-content\\\/uploads\\\/sites\\\/6\\\/2019\\\/05\\\/Spannender-Vortrag-zu-H2.jpg\",\"contentUrl\":\"https:\\\/\\\/www.wtz.de\\\/shop\\\/wp-content\\\/uploads\\\/sites\\\/6\\\/2019\\\/05\\\/Spannender-Vortrag-zu-H2.jpg\",\"width\":800,\"height\":534},{\"@type\":\"BreadcrumbList\",\"@id\":\"https:\\\/\\\/www.wtz.de\\\/shop\\\/produkt\\\/tagung-einspritzung-kraftstoffe-2025-zusaetzliches-personal-fuer-den-messestand-2\\\/#breadcrumb\",\"itemListElement\":[{\"@type\":\"ListItem\",\"position\":1,\"name\":\"Startseite\",\"item\":\"https:\\\/\\\/www.wtz.de\\\/shop\\\/\"},{\"@type\":\"ListItem\",\"position\":2,\"name\":\"Einspritzung und Kraftstoffe 2025 zus\u00e4tzliches Personal f\u00fcr den Messestand\"}]},{\"@type\":\"WebSite\",\"@id\":\"https:\\\/\\\/www.wtz.de\\\/shop\\\/#website\",\"url\":\"https:\\\/\\\/www.wtz.de\\\/shop\\\/\",\"name\":\"WTZ Shop\",\"description\":\"Innovative Science and Research\",\"publisher\":{\"@id\":\"https:\\\/\\\/www.wtz.de\\\/shop\\\/#organization\"},\"potentialAction\":[{\"@type\":\"SearchAction\",\"target\":{\"@type\":\"EntryPoint\",\"urlTemplate\":\"https:\\\/\\\/www.wtz.de\\\/shop\\\/?s={search_term_string}\"},\"query-input\":{\"@type\":\"PropertyValueSpecification\",\"valueRequired\":true,\"valueName\":\"search_term_string\"}}],\"inLanguage\":\"de-DE-formal\"},{\"@type\":\"Organization\",\"@id\":\"https:\\\/\\\/www.wtz.de\\\/shop\\\/#organization\",\"name\":\"Wissenschaftlich-Technische Zentrum Ro\u00dflau\",\"url\":\"https:\\\/\\\/www.wtz.de\\\/shop\\\/\",\"logo\":{\"@type\":\"ImageObject\",\"inLanguage\":\"de-DE-formal\",\"@id\":\"https:\\\/\\\/www.wtz.de\\\/shop\\\/#\\\/schema\\\/logo\\\/image\\\/\",\"url\":\"https:\\\/\\\/www.wtz.de\\\/shop\\\/wp-content\\\/uploads\\\/sites\\\/6\\\/2021\\\/07\\\/WTZ-Logo-512px.png\",\"contentUrl\":\"https:\\\/\\\/www.wtz.de\\\/shop\\\/wp-content\\\/uploads\\\/sites\\\/6\\\/2021\\\/07\\\/WTZ-Logo-512px.png\",\"width\":512,\"height\":512,\"caption\":\"Wissenschaftlich-Technische Zentrum Ro\u00dflau\"},\"image\":{\"@id\":\"https:\\\/\\\/www.wtz.de\\\/shop\\\/#\\\/schema\\\/logo\\\/image\\\/\"}}]}<\/script>\n<!-- \/ Yoast SEO plugin. -->","yoast_head_json":{"title":"Einspritzung und Kraftstoffe 2025 zus\u00e4tzliches Personal f\u00fcr den Messestand - WTZ Shop","robots":{"index":"index","follow":"follow","max-snippet":"max-snippet:-1","max-image-preview":"max-image-preview:large","max-video-preview":"max-video-preview:-1"},"canonical":"https:\/\/www.wtz.de\/shop\/produkt\/tagung-einspritzung-kraftstoffe-2025-zusaetzliches-personal-fuer-den-messestand-2\/","og_locale":"de_DE","og_type":"article","og_title":"Einspritzung und Kraftstoffe 2025 zus\u00e4tzliches Personal f\u00fcr den Messestand - WTZ Shop","og_description":"[vc_row][vc_column][vc_column_text] Dieses Ticket ist nur in Verbindung mit einem Ausstellerticket erh\u00e4ltlich. WICHTIG! Mit diesem Ticket ist das zus\u00e4tzliche Messepersonal NICHT berechtigt an den Vortr\u00e4gen teil zu nehmen. Ist die Teilnahme gew\u00fcnscht, bitten wir darum, ein Teilnehmer-Ticket zu buchen. [\/vc_column_text][vc_column_text] Tagung Einspritzung und Kraftstoffe 2025 [\/vc_column_text][\/vc_column][\/vc_row]","og_url":"https:\/\/www.wtz.de\/shop\/produkt\/tagung-einspritzung-kraftstoffe-2025-zusaetzliches-personal-fuer-den-messestand-2\/","og_site_name":"WTZ Shop","article_modified_time":"2025-02-05T11:18:04+00:00","og_image":[{"width":800,"height":534,"url":"https:\/\/www.wtz.de\/shop\/wp-content\/uploads\/sites\/6\/2019\/05\/Spannender-Vortrag-zu-H2.jpg","type":"image\/jpeg"}],"twitter_card":"summary_large_image","twitter_misc":{"Gesch\u00e4tzte Lesezeit":"1\u00a0Minute"},"schema":{"@context":"https:\/\/schema.org","@graph":[{"@type":"WebPage","@id":"https:\/\/www.wtz.de\/shop\/produkt\/tagung-einspritzung-kraftstoffe-2025-zusaetzliches-personal-fuer-den-messestand-2\/","url":"https:\/\/www.wtz.de\/shop\/produkt\/tagung-einspritzung-kraftstoffe-2025-zusaetzliches-personal-fuer-den-messestand-2\/","name":"Einspritzung und Kraftstoffe 2025 zus\u00e4tzliches Personal f\u00fcr den Messestand - WTZ Shop","isPartOf":{"@id":"https:\/\/www.wtz.de\/shop\/#website"},"primaryImageOfPage":{"@id":"https:\/\/www.wtz.de\/shop\/produkt\/tagung-einspritzung-kraftstoffe-2025-zusaetzliches-personal-fuer-den-messestand-2\/#primaryimage"},"image":{"@id":"https:\/\/www.wtz.de\/shop\/produkt\/tagung-einspritzung-kraftstoffe-2025-zusaetzliches-personal-fuer-den-messestand-2\/#primaryimage"},"thumbnailUrl":"https:\/\/www.wtz.de\/shop\/wp-content\/uploads\/sites\/6\/2019\/05\/Spannender-Vortrag-zu-H2.jpg","datePublished":"2025-01-20T14:16:05+00:00","dateModified":"2025-02-05T11:18:04+00:00","breadcrumb":{"@id":"https:\/\/www.wtz.de\/shop\/produkt\/tagung-einspritzung-kraftstoffe-2025-zusaetzliches-personal-fuer-den-messestand-2\/#breadcrumb"},"inLanguage":"de-DE-formal","potentialAction":[{"@type":"ReadAction","target":["https:\/\/www.wtz.de\/shop\/produkt\/tagung-einspritzung-kraftstoffe-2025-zusaetzliches-personal-fuer-den-messestand-2\/"]}]},{"@type":"ImageObject","inLanguage":"de-DE-formal","@id":"https:\/\/www.wtz.de\/shop\/produkt\/tagung-einspritzung-kraftstoffe-2025-zusaetzliches-personal-fuer-den-messestand-2\/#primaryimage","url":"https:\/\/www.wtz.de\/shop\/wp-content\/uploads\/sites\/6\/2019\/05\/Spannender-Vortrag-zu-H2.jpg","contentUrl":"https:\/\/www.wtz.de\/shop\/wp-content\/uploads\/sites\/6\/2019\/05\/Spannender-Vortrag-zu-H2.jpg","width":800,"height":534},{"@type":"BreadcrumbList","@id":"https:\/\/www.wtz.de\/shop\/produkt\/tagung-einspritzung-kraftstoffe-2025-zusaetzliches-personal-fuer-den-messestand-2\/#breadcrumb","itemListElement":[{"@type":"ListItem","position":1,"name":"Startseite","item":"https:\/\/www.wtz.de\/shop\/"},{"@type":"ListItem","position":2,"name":"Einspritzung und Kraftstoffe 2025 zus\u00e4tzliches Personal f\u00fcr den Messestand"}]},{"@type":"WebSite","@id":"https:\/\/www.wtz.de\/shop\/#website","url":"https:\/\/www.wtz.de\/shop\/","name":"WTZ Shop","description":"Innovative Science and Research","publisher":{"@id":"https:\/\/www.wtz.de\/shop\/#organization"},"potentialAction":[{"@type":"SearchAction","target":{"@type":"EntryPoint","urlTemplate":"https:\/\/www.wtz.de\/shop\/?s={search_term_string}"},"query-input":{"@type":"PropertyValueSpecification","valueRequired":true,"valueName":"search_term_string"}}],"inLanguage":"de-DE-formal"},{"@type":"Organization","@id":"https:\/\/www.wtz.de\/shop\/#organization","name":"Wissenschaftlich-Technische Zentrum Ro\u00dflau","url":"https:\/\/www.wtz.de\/shop\/","logo":{"@type":"ImageObject","inLanguage":"de-DE-formal","@id":"https:\/\/www.wtz.de\/shop\/#\/schema\/logo\/image\/","url":"https:\/\/www.wtz.de\/shop\/wp-content\/uploads\/sites\/6\/2021\/07\/WTZ-Logo-512px.png","contentUrl":"https:\/\/www.wtz.de\/shop\/wp-content\/uploads\/sites\/6\/2021\/07\/WTZ-Logo-512px.png","width":512,"height":512,"caption":"Wissenschaftlich-Technische Zentrum Ro\u00dflau"},"image":{"@id":"https:\/\/www.wtz.de\/shop\/#\/schema\/logo\/image\/"}}]}},"acf":[],"_links":{"self":[{"href":"https:\/\/www.wtz.de\/shop\/wp-json\/wp\/v2\/product\/6501","targetHints":{"allow":["GET"]}}],"collection":[{"href":"https:\/\/www.wtz.de\/shop\/wp-json\/wp\/v2\/product"}],"about":[{"href":"https:\/\/www.wtz.de\/shop\/wp-json\/wp\/v2\/types\/product"}],"author":[{"embeddable":true,"href":"https:\/\/www.wtz.de\/shop\/wp-json\/wp\/v2\/users\/198"}],"wp:featuredmedia":[{"embeddable":true,"href":"https:\/\/www.wtz.de\/shop\/wp-json\/wp\/v2\/media\/2858"}],"wp:attachment":[{"href":"https:\/\/www.wtz.de\/shop\/wp-json\/wp\/v2\/media?parent=6501"}],"wp:term":[{"taxonomy":"product_brand","embeddable":true,"href":"https:\/\/www.wtz.de\/shop\/wp-json\/wp\/v2\/product_brand?post=6501"},{"taxonomy":"product_cat","embeddable":true,"href":"https:\/\/www.wtz.de\/shop\/wp-json\/wp\/v2\/product_cat?post=6501"},{"taxonomy":"product_tag","embeddable":true,"href":"https:\/\/www.wtz.de\/shop\/wp-json\/wp\/v2\/product_tag?post=6501"}],"curies":[{"name":"wp","href":"https:\/\/api.w.org\/{rel}","templated":true}]}}