{"id":6892,"date":"2025-08-29T09:56:54","date_gmt":"2025-08-29T07:56:54","guid":{"rendered":"https:\/\/www.wtz.de\/shop\/?post_type=product&#038;p=6892"},"modified":"2026-04-14T12:08:30","modified_gmt":"2026-04-14T10:08:30","slug":"gasmotoren-konferenz-2026-ticket","status":"publish","type":"product","link":"https:\/\/www.wtz.de\/shop\/produkt\/gasmotoren-konferenz-2026-ticket\/","title":{"rendered":"Gasmotoren-Konferenz 2026 Ticket"},"content":{"rendered":"<div class=\"wpb-content-wrapper\"><p>[vc_row][vc_column][vc_column_text css=&#8221;&#8221;]Die 14. Dessauer Gasmotoren-Konferenz behandelt die Themen welche Rolle hocheffiziente Gasmotoren f\u00fcr den Umbau unserer zuk\u00fcnftigen Energienetze spielen werden und welche Herausforderungen auf diese Technologie zukommen. Heute produzierte Gasmotoren laufen die kommenden Jahre bis Jahrzehnte beim Endkunden. Entwicklungsprogramme f\u00fcr neue Motoren und Motorenfamilien, die heute starten, m\u00fcssen bereits die Bed\u00fcrfnisse ab 2030 bis 2050 ber\u00fccksichtigen. Zusammengefasst wollen wir mit dieser Tagung dazu beitragen, die Frage \u201eWie schaffen wir die CO<sub>2<\/sub>-Ziele?\u201c zu beantworten.<\/p>\n<p><strong>Informationen zum Get Together:<\/strong><\/p>\n<p>Wann:\u00a0\u00a0\u00a0\u00a0\u00a0 Dienstag, 05. Mai 2026, ab 19:00 Uhr<\/p>\n<p>Wo:\u00a0\u00a0\u00a0\u00a0\u00a0\u00a0\u00a0\u00a0\u00a0\u00a0 Radisson Blu F\u00fcrst Leopold Hotel Dessau, Foyer<\/p>\n<p>&nbsp;<\/p>\n<p>Weitere Informationen finden Sie auf unserer Tagungs-Website:[\/vc_column_text][vc_column_text]<\/p>\n<div class=\"btn-wrapper\"><a class=\"wtz-button\" href=\"https:\/\/www.wtz.de\/gasmotorenkonferenz\/\" target=\"_blank\" rel=\"noopener\">Gasmotoren-Konferenz 2026<\/a><\/div>\n<p>[\/vc_column_text][\/vc_column][\/vc_row]<\/p>\n<\/div>","protected":false},"excerpt":{"rendered":"[vc_row][vc_column][vc_column_text css=&#8221;&#8221;]Die 14. Dessauer Gasmotoren-Konferenz behandelt die Themen welche Rolle hocheffiziente Gasmotoren f\u00fcr den Umbau unserer zuk\u00fcnftigen Energienetze spielen werden und welche Herausforderungen auf diese Technologie zukommen. Heute produzierte Gasmotoren laufen die kommenden Jahre bis Jahrzehnte beim Endkunden. Entwicklungsprogramme f\u00fcr neue Motoren und Motorenfamilien, die heute starten, m\u00fcssen bereits die Bed\u00fcrfnisse ab 2030 bis 2050&#8230; <p class=\"view-article-wrap\"><a class=\"view-article\" href=\"https:\/\/www.wtz.de\/shop\/produkt\/gasmotoren-konferenz-2026-ticket\/\"><span>View Article<\/span><\/a><\/p>","protected":false},"author":198,"featured_media":2858,"template":"","meta":{"_acf_changed":false,"_themeisle_gutenberg_block_has_review":false},"product_brand":[],"product_cat":[162],"product_tag":[],"class_list":{"0":"post-6892","1":"product","2":"type-product","3":"status-publish","4":"has-post-thumbnail","6":"product_cat-eintrittskarte","8":"first","9":"instock","10":"taxable","11":"shipping-taxable","12":"purchasable","13":"product-type-variable","14":"has-default-attributes"},"yoast_head":"<!-- This site is optimized with the Yoast SEO plugin v27.3 - https:\/\/yoast.com\/product\/yoast-seo-wordpress\/ -->\n<title>Gasmotoren-Konferenz 2026 Ticket - WTZ Shop<\/title>\n<meta name=\"robots\" content=\"index, follow, max-snippet:-1, max-image-preview:large, max-video-preview:-1\" \/>\n<link rel=\"canonical\" href=\"https:\/\/www.wtz.de\/shop\/produkt\/gasmotoren-konferenz-2026-ticket\/\" \/>\n<meta property=\"og:locale\" content=\"de_DE\" \/>\n<meta property=\"og:type\" content=\"article\" \/>\n<meta property=\"og:title\" content=\"Gasmotoren-Konferenz 2026 Ticket - WTZ Shop\" \/>\n<meta property=\"og:description\" content=\"[vc_row][vc_column][vc_column_text css=&#8221;&#8221;]Die 14. Dessauer Gasmotoren-Konferenz behandelt die Themen welche Rolle hocheffiziente Gasmotoren f\u00fcr den Umbau unserer zuk\u00fcnftigen Energienetze spielen werden und welche Herausforderungen auf diese Technologie zukommen. Heute produzierte Gasmotoren laufen die kommenden Jahre bis Jahrzehnte beim Endkunden. Entwicklungsprogramme f\u00fcr neue Motoren und Motorenfamilien, die heute starten, m\u00fcssen bereits die Bed\u00fcrfnisse ab 2030 bis 2050... View Article\" \/>\n<meta property=\"og:url\" content=\"https:\/\/www.wtz.de\/shop\/produkt\/gasmotoren-konferenz-2026-ticket\/\" \/>\n<meta property=\"og:site_name\" content=\"WTZ Shop\" \/>\n<meta property=\"article:modified_time\" content=\"2026-04-14T10:08:30+00:00\" \/>\n<meta property=\"og:image\" content=\"https:\/\/www.wtz.de\/shop\/wp-content\/uploads\/sites\/6\/2019\/05\/Spannender-Vortrag-zu-H2.jpg\" \/>\n\t<meta property=\"og:image:width\" content=\"800\" \/>\n\t<meta property=\"og:image:height\" content=\"534\" \/>\n\t<meta property=\"og:image:type\" content=\"image\/jpeg\" \/>\n<meta name=\"twitter:card\" content=\"summary_large_image\" \/>\n<meta name=\"twitter:label1\" content=\"Gesch\u00e4tzte Lesezeit\" \/>\n\t<meta name=\"twitter:data1\" content=\"1\u00a0Minute\" \/>\n<script type=\"application\/ld+json\" class=\"yoast-schema-graph\">{\"@context\":\"https:\\\/\\\/schema.org\",\"@graph\":[{\"@type\":\"WebPage\",\"@id\":\"https:\\\/\\\/www.wtz.de\\\/shop\\\/produkt\\\/gasmotoren-konferenz-2026-ticket\\\/\",\"url\":\"https:\\\/\\\/www.wtz.de\\\/shop\\\/produkt\\\/gasmotoren-konferenz-2026-ticket\\\/\",\"name\":\"Gasmotoren-Konferenz 2026 Ticket - WTZ Shop\",\"isPartOf\":{\"@id\":\"https:\\\/\\\/www.wtz.de\\\/shop\\\/#website\"},\"primaryImageOfPage\":{\"@id\":\"https:\\\/\\\/www.wtz.de\\\/shop\\\/produkt\\\/gasmotoren-konferenz-2026-ticket\\\/#primaryimage\"},\"image\":{\"@id\":\"https:\\\/\\\/www.wtz.de\\\/shop\\\/produkt\\\/gasmotoren-konferenz-2026-ticket\\\/#primaryimage\"},\"thumbnailUrl\":\"https:\\\/\\\/www.wtz.de\\\/shop\\\/wp-content\\\/uploads\\\/sites\\\/6\\\/2019\\\/05\\\/Spannender-Vortrag-zu-H2.jpg\",\"datePublished\":\"2025-08-29T07:56:54+00:00\",\"dateModified\":\"2026-04-14T10:08:30+00:00\",\"breadcrumb\":{\"@id\":\"https:\\\/\\\/www.wtz.de\\\/shop\\\/produkt\\\/gasmotoren-konferenz-2026-ticket\\\/#breadcrumb\"},\"inLanguage\":\"de-DE-formal\",\"potentialAction\":[{\"@type\":\"ReadAction\",\"target\":[\"https:\\\/\\\/www.wtz.de\\\/shop\\\/produkt\\\/gasmotoren-konferenz-2026-ticket\\\/\"]}]},{\"@type\":\"ImageObject\",\"inLanguage\":\"de-DE-formal\",\"@id\":\"https:\\\/\\\/www.wtz.de\\\/shop\\\/produkt\\\/gasmotoren-konferenz-2026-ticket\\\/#primaryimage\",\"url\":\"https:\\\/\\\/www.wtz.de\\\/shop\\\/wp-content\\\/uploads\\\/sites\\\/6\\\/2019\\\/05\\\/Spannender-Vortrag-zu-H2.jpg\",\"contentUrl\":\"https:\\\/\\\/www.wtz.de\\\/shop\\\/wp-content\\\/uploads\\\/sites\\\/6\\\/2019\\\/05\\\/Spannender-Vortrag-zu-H2.jpg\",\"width\":800,\"height\":534},{\"@type\":\"BreadcrumbList\",\"@id\":\"https:\\\/\\\/www.wtz.de\\\/shop\\\/produkt\\\/gasmotoren-konferenz-2026-ticket\\\/#breadcrumb\",\"itemListElement\":[{\"@type\":\"ListItem\",\"position\":1,\"name\":\"Startseite\",\"item\":\"https:\\\/\\\/www.wtz.de\\\/shop\\\/\"},{\"@type\":\"ListItem\",\"position\":2,\"name\":\"Gasmotoren-Konferenz 2026 Ticket\"}]},{\"@type\":\"WebSite\",\"@id\":\"https:\\\/\\\/www.wtz.de\\\/shop\\\/#website\",\"url\":\"https:\\\/\\\/www.wtz.de\\\/shop\\\/\",\"name\":\"WTZ Shop\",\"description\":\"Innovative Science and Research\",\"publisher\":{\"@id\":\"https:\\\/\\\/www.wtz.de\\\/shop\\\/#organization\"},\"potentialAction\":[{\"@type\":\"SearchAction\",\"target\":{\"@type\":\"EntryPoint\",\"urlTemplate\":\"https:\\\/\\\/www.wtz.de\\\/shop\\\/?s={search_term_string}\"},\"query-input\":{\"@type\":\"PropertyValueSpecification\",\"valueRequired\":true,\"valueName\":\"search_term_string\"}}],\"inLanguage\":\"de-DE-formal\"},{\"@type\":\"Organization\",\"@id\":\"https:\\\/\\\/www.wtz.de\\\/shop\\\/#organization\",\"name\":\"Wissenschaftlich-Technische Zentrum Ro\u00dflau\",\"url\":\"https:\\\/\\\/www.wtz.de\\\/shop\\\/\",\"logo\":{\"@type\":\"ImageObject\",\"inLanguage\":\"de-DE-formal\",\"@id\":\"https:\\\/\\\/www.wtz.de\\\/shop\\\/#\\\/schema\\\/logo\\\/image\\\/\",\"url\":\"https:\\\/\\\/www.wtz.de\\\/shop\\\/wp-content\\\/uploads\\\/sites\\\/6\\\/2021\\\/07\\\/WTZ-Logo-512px.png\",\"contentUrl\":\"https:\\\/\\\/www.wtz.de\\\/shop\\\/wp-content\\\/uploads\\\/sites\\\/6\\\/2021\\\/07\\\/WTZ-Logo-512px.png\",\"width\":512,\"height\":512,\"caption\":\"Wissenschaftlich-Technische Zentrum Ro\u00dflau\"},\"image\":{\"@id\":\"https:\\\/\\\/www.wtz.de\\\/shop\\\/#\\\/schema\\\/logo\\\/image\\\/\"}}]}<\/script>\n<!-- \/ Yoast SEO plugin. -->","yoast_head_json":{"title":"Gasmotoren-Konferenz 2026 Ticket - WTZ Shop","robots":{"index":"index","follow":"follow","max-snippet":"max-snippet:-1","max-image-preview":"max-image-preview:large","max-video-preview":"max-video-preview:-1"},"canonical":"https:\/\/www.wtz.de\/shop\/produkt\/gasmotoren-konferenz-2026-ticket\/","og_locale":"de_DE","og_type":"article","og_title":"Gasmotoren-Konferenz 2026 Ticket - WTZ Shop","og_description":"[vc_row][vc_column][vc_column_text css=&#8221;&#8221;]Die 14. Dessauer Gasmotoren-Konferenz behandelt die Themen welche Rolle hocheffiziente Gasmotoren f\u00fcr den Umbau unserer zuk\u00fcnftigen Energienetze spielen werden und welche Herausforderungen auf diese Technologie zukommen. Heute produzierte Gasmotoren laufen die kommenden Jahre bis Jahrzehnte beim Endkunden. Entwicklungsprogramme f\u00fcr neue Motoren und Motorenfamilien, die heute starten, m\u00fcssen bereits die Bed\u00fcrfnisse ab 2030 bis 2050... View Article","og_url":"https:\/\/www.wtz.de\/shop\/produkt\/gasmotoren-konferenz-2026-ticket\/","og_site_name":"WTZ Shop","article_modified_time":"2026-04-14T10:08:30+00:00","og_image":[{"width":800,"height":534,"url":"https:\/\/www.wtz.de\/shop\/wp-content\/uploads\/sites\/6\/2019\/05\/Spannender-Vortrag-zu-H2.jpg","type":"image\/jpeg"}],"twitter_card":"summary_large_image","twitter_misc":{"Gesch\u00e4tzte Lesezeit":"1\u00a0Minute"},"schema":{"@context":"https:\/\/schema.org","@graph":[{"@type":"WebPage","@id":"https:\/\/www.wtz.de\/shop\/produkt\/gasmotoren-konferenz-2026-ticket\/","url":"https:\/\/www.wtz.de\/shop\/produkt\/gasmotoren-konferenz-2026-ticket\/","name":"Gasmotoren-Konferenz 2026 Ticket - WTZ Shop","isPartOf":{"@id":"https:\/\/www.wtz.de\/shop\/#website"},"primaryImageOfPage":{"@id":"https:\/\/www.wtz.de\/shop\/produkt\/gasmotoren-konferenz-2026-ticket\/#primaryimage"},"image":{"@id":"https:\/\/www.wtz.de\/shop\/produkt\/gasmotoren-konferenz-2026-ticket\/#primaryimage"},"thumbnailUrl":"https:\/\/www.wtz.de\/shop\/wp-content\/uploads\/sites\/6\/2019\/05\/Spannender-Vortrag-zu-H2.jpg","datePublished":"2025-08-29T07:56:54+00:00","dateModified":"2026-04-14T10:08:30+00:00","breadcrumb":{"@id":"https:\/\/www.wtz.de\/shop\/produkt\/gasmotoren-konferenz-2026-ticket\/#breadcrumb"},"inLanguage":"de-DE-formal","potentialAction":[{"@type":"ReadAction","target":["https:\/\/www.wtz.de\/shop\/produkt\/gasmotoren-konferenz-2026-ticket\/"]}]},{"@type":"ImageObject","inLanguage":"de-DE-formal","@id":"https:\/\/www.wtz.de\/shop\/produkt\/gasmotoren-konferenz-2026-ticket\/#primaryimage","url":"https:\/\/www.wtz.de\/shop\/wp-content\/uploads\/sites\/6\/2019\/05\/Spannender-Vortrag-zu-H2.jpg","contentUrl":"https:\/\/www.wtz.de\/shop\/wp-content\/uploads\/sites\/6\/2019\/05\/Spannender-Vortrag-zu-H2.jpg","width":800,"height":534},{"@type":"BreadcrumbList","@id":"https:\/\/www.wtz.de\/shop\/produkt\/gasmotoren-konferenz-2026-ticket\/#breadcrumb","itemListElement":[{"@type":"ListItem","position":1,"name":"Startseite","item":"https:\/\/www.wtz.de\/shop\/"},{"@type":"ListItem","position":2,"name":"Gasmotoren-Konferenz 2026 Ticket"}]},{"@type":"WebSite","@id":"https:\/\/www.wtz.de\/shop\/#website","url":"https:\/\/www.wtz.de\/shop\/","name":"WTZ Shop","description":"Innovative Science and Research","publisher":{"@id":"https:\/\/www.wtz.de\/shop\/#organization"},"potentialAction":[{"@type":"SearchAction","target":{"@type":"EntryPoint","urlTemplate":"https:\/\/www.wtz.de\/shop\/?s={search_term_string}"},"query-input":{"@type":"PropertyValueSpecification","valueRequired":true,"valueName":"search_term_string"}}],"inLanguage":"de-DE-formal"},{"@type":"Organization","@id":"https:\/\/www.wtz.de\/shop\/#organization","name":"Wissenschaftlich-Technische Zentrum Ro\u00dflau","url":"https:\/\/www.wtz.de\/shop\/","logo":{"@type":"ImageObject","inLanguage":"de-DE-formal","@id":"https:\/\/www.wtz.de\/shop\/#\/schema\/logo\/image\/","url":"https:\/\/www.wtz.de\/shop\/wp-content\/uploads\/sites\/6\/2021\/07\/WTZ-Logo-512px.png","contentUrl":"https:\/\/www.wtz.de\/shop\/wp-content\/uploads\/sites\/6\/2021\/07\/WTZ-Logo-512px.png","width":512,"height":512,"caption":"Wissenschaftlich-Technische Zentrum Ro\u00dflau"},"image":{"@id":"https:\/\/www.wtz.de\/shop\/#\/schema\/logo\/image\/"}}]}},"acf":[],"_links":{"self":[{"href":"https:\/\/www.wtz.de\/shop\/wp-json\/wp\/v2\/product\/6892","targetHints":{"allow":["GET"]}}],"collection":[{"href":"https:\/\/www.wtz.de\/shop\/wp-json\/wp\/v2\/product"}],"about":[{"href":"https:\/\/www.wtz.de\/shop\/wp-json\/wp\/v2\/types\/product"}],"author":[{"embeddable":true,"href":"https:\/\/www.wtz.de\/shop\/wp-json\/wp\/v2\/users\/198"}],"wp:featuredmedia":[{"embeddable":true,"href":"https:\/\/www.wtz.de\/shop\/wp-json\/wp\/v2\/media\/2858"}],"wp:attachment":[{"href":"https:\/\/www.wtz.de\/shop\/wp-json\/wp\/v2\/media?parent=6892"}],"wp:term":[{"taxonomy":"product_brand","embeddable":true,"href":"https:\/\/www.wtz.de\/shop\/wp-json\/wp\/v2\/product_brand?post=6892"},{"taxonomy":"product_cat","embeddable":true,"href":"https:\/\/www.wtz.de\/shop\/wp-json\/wp\/v2\/product_cat?post=6892"},{"taxonomy":"product_tag","embeddable":true,"href":"https:\/\/www.wtz.de\/shop\/wp-json\/wp\/v2\/product_tag?post=6892"}],"curies":[{"name":"wp","href":"https:\/\/api.w.org\/{rel}","templated":true}]}}